{"id":104957,"date":"2025-09-30T21:50:19","date_gmt":"2025-10-01T01:50:19","guid":{"rendered":"https:\/\/mendomedical.ca\/?post_type=product&#038;p=104957"},"modified":"2026-04-11T18:58:44","modified_gmt":"2026-04-11T22:58:44","slug":"g-wagon","status":"publish","type":"product","link":"https:\/\/mendomedical.ca\/fr\/produit\/g-wagon\/","title":{"rendered":"G-Wagon"},"content":{"rendered":"","protected":false},"excerpt":{"rendered":"<div class=\"ExternalClass0F852B59D31247F898E5CD39E814336E\">\n<h3>G-Wagon par Victoria Cannabis Company<\/h3>\n<h3>Terp\u00e8nes totaux : 2,51%.<\/h3>\n<p>Faites l&rsquo;exp\u00e9rience du savoir-faire exceptionnel de G-Wagon, un hybride de qualit\u00e9 sup\u00e9rieure \u00e0 tendance indica de Victoria Cannabis Company. Cette vari\u00e9t\u00e9 remarquable repr\u00e9sente un croisement magistral entre Georgia Pie et Zwish, d\u00e9velopp\u00e9 par Umami Seeds. Avec son profil savoureux distinctif et sa puissance impressionnante d\u00e9passant souvent les 30% de THC, G-Wagon offre une exp\u00e9rience de cannabis vraiment unique. Les grappes de fleurs argent\u00e9es, trapues et semblables \u00e0 des bo\u00eetes, pr\u00e9sentent une forte production de r\u00e9sine et une teneur totale en terp\u00e8nes extraordinaire de 2,51 %, ce qui en fait un ajout remarquable \u00e0 toute collection de cannabis.   <\/p>\n<h4>Caract\u00e9ristiques principales<\/h4>\n<ul>\n<li>Hybride de qualit\u00e9 sup\u00e9rieure \u00e0 tendance indica avec une teneur en THC de plus de 30%.<\/li>\n<li>Profil terp\u00e9nique total exceptionnel de 2,51% domin\u00e9 par le limon\u00e8ne.<\/li>\n<li>Saveur savoureuse unique rappelant les chips de ma\u00efs au citron vert et la LIme<\/li>\n<li>Fleurs r\u00e9sineuses lourdes avec un aspect argent\u00e9 frappant<\/li>\n<li>Premier produit de VCC pr\u00e9sentant ce profil aromatique distinctif.<\/li>\n<\/ul>\n<h4>Profil aromatique et gustatif<\/h4>\n<p>G-Wagon offre une exp\u00e9rience sensorielle remarquablement unique avec ses caract\u00e9ristiques cr\u00e9meuses, gazeuses et sucr\u00e9es. L&rsquo;ar\u00f4me pr\u00e9sente une combinaison inattendue de chips de ma\u00efs au citron vert avec des nuances de gaz pourri, cr\u00e9ant une exp\u00e9rience de cannabis vraiment savoureuse. Le profil de saveur \u00e9quilibre les notes sucr\u00e9es et sal\u00e9es, ce qui en fait un choix distinctif pour ceux qui recherchent quelque chose qui va au-del\u00e0 des profils traditionnels du cannabis. Le terp\u00e8ne dominant, le limon\u00e8ne, contribue aux nuances d&rsquo;agrumes tout en maintenant le caract\u00e8re complexe de la vari\u00e9t\u00e9.   <\/p>\n<h4>Pourquoi choisir All Flower<\/h4>\n<p>Les produits \u00e0 base de fleurs enti\u00e8res comme G-Wagon offrent aux utilisateurs m\u00e9dicaux le spectre complet des cannabino\u00efdes et des terp\u00e8nes \u00e0 l&rsquo;\u00e9tat naturel. Ce format permet un contr\u00f4le pr\u00e9cis du dosage et des m\u00e9thodes de consommation polyvalentes pour r\u00e9pondre aux besoins th\u00e9rapeutiques individuels. <\/p>\n<h4>Exp\u00e9dition dans tout le Canada<\/h4>\n<p>G-Wagon livre rapidement \u00e0 travers le Canada avec une livraison gratuite pour les commandes de plus de 150 $. Nous nous assurons que vos produits de cannabis de qualit\u00e9 sup\u00e9rieure arrivent en toute s\u00e9curit\u00e9 et discr\u00e8tement \u00e0 votre porte, en maintenant la qualit\u00e9 tout au long du processus de livraison. <\/p>\n<h4>Avantages et couverture pour les anciens combattants<\/h4>\n<p>G-Wagon est admissible \u00e0 la couverture d&rsquo;ACC (Anciens Combattants Canada) avec facturation directe par l&rsquo;entremise de la Croix Bleue, ce qui signifie que les anciens combattants admissibles n&rsquo;ont pas \u00e0 d\u00e9bourser d&rsquo;argent. Si vous n&rsquo;avez pas encore d&rsquo;ordonnance de cannabis m\u00e9dical, vous pouvez <a href=\"https:\/\/mendomedical.ca\/fr\/carte-medicale\/\">obtenir votre carte m\u00e9dicale gratuite rapidement et facilement<\/a> pour acc\u00e9der aux avantages de la couverture. <\/p>\n<\/div>\n","protected":false},"featured_media":104959,"comment_status":"closed","ping_status":"closed","template":"","meta":{"_acf_changed":false,"site-sidebar-layout":"default","site-content-layout":"","ast-site-content-layout":"default","site-content-style":"default","site-sidebar-style":"default","ast-global-header-display":"","ast-banner-title-visibility":"","ast-main-header-display":"","ast-hfb-above-header-display":"","ast-hfb-below-header-display":"","ast-hfb-mobile-header-display":"","site-post-title":"","ast-breadcrumbs-content":"","ast-featured-img":"","footer-sml-layout":"","ast-disable-related-posts":"","theme-transparent-header-meta":"default","adv-header-id-meta":"","stick-header-meta":"","header-above-stick-meta":"","header-main-stick-meta":"","header-below-stick-meta":"","astra-migrate-meta-layouts":"set","ast-page-background-enabled":"default","ast-page-background-meta":{"desktop":{"background-color":"var(--ast-global-color-4)","background-image":"","background-repeat":"repeat","background-position":"center center","background-size":"auto","background-attachment":"scroll","background-type":"","background-media":"","overlay-type":"","overlay-color":"","overlay-opacity":"","overlay-gradient":""},"tablet":{"background-color":"","background-image":"","background-repeat":"repeat","background-position":"center center","background-size":"auto","background-attachment":"scroll","background-type":"","background-media":"","overlay-type":"","overlay-color":"","overlay-opacity":"","overlay-gradient":""},"mobile":{"background-color":"","background-image":"","background-repeat":"repeat","background-position":"center center","background-size":"auto","background-attachment":"scroll","background-type":"","background-media":"","overlay-type":"","overlay-color":"","overlay-opacity":"","overlay-gradient":""}},"ast-content-background-meta":{"desktop":{"background-color":"var(--ast-global-color-5)","background-image":"","background-repeat":"repeat","background-position":"center center","background-size":"auto","background-attachment":"scroll","background-type":"","background-media":"","overlay-type":"","overlay-color":"","overlay-opacity":"","overlay-gradient":""},"tablet":{"background-color":"var(--ast-global-color-5)","background-image":"","background-repeat":"repeat","background-position":"center center","background-size":"auto","background-attachment":"scroll","background-type":"","background-media":"","overlay-type":"","overlay-color":"","overlay-opacity":"","overlay-gradient":""},"mobile":{"background-color":"var(--ast-global-color-5)","background-image":"","background-repeat":"repeat","background-position":"center center","background-size":"auto","background-attachment":"scroll","background-type":"","background-media":"","overlay-type":"","overlay-color":"","overlay-opacity":"","overlay-gradient":""}}},"product_brand":[],"product_cat":[1137],"product_tag":[2544],"product_format_filter":[6373],"class_list":{"0":"post-104957","1":"product","2":"type-product","3":"status-publish","4":"has-post-thumbnail","6":"product_cat-fleur","7":"product_tag-victoria-cannabis-company-fr","8":"pa_flavours-cremeux","9":"pa_flavours-gaz","10":"pa_flavours-doux","11":"pa_intensity-thc-eleve","12":"pa_marques-victoria-cannabis-company-fr","13":"pa_origin-colombie-britannique-fr","14":"pa_packaging-date-12-4-2025","15":"pa_prix-par-gramme-8-57","16":"pa_profil-terpene-caryophyllene","17":"pa_profil-terpene-linalol-fr","18":"pa_profil-terpene-nerolidol","19":"pa_type-de-plante-hybride-indica-fr","20":"product_format_filter-7g","21":"desktop-align-left","22":"tablet-align-left","23":"mobile-align-left","25":"first","26":"instock","27":"taxable","28":"shipping-taxable","29":"purchasable","30":"product-type-simple"},"group_of_quantity":0,"min_quantity":0,"max_quantity":"","exclude_order_quantity_value_rules":"no","exclude_category_quantity_rules":"no","combine_variations":"no","acf":[],"_links":{"self":[{"href":"https:\/\/mendomedical.ca\/fr\/wp-json\/wp\/v2\/product\/104957","targetHints":{"allow":["GET"]}}],"collection":[{"href":"https:\/\/mendomedical.ca\/fr\/wp-json\/wp\/v2\/product"}],"about":[{"href":"https:\/\/mendomedical.ca\/fr\/wp-json\/wp\/v2\/types\/product"}],"replies":[{"embeddable":true,"href":"https:\/\/mendomedical.ca\/fr\/wp-json\/wp\/v2\/comments?post=104957"}],"wp:featuredmedia":[{"embeddable":true,"href":"https:\/\/mendomedical.ca\/fr\/wp-json\/wp\/v2\/media\/104959"}],"wp:attachment":[{"href":"https:\/\/mendomedical.ca\/fr\/wp-json\/wp\/v2\/media?parent=104957"}],"wp:term":[{"taxonomy":"product_brand","embeddable":true,"href":"https:\/\/mendomedical.ca\/fr\/wp-json\/wp\/v2\/product_brand?post=104957"},{"taxonomy":"product_cat","embeddable":true,"href":"https:\/\/mendomedical.ca\/fr\/wp-json\/wp\/v2\/product_cat?post=104957"},{"taxonomy":"product_tag","embeddable":true,"href":"https:\/\/mendomedical.ca\/fr\/wp-json\/wp\/v2\/product_tag?post=104957"},{"taxonomy":"product_format_filter","embeddable":true,"href":"https:\/\/mendomedical.ca\/fr\/wp-json\/wp\/v2\/product_format_filter?post=104957"}],"curies":[{"name":"wp","href":"https:\/\/api.w.org\/{rel}","templated":true}]}}