{"id":104888,"date":"2024-08-02T02:45:16","date_gmt":"2024-08-02T06:45:16","guid":{"rendered":"https:\/\/mendomedical.ca\/?post_type=product&#038;p=104888"},"modified":"2026-03-17T16:31:47","modified_gmt":"2026-03-17T20:31:47","slug":"pure-cbg-isolate","status":"publish","type":"product","link":"https:\/\/mendomedical.ca\/fr\/produit\/pure-cbg-isolate\/","title":{"rendered":"Isolat de CBG pur"},"content":{"rendered":"","protected":false},"excerpt":{"rendered":"<div class=\"ExternalClass8E58550C66E840D684D7E3219F03D21A\">\n<h3>Isolat CBG pur - Growtown<\/h3>\n<p>D\u00e9couvrez la polyvalence et la puret\u00e9 du Pure CBG Isolate de Growtown, un concentr\u00e9 de cannabino\u00efdes de premi\u00e8re qualit\u00e9 qui contient environ 998 mg de CBG par gramme. Cette poudre cristalline offre une flexibilit\u00e9 in\u00e9gal\u00e9e dans les m\u00e9thodes de consommation, de l&rsquo;administration sublinguale \u00e0 l&rsquo;application topique. Gr\u00e2ce \u00e0 des processus d&rsquo;extraction avanc\u00e9s qui \u00e9liminent tous les autres compos\u00e9s, y compris le THC, cet isolat offre une exp\u00e9rience CBG pure sous forme de poudre facile \u00e0 utiliser qui s&rsquo;int\u00e8gre parfaitement \u00e0 votre routine de bien-\u00eatre.  <\/p>\n<h4>Caract\u00e9ristiques principales<\/h4>\n<ul>\n<li>Formule ultra-pure contenant environ 998 mg de CBG par gramme<\/li>\n<li>Options de consommation polyvalentes : sublingual, Dabs, m\u00e9lange avec des aliments\/boissons ou application topique.<\/li>\n<li>Poudre cristalline sans THC, broy\u00e9e pour une utilisation pratique<\/li>\n<li>Compatible avec les stylos \u00e0 vape, les dab rigs et les pr\u00e9parations topiques DIY.<\/li>\n<li>Id\u00e9al pour un dosage pr\u00e9cis et des exp\u00e9riences cannabiques personnalis\u00e9es<\/li>\n<\/ul>\n<h4>Pourquoi choisir les poudres d&rsquo;isolat<\/h4>\n<p>Les poudres d&rsquo;isolat offrent aux utilisateurs m\u00e9dicaux un contr\u00f4le pr\u00e9cis sur leur consommation de cannabino\u00efdes, avec une puissance constante et des m\u00e9thodes d&rsquo;application polyvalentes. La forme pure et concentr\u00e9e peut contribuer \u00e0 la r\u00e9alisation de divers objectifs de bien-\u00eatre tout en permettant aux utilisateurs de personnaliser leur exp\u00e9rience en fonction de leurs besoins et de leurs pr\u00e9f\u00e9rences. <\/p>\n<h4>Exp\u00e9dition dans tout le Canada<\/h4>\n<p>Pure CBG Isolate est exp\u00e9di\u00e9 rapidement \u00e0 travers le Canada, avec une livraison gratuite pour les commandes de plus de 150 $. Notre traitement efficace garantit que vos produits cannabino\u00efdes de qualit\u00e9 sup\u00e9rieure arrivent rapidement et discr\u00e8tement \u00e0 votre porte. <\/p>\n<h4>Avantages et couverture pour les anciens combattants<\/h4>\n<p>Pure CBG Isolate est admissible \u00e0 la couverture d&rsquo;ACC (Anciens Combattants Canada) avec facturation directe par l&rsquo;entremise de la Croix Bleue, ce qui signifie que les anciens combattants admissibles n&rsquo;ont pas \u00e0 d\u00e9bourser d&rsquo;argent. Si vous n&rsquo;avez pas encore de carte m\u00e9dicale, <a href=\"https:\/\/mendomedical.ca\/fr\/carte-medicale\/\">obtenez rapidement et facilement votre carte m\u00e9dicale gratuite<\/a> pour acc\u00e9der \u00e0 ces avantages. <\/p>\n<\/div>\n","protected":false},"featured_media":104886,"comment_status":"closed","ping_status":"closed","template":"","meta":{"_acf_changed":false,"site-sidebar-layout":"default","site-content-layout":"","ast-site-content-layout":"default","site-content-style":"default","site-sidebar-style":"default","ast-global-header-display":"","ast-banner-title-visibility":"","ast-main-header-display":"","ast-hfb-above-header-display":"","ast-hfb-below-header-display":"","ast-hfb-mobile-header-display":"","site-post-title":"","ast-breadcrumbs-content":"","ast-featured-img":"","footer-sml-layout":"","ast-disable-related-posts":"","theme-transparent-header-meta":"default","adv-header-id-meta":"","stick-header-meta":"","header-above-stick-meta":"","header-main-stick-meta":"","header-below-stick-meta":"","astra-migrate-meta-layouts":"set","ast-page-background-enabled":"default","ast-page-background-meta":{"desktop":{"background-color":"var(--ast-global-color-4)","background-image":"","background-repeat":"repeat","background-position":"center center","background-size":"auto","background-attachment":"scroll","background-type":"","background-media":"","overlay-type":"","overlay-color":"","overlay-opacity":"","overlay-gradient":""},"tablet":{"background-color":"","background-image":"","background-repeat":"repeat","background-position":"center center","background-size":"auto","background-attachment":"scroll","background-type":"","background-media":"","overlay-type":"","overlay-color":"","overlay-opacity":"","overlay-gradient":""},"mobile":{"background-color":"","background-image":"","background-repeat":"repeat","background-position":"center center","background-size":"auto","background-attachment":"scroll","background-type":"","background-media":"","overlay-type":"","overlay-color":"","overlay-opacity":"","overlay-gradient":""}},"ast-content-background-meta":{"desktop":{"background-color":"var(--ast-global-color-5)","background-image":"","background-repeat":"repeat","background-position":"center center","background-size":"auto","background-attachment":"scroll","background-type":"","background-media":"","overlay-type":"","overlay-color":"","overlay-opacity":"","overlay-gradient":""},"tablet":{"background-color":"var(--ast-global-color-5)","background-image":"","background-repeat":"repeat","background-position":"center center","background-size":"auto","background-attachment":"scroll","background-type":"","background-media":"","overlay-type":"","overlay-color":"","overlay-opacity":"","overlay-gradient":""},"mobile":{"background-color":"var(--ast-global-color-5)","background-image":"","background-repeat":"repeat","background-position":"center center","background-size":"auto","background-attachment":"scroll","background-type":"","background-media":"","overlay-type":"","overlay-color":"","overlay-opacity":"","overlay-gradient":""}}},"product_brand":[],"product_cat":[1123,1118],"product_tag":[2509],"product_format_filter":[],"class_list":{"0":"post-104888","1":"product","2":"type-product","3":"status-publish","4":"has-post-thumbnail","6":"product_cat-poudres-disolate","7":"product_cat-concentres","8":"product_tag-growtown-fr","9":"pa_cbg-95-99-fr","10":"pa_format-1g-2-fr","11":"pa_marques-growtown-fr","12":"pa_origin-ontario-fr","13":"desktop-align-left","14":"tablet-align-left","15":"mobile-align-left","17":"first","18":"instock","19":"taxable","20":"shipping-taxable","21":"purchasable","22":"product-type-simple"},"group_of_quantity":0,"min_quantity":0,"max_quantity":"","exclude_order_quantity_value_rules":"no","exclude_category_quantity_rules":"no","combine_variations":"no","acf":[],"_links":{"self":[{"href":"https:\/\/mendomedical.ca\/fr\/wp-json\/wp\/v2\/product\/104888","targetHints":{"allow":["GET"]}}],"collection":[{"href":"https:\/\/mendomedical.ca\/fr\/wp-json\/wp\/v2\/product"}],"about":[{"href":"https:\/\/mendomedical.ca\/fr\/wp-json\/wp\/v2\/types\/product"}],"replies":[{"embeddable":true,"href":"https:\/\/mendomedical.ca\/fr\/wp-json\/wp\/v2\/comments?post=104888"}],"wp:featuredmedia":[{"embeddable":true,"href":"https:\/\/mendomedical.ca\/fr\/wp-json\/wp\/v2\/media\/104886"}],"wp:attachment":[{"href":"https:\/\/mendomedical.ca\/fr\/wp-json\/wp\/v2\/media?parent=104888"}],"wp:term":[{"taxonomy":"product_brand","embeddable":true,"href":"https:\/\/mendomedical.ca\/fr\/wp-json\/wp\/v2\/product_brand?post=104888"},{"taxonomy":"product_cat","embeddable":true,"href":"https:\/\/mendomedical.ca\/fr\/wp-json\/wp\/v2\/product_cat?post=104888"},{"taxonomy":"product_tag","embeddable":true,"href":"https:\/\/mendomedical.ca\/fr\/wp-json\/wp\/v2\/product_tag?post=104888"},{"taxonomy":"product_format_filter","embeddable":true,"href":"https:\/\/mendomedical.ca\/fr\/wp-json\/wp\/v2\/product_format_filter?post=104888"}],"curies":[{"name":"wp","href":"https:\/\/api.w.org\/{rel}","templated":true}]}}