{"id":104848,"date":"2024-08-02T02:45:28","date_gmt":"2024-08-02T06:45:28","guid":{"rendered":"https:\/\/mendomedical.ca\/?post_type=product&#038;p=104848"},"modified":"2026-03-18T19:55:19","modified_gmt":"2026-03-18T23:55:19","slug":"cbn-isolate","status":"publish","type":"product","link":"https:\/\/mendomedical.ca\/fr\/produit\/cbn-isolate\/","title":{"rendered":"Isolat de CBN"},"content":{"rendered":"","protected":false},"excerpt":{"rendered":"<div class=\"ExternalClassA5E1FAE3CF044CDC92B1785A31C9BF1F\">\n<h3>Isolat CBN - Growtown<\/h3>\n<p>D\u00e9couvrez la polyvalence et la puret\u00e9 de l&rsquo;isolat CBN de Growtown, un concentr\u00e9 de premi\u00e8re qualit\u00e9 qui fournit environ 977 mg de CBN par gramme. Cette poudre cristalline offre de multiples m\u00e9thodes de consommation pour r\u00e9pondre \u00e0 vos pr\u00e9f\u00e9rences, de l&rsquo;absorption sublinguale aux applications culinaires cr\u00e9atives. Fabriqu\u00e9 gr\u00e2ce \u00e0 des processus d&rsquo;extraction m\u00e9ticuleux qui \u00e9liminent le THC et d&rsquo;autres compos\u00e9s, cet isolat offre une exp\u00e9rience propre et concentr\u00e9e de CBN pour les consommateurs de cannabis m\u00e9dical exigeants.  <\/p>\n<h4>Caract\u00e9ristiques principales<\/h4>\n<ul>\n<li>Isolat ultra-pur contenant environ 977 mg de CBN par gramme<\/li>\n<li>Options de consommation polyvalentes : sublingual, dabbing, vaping ou m\u00e9lange avec des aliments et des boissons.<\/li>\n<li>Formulation sans THC gr\u00e2ce \u00e0 des proc\u00e9d\u00e9s d&rsquo;extraction avanc\u00e9s<\/li>\n<li>Consistance de poudre fine pour faciliter la mesure et le m\u00e9lange<\/li>\n<li>Peut \u00eatre incorpor\u00e9 dans des pr\u00e9parations topiques pour une application externe<\/li>\n<\/ul>\n<h4>Pourquoi choisir les poudres d&rsquo;isolat<\/h4>\n<p>Les poudres d&rsquo;isolat offrent aux consommateurs de cannabis m\u00e9dical un contr\u00f4le pr\u00e9cis du dosage et une flexibilit\u00e9 maximale dans les m\u00e9thodes de consommation. L&rsquo;isolat de CBN peut contribuer \u00e0 la relaxation et au repos, ce qui en fait un excellent choix pour les routines du soir ou pour se d\u00e9tendre apr\u00e8s une longue journ\u00e9e. <\/p>\n<h4>Exp\u00e9dition dans tout le Canada<\/h4>\n<p>CBN Isolate est exp\u00e9di\u00e9 rapidement \u00e0 travers le Canada, avec une livraison gratuite pour les commandes de plus de 150 $. Recevez vos concentr\u00e9s de qualit\u00e9 sup\u00e9rieure discr\u00e8tement \u00e0 votre porte. <\/p>\n<h4>Avantages et couverture pour les anciens combattants<\/h4>\n<p>CBN Isolate est admissible \u00e0 la couverture d&rsquo;ACC (Anciens Combattants Canada) avec facturation directe par l&rsquo;entremise de la Croix Bleue, ce qui signifie que les anciens combattants admissibles n&rsquo;ont pas \u00e0 d\u00e9bourser d&rsquo;argent. Vous n&rsquo;avez pas encore votre carte m\u00e9dicale ? Obtenez rapidement et facilement votre carte m\u00e9dicale gratuite sur <a href=\"https:\/\/mendomedical.ca\/fr\/carte-medicale\/\">https:\/\/mendomedical.ca\/medical-card\/<\/a>.<\/p>\n<\/div>\n","protected":false},"featured_media":104886,"comment_status":"closed","ping_status":"closed","template":"","meta":{"_acf_changed":false,"site-sidebar-layout":"default","site-content-layout":"","ast-site-content-layout":"default","site-content-style":"default","site-sidebar-style":"default","ast-global-header-display":"","ast-banner-title-visibility":"","ast-main-header-display":"","ast-hfb-above-header-display":"","ast-hfb-below-header-display":"","ast-hfb-mobile-header-display":"","site-post-title":"","ast-breadcrumbs-content":"","ast-featured-img":"","footer-sml-layout":"","ast-disable-related-posts":"","theme-transparent-header-meta":"default","adv-header-id-meta":"","stick-header-meta":"","header-above-stick-meta":"","header-main-stick-meta":"","header-below-stick-meta":"","astra-migrate-meta-layouts":"set","ast-page-background-enabled":"default","ast-page-background-meta":{"desktop":{"background-color":"var(--ast-global-color-4)","background-image":"","background-repeat":"repeat","background-position":"center center","background-size":"auto","background-attachment":"scroll","background-type":"","background-media":"","overlay-type":"","overlay-color":"","overlay-opacity":"","overlay-gradient":""},"tablet":{"background-color":"","background-image":"","background-repeat":"repeat","background-position":"center center","background-size":"auto","background-attachment":"scroll","background-type":"","background-media":"","overlay-type":"","overlay-color":"","overlay-opacity":"","overlay-gradient":""},"mobile":{"background-color":"","background-image":"","background-repeat":"repeat","background-position":"center center","background-size":"auto","background-attachment":"scroll","background-type":"","background-media":"","overlay-type":"","overlay-color":"","overlay-opacity":"","overlay-gradient":""}},"ast-content-background-meta":{"desktop":{"background-color":"var(--ast-global-color-5)","background-image":"","background-repeat":"repeat","background-position":"center center","background-size":"auto","background-attachment":"scroll","background-type":"","background-media":"","overlay-type":"","overlay-color":"","overlay-opacity":"","overlay-gradient":""},"tablet":{"background-color":"var(--ast-global-color-5)","background-image":"","background-repeat":"repeat","background-position":"center center","background-size":"auto","background-attachment":"scroll","background-type":"","background-media":"","overlay-type":"","overlay-color":"","overlay-opacity":"","overlay-gradient":""},"mobile":{"background-color":"var(--ast-global-color-5)","background-image":"","background-repeat":"repeat","background-position":"center center","background-size":"auto","background-attachment":"scroll","background-type":"","background-media":"","overlay-type":"","overlay-color":"","overlay-opacity":"","overlay-gradient":""}}},"product_brand":[],"product_cat":[1123,1118],"product_tag":[2509],"product_format_filter":[],"class_list":{"0":"post-104848","1":"product","2":"type-product","3":"status-publish","4":"has-post-thumbnail","6":"product_cat-poudres-disolate","7":"product_cat-concentres","8":"product_tag-growtown-fr","9":"pa_cbn-95-99-fr","10":"pa_format-1g-2-fr","11":"pa_marques-growtown-fr","12":"pa_origin-ontario-fr","13":"desktop-align-left","14":"tablet-align-left","15":"mobile-align-left","17":"first","18":"instock","19":"taxable","20":"shipping-taxable","21":"purchasable","22":"product-type-simple"},"group_of_quantity":0,"min_quantity":0,"max_quantity":"","exclude_order_quantity_value_rules":"no","exclude_category_quantity_rules":"no","combine_variations":"no","acf":[],"_links":{"self":[{"href":"https:\/\/mendomedical.ca\/fr\/wp-json\/wp\/v2\/product\/104848","targetHints":{"allow":["GET"]}}],"collection":[{"href":"https:\/\/mendomedical.ca\/fr\/wp-json\/wp\/v2\/product"}],"about":[{"href":"https:\/\/mendomedical.ca\/fr\/wp-json\/wp\/v2\/types\/product"}],"replies":[{"embeddable":true,"href":"https:\/\/mendomedical.ca\/fr\/wp-json\/wp\/v2\/comments?post=104848"}],"wp:featuredmedia":[{"embeddable":true,"href":"https:\/\/mendomedical.ca\/fr\/wp-json\/wp\/v2\/media\/104886"}],"wp:attachment":[{"href":"https:\/\/mendomedical.ca\/fr\/wp-json\/wp\/v2\/media?parent=104848"}],"wp:term":[{"taxonomy":"product_brand","embeddable":true,"href":"https:\/\/mendomedical.ca\/fr\/wp-json\/wp\/v2\/product_brand?post=104848"},{"taxonomy":"product_cat","embeddable":true,"href":"https:\/\/mendomedical.ca\/fr\/wp-json\/wp\/v2\/product_cat?post=104848"},{"taxonomy":"product_tag","embeddable":true,"href":"https:\/\/mendomedical.ca\/fr\/wp-json\/wp\/v2\/product_tag?post=104848"},{"taxonomy":"product_format_filter","embeddable":true,"href":"https:\/\/mendomedical.ca\/fr\/wp-json\/wp\/v2\/product_format_filter?post=104848"}],"curies":[{"name":"wp","href":"https:\/\/api.w.org\/{rel}","templated":true}]}}