{"id":104836,"date":"2024-08-02T02:41:04","date_gmt":"2024-08-02T06:41:04","guid":{"rendered":"https:\/\/mendomedical.ca\/?post_type=product&#038;p=104836"},"modified":"2026-04-13T14:00:34","modified_gmt":"2026-04-13T18:00:34","slug":"cbd-isolate","status":"publish","type":"product","link":"https:\/\/mendomedical.ca\/fr\/produit\/cbd-isolate\/","title":{"rendered":"Isolat de CBD"},"content":{"rendered":"","protected":false},"excerpt":{"rendered":"<div class=\"ExternalClass8ABC67CDFD2848C697900C2F93A32B1B\">\n<h3>Isolat de CBD Growtown - Concentr\u00e9 de CBD pur<\/h3>\n<p>D\u00e9couvrez la polyvalence du CBD pur avec Growtown CBD Isolate, un concentr\u00e9 de premi\u00e8re qualit\u00e9 qui contient environ 995 mg de CBD par gramme. Ce produit incroyablement raffin\u00e9 subit des processus d&rsquo;extraction pouss\u00e9s afin d&rsquo;\u00e9liminer tous les autres compos\u00e9s du cannabis, y compris le THC, ce qui permet d&rsquo;obtenir des cristaux de CBD pur qui sont broy\u00e9s en une fine poudre. Que vous recherchiez la relaxation, un soutien potentiel au bien-\u00eatre ou une exp\u00e9rience CBD personnalisable, cet isolat offre de multiples m\u00e9thodes de consommation pour r\u00e9pondre \u00e0 vos pr\u00e9f\u00e9rences et \u00e0 votre style de vie.  <\/p>\n<h4>Caract\u00e9ristiques principales<\/h4>\n<ul>\n<li>Isolat de CBD pur \u00e0 99,5 % avec environ 995 mg de CBD par gramme<\/li>\n<li>Formule sans THC convenant \u00e0 ceux qui \u00e9vitent les effets psychoactifs<\/li>\n<li>La forme polyvalente de la poudre permet des applications sublinguales, topiques, orales et de vapotage.<\/li>\n<li>Id\u00e9al pour cr\u00e9er des formulations de CBD personnalis\u00e9es et des dosages pr\u00e9cis<\/li>\n<li>Le compagnon id\u00e9al pour la relaxation, les routines de soins personnels ou les soir\u00e9es tranquilles.<\/li>\n<\/ul>\n<h4>Profil du produit<\/h4>\n<p>Cet isolat de CBD pur a un go\u00fbt et un ar\u00f4me neutres, ce qui le rend parfait pour \u00eatre m\u00e9lang\u00e9 \u00e0 des aliments, des boissons ou des pr\u00e9parations topiques sans alt\u00e9rer leur profil de go\u00fbt. La poudre cristalline se dissout facilement et offre une puissance constante dans toutes les m\u00e9thodes de consommation. <\/p>\n<h4>Pourquoi choisir les concentr\u00e9s de CBD<\/h4>\n<p>Les concentr\u00e9s de CBD comme les isolats offrent aux utilisateurs m\u00e9dicaux un contr\u00f4le pr\u00e9cis du dosage et une grande souplesse dans les m\u00e9thodes d&rsquo;administration. La nature pure et sans THC de l&rsquo;isolat de CBD peut contribuer au bien-\u00eatre g\u00e9n\u00e9ral sans effets psychoactifs, ce qui le rend adapt\u00e9 \u00e0 un usage diurne ou aux personnes sensibles au THC. <\/p>\n<h4>Exp\u00e9dition dans tout le Canada<\/h4>\n<p>CBD Isolate est exp\u00e9di\u00e9 rapidement \u00e0 travers le Canada avec une livraison gratuite pour les commandes de plus de 150 $. Votre commande sera soigneusement emball\u00e9e pour assurer l&rsquo;int\u00e9grit\u00e9 du produit pendant le transport. <\/p>\n<h4>Avantages et couverture pour les anciens combattants<\/h4>\n<p>CBD Isolate est admissible \u00e0 la couverture d&rsquo;ACC (Anciens Combattants Canada) avec facturation directe par l&rsquo;entremise de la Croix Bleue, ce qui signifie que les anciens combattants admissibles n&rsquo;ont pas \u00e0 d\u00e9bourser d&rsquo;argent. Si vous n&rsquo;avez pas encore votre carte m\u00e9dicale, vous pouvez l&rsquo;obtenir rapidement et facilement \u00e0 l&rsquo;<a href=\"https:\/\/mendomedical.ca\/fr\/carte-medicale\/\">adresse https:\/\/mendomedical.ca\/medical-card\/.<\/a> <\/p>\n<\/div>\n","protected":false},"featured_media":104844,"comment_status":"closed","ping_status":"closed","template":"","meta":{"_acf_changed":false,"site-sidebar-layout":"default","site-content-layout":"","ast-site-content-layout":"default","site-content-style":"default","site-sidebar-style":"default","ast-global-header-display":"","ast-banner-title-visibility":"","ast-main-header-display":"","ast-hfb-above-header-display":"","ast-hfb-below-header-display":"","ast-hfb-mobile-header-display":"","site-post-title":"","ast-breadcrumbs-content":"","ast-featured-img":"","footer-sml-layout":"","ast-disable-related-posts":"","theme-transparent-header-meta":"default","adv-header-id-meta":"","stick-header-meta":"","header-above-stick-meta":"","header-main-stick-meta":"","header-below-stick-meta":"","astra-migrate-meta-layouts":"set","ast-page-background-enabled":"default","ast-page-background-meta":{"desktop":{"background-color":"var(--ast-global-color-4)","background-image":"","background-repeat":"repeat","background-position":"center center","background-size":"auto","background-attachment":"scroll","background-type":"","background-media":"","overlay-type":"","overlay-color":"","overlay-opacity":"","overlay-gradient":""},"tablet":{"background-color":"","background-image":"","background-repeat":"repeat","background-position":"center center","background-size":"auto","background-attachment":"scroll","background-type":"","background-media":"","overlay-type":"","overlay-color":"","overlay-opacity":"","overlay-gradient":""},"mobile":{"background-color":"","background-image":"","background-repeat":"repeat","background-position":"center center","background-size":"auto","background-attachment":"scroll","background-type":"","background-media":"","overlay-type":"","overlay-color":"","overlay-opacity":"","overlay-gradient":""}},"ast-content-background-meta":{"desktop":{"background-color":"var(--ast-global-color-5)","background-image":"","background-repeat":"repeat","background-position":"center center","background-size":"auto","background-attachment":"scroll","background-type":"","background-media":"","overlay-type":"","overlay-color":"","overlay-opacity":"","overlay-gradient":""},"tablet":{"background-color":"var(--ast-global-color-5)","background-image":"","background-repeat":"repeat","background-position":"center center","background-size":"auto","background-attachment":"scroll","background-type":"","background-media":"","overlay-type":"","overlay-color":"","overlay-opacity":"","overlay-gradient":""},"mobile":{"background-color":"var(--ast-global-color-5)","background-image":"","background-repeat":"repeat","background-position":"center center","background-size":"auto","background-attachment":"scroll","background-type":"","background-media":"","overlay-type":"","overlay-color":"","overlay-opacity":"","overlay-gradient":""}}},"product_brand":[],"product_cat":[1122,1123,1118],"product_tag":[2509],"product_format_filter":[],"class_list":{"0":"post-104836","1":"product","2":"type-product","3":"status-publish","4":"has-post-thumbnail","6":"product_cat-riche-en-cbd","7":"product_cat-poudres-disolate","8":"product_cat-concentres","9":"product_tag-growtown-fr","10":"pa_cbd-95-99-fr","11":"pa_format-1g-2-fr","12":"pa_marques-growtown-fr","13":"pa_origin-ontario-fr","14":"desktop-align-left","15":"tablet-align-left","16":"mobile-align-left","18":"first","19":"instock","20":"taxable","21":"shipping-taxable","22":"purchasable","23":"product-type-simple"},"group_of_quantity":0,"min_quantity":0,"max_quantity":"","exclude_order_quantity_value_rules":"no","exclude_category_quantity_rules":"no","combine_variations":"no","acf":[],"_links":{"self":[{"href":"https:\/\/mendomedical.ca\/fr\/wp-json\/wp\/v2\/product\/104836","targetHints":{"allow":["GET"]}}],"collection":[{"href":"https:\/\/mendomedical.ca\/fr\/wp-json\/wp\/v2\/product"}],"about":[{"href":"https:\/\/mendomedical.ca\/fr\/wp-json\/wp\/v2\/types\/product"}],"replies":[{"embeddable":true,"href":"https:\/\/mendomedical.ca\/fr\/wp-json\/wp\/v2\/comments?post=104836"}],"wp:featuredmedia":[{"embeddable":true,"href":"https:\/\/mendomedical.ca\/fr\/wp-json\/wp\/v2\/media\/104844"}],"wp:attachment":[{"href":"https:\/\/mendomedical.ca\/fr\/wp-json\/wp\/v2\/media?parent=104836"}],"wp:term":[{"taxonomy":"product_brand","embeddable":true,"href":"https:\/\/mendomedical.ca\/fr\/wp-json\/wp\/v2\/product_brand?post=104836"},{"taxonomy":"product_cat","embeddable":true,"href":"https:\/\/mendomedical.ca\/fr\/wp-json\/wp\/v2\/product_cat?post=104836"},{"taxonomy":"product_tag","embeddable":true,"href":"https:\/\/mendomedical.ca\/fr\/wp-json\/wp\/v2\/product_tag?post=104836"},{"taxonomy":"product_format_filter","embeddable":true,"href":"https:\/\/mendomedical.ca\/fr\/wp-json\/wp\/v2\/product_format_filter?post=104836"}],"curies":[{"name":"wp","href":"https:\/\/api.w.org\/{rel}","templated":true}]}}