{"id":104794,"date":"2024-08-26T15:57:51","date_gmt":"2024-08-26T19:57:51","guid":{"rendered":"https:\/\/mendomedical.ca\/?post_type=product&#038;p=104794"},"modified":"2024-08-26T16:02:35","modified_gmt":"2024-08-26T20:02:35","slug":"hectane-pheno-2","status":"publish","type":"product","link":"https:\/\/mendomedical.ca\/fr\/produit\/hectane-pheno-2\/","title":{"rendered":"Hectane Pheno #2"},"content":{"rendered":"","protected":false},"excerpt":{"rendered":"<h3>Terp\u00e8nes Totaux : 3.7%<\/h3>\n<p><strong>Projet 4516 x Hightech<\/strong><\/p>\n<p><strong>Hectane pr\u00e9sente des t\u00eates vert olive surdimensionn\u00e9es avec des poils ambr\u00e9s vifs et une \u00e9paisse couverture givr\u00e9e de trichomes de cristaux blancs scintillants. Des ar\u00f4mes de caf\u00e9 moka \u00e9pic\u00e9 et d\u2019herbes fruit\u00e9es se d\u00e9gagent. La saveur est de chocolat sucr\u00e9 avec des notes de baies fra\u00eeches et m\u00fbres.<\/strong><\/p>\n","protected":false},"featured_media":104796,"comment_status":"closed","ping_status":"closed","template":"","meta":{"_acf_changed":false,"site-sidebar-layout":"default","site-content-layout":"","ast-site-content-layout":"default","site-content-style":"default","site-sidebar-style":"default","ast-global-header-display":"","ast-banner-title-visibility":"","ast-main-header-display":"","ast-hfb-above-header-display":"","ast-hfb-below-header-display":"","ast-hfb-mobile-header-display":"","site-post-title":"","ast-breadcrumbs-content":"","ast-featured-img":"","footer-sml-layout":"","ast-disable-related-posts":"","theme-transparent-header-meta":"default","adv-header-id-meta":"","stick-header-meta":"","header-above-stick-meta":"","header-main-stick-meta":"","header-below-stick-meta":"","astra-migrate-meta-layouts":"set","ast-page-background-enabled":"default","ast-page-background-meta":{"desktop":{"background-color":"var(--ast-global-color-4)","background-image":"","background-repeat":"repeat","background-position":"center center","background-size":"auto","background-attachment":"scroll","background-type":"","background-media":"","overlay-type":"","overlay-color":"","overlay-opacity":"","overlay-gradient":""},"tablet":{"background-color":"","background-image":"","background-repeat":"repeat","background-position":"center center","background-size":"auto","background-attachment":"scroll","background-type":"","background-media":"","overlay-type":"","overlay-color":"","overlay-opacity":"","overlay-gradient":""},"mobile":{"background-color":"","background-image":"","background-repeat":"repeat","background-position":"center center","background-size":"auto","background-attachment":"scroll","background-type":"","background-media":"","overlay-type":"","overlay-color":"","overlay-opacity":"","overlay-gradient":""}},"ast-content-background-meta":{"desktop":{"background-color":"var(--ast-global-color-5)","background-image":"","background-repeat":"repeat","background-position":"center center","background-size":"auto","background-attachment":"scroll","background-type":"","background-media":"","overlay-type":"","overlay-color":"","overlay-opacity":"","overlay-gradient":""},"tablet":{"background-color":"var(--ast-global-color-5)","background-image":"","background-repeat":"repeat","background-position":"center center","background-size":"auto","background-attachment":"scroll","background-type":"","background-media":"","overlay-type":"","overlay-color":"","overlay-opacity":"","overlay-gradient":""},"mobile":{"background-color":"var(--ast-global-color-5)","background-image":"","background-repeat":"repeat","background-position":"center center","background-size":"auto","background-attachment":"scroll","background-type":"","background-media":"","overlay-type":"","overlay-color":"","overlay-opacity":"","overlay-gradient":""}}},"product_brand":[],"product_cat":[1137],"product_tag":[2481],"product_format_filter":[],"class_list":{"0":"post-104794","1":"product","2":"type-product","3":"status-publish","4":"has-post-thumbnail","6":"product_cat-fleur","7":"product_tag-strains-limited-fr","8":"pa_cbd-1-fr","9":"pa_flavours-wild-berry","10":"pa_flavours-chocolate-fr","11":"pa_format-7g-fr","12":"pa_intensity-thc-moyen","13":"pa_marques-strains-limited-fr","14":"pa_origin-ontario-fr","15":"pa_packaging-date-5-02-2024-fr","16":"pa_prix-par-gramme-714-fr","17":"pa_profil-terpene-caryophyllene","18":"pa_profil-terpene-humulene-fr","19":"pa_profil-terpene-linalol-fr","20":"pa_thc-27-95-fr","21":"pa_type-de-plante-hybride-indica-fr","22":"desktop-align-left","23":"tablet-align-left","24":"mobile-align-left","26":"first","27":"outofstock","28":"sale","29":"taxable","30":"shipping-taxable","31":"purchasable","32":"product-type-simple"},"group_of_quantity":0,"min_quantity":0,"max_quantity":"","exclude_order_quantity_value_rules":"no","exclude_category_quantity_rules":"no","combine_variations":"no","acf":[],"_links":{"self":[{"href":"https:\/\/mendomedical.ca\/fr\/wp-json\/wp\/v2\/product\/104794","targetHints":{"allow":["GET"]}}],"collection":[{"href":"https:\/\/mendomedical.ca\/fr\/wp-json\/wp\/v2\/product"}],"about":[{"href":"https:\/\/mendomedical.ca\/fr\/wp-json\/wp\/v2\/types\/product"}],"replies":[{"embeddable":true,"href":"https:\/\/mendomedical.ca\/fr\/wp-json\/wp\/v2\/comments?post=104794"}],"wp:featuredmedia":[{"embeddable":true,"href":"https:\/\/mendomedical.ca\/fr\/wp-json\/wp\/v2\/media\/104796"}],"wp:attachment":[{"href":"https:\/\/mendomedical.ca\/fr\/wp-json\/wp\/v2\/media?parent=104794"}],"wp:term":[{"taxonomy":"product_brand","embeddable":true,"href":"https:\/\/mendomedical.ca\/fr\/wp-json\/wp\/v2\/product_brand?post=104794"},{"taxonomy":"product_cat","embeddable":true,"href":"https:\/\/mendomedical.ca\/fr\/wp-json\/wp\/v2\/product_cat?post=104794"},{"taxonomy":"product_tag","embeddable":true,"href":"https:\/\/mendomedical.ca\/fr\/wp-json\/wp\/v2\/product_tag?post=104794"},{"taxonomy":"product_format_filter","embeddable":true,"href":"https:\/\/mendomedical.ca\/fr\/wp-json\/wp\/v2\/product_format_filter?post=104794"}],"curies":[{"name":"wp","href":"https:\/\/api.w.org\/{rel}","templated":true}]}}