{"id":104752,"date":"2025-09-07T17:00:10","date_gmt":"2025-09-07T21:00:10","guid":{"rendered":"https:\/\/mendomedical.ca\/?post_type=product&#038;p=104752"},"modified":"2026-03-27T12:45:57","modified_gmt":"2026-03-27T16:45:57","slug":"montreal-style-aged-hash-fr","status":"publish","type":"product","link":"https:\/\/mendomedical.ca\/fr\/produit\/montreal-style-aged-hash-fr\/","title":{"rendered":"Haschich Vieilli Style Montr\u00e9alais"},"content":{"rendered":"","protected":false},"excerpt":{"rendered":"<div id=\"comp-kig3zvcs\" class=\"_1Q9if\" data-testid=\"richTextElement\">\n<h3><strong>Montreal Style Aged Hash de Jublee (2g)<\/strong><\/h3>\n<p>Red\u00e9couvrez un classique embl\u00e9matique avec le <strong>Montreal Style Aged Hash - <\/strong>un concentr\u00e9 doux et mall\u00e9able qui honore l&rsquo;h\u00e9ritage de la culture du cannabis \u00e0 l&rsquo;ancienne. Fabriqu\u00e9 avec soin par <a title=\"En savoir plus sur Jublee Cannabis Edibles\" href=\"https:\/\/gayonica.ca\/product-category\/jublee\/edibles\/\" target=\"_blank\" rel=\"noopener\"><strong>Jublee <\/strong><\/a>ce hash de 2g est vieilli pendant plus de trois mois pour offrir une exp\u00e9rience riche et nostalgique. Que vous soyez un connaisseur de longue date ou un nouveau venu curieux, ce concentr\u00e9 offre un voyage doux et savoureux \u00e0 travers le temps.<\/p>\n<p>&nbsp;<\/p>\n<h3><strong>Vieillis \u00e0 la perfection<\/strong><\/h3>\n<p>Contrairement au hasch moderne fait pour la vitesse, le Montreal Style Aged Hash est s\u00e9ch\u00e9 lentement dans un environnement contr\u00f4l\u00e9 pour permettre aux huiles et aux terp\u00e8nes de m\u00fbrir. Il en r\u00e9sulte une texture douce et souple, facile \u00e0 rouler, \u00e0 presser ou \u00e0 \u00e9mietter, parfaite<strong>pour votre pipe, votre bol ou votre joint.<\/strong><\/p>\n<ul>\n<li>Souple et flexible pour une consommation polyvalente<\/li>\n<li>Naturellement fonc\u00e9 et collant avec un ext\u00e9rieur mat<\/li>\n<li>Vieillissement de plus de 90 jours pour une saveur et un ar\u00f4me plus profonds<\/li>\n<\/ul>\n<p>&nbsp;<\/p>\n<h3><strong>Profil aromatique et gustatif<\/strong><\/h3>\n<p>Attendez-vous \u00e0 un ar\u00f4me profond et terreux avec de subtiles notes sucr\u00e9es et bois\u00e9es. \u00c0 l&rsquo;inhalation, la fum\u00e9e est <strong>douce et cors\u00e9e<\/strong>, avec un go\u00fbt de haschisch \u00e0 l&rsquo;ancienne qui peut \u00e9voquer des souvenirs de rituels traditionnels de cannabis.<\/p>\n<ul>\n<li>Base terreuse avec des notes d&rsquo;\u00e9pices et de musc<\/li>\n<li>Fum\u00e9e douce et cors\u00e9e<\/li>\n<li>Des notes persistantes qui restent fid\u00e8les au hachage classique<\/li>\n<\/ul>\n<p>&nbsp;<\/p>\n<h3><strong>Effets potentiels<\/strong><\/h3>\n<p>Le haschisch vieilli de style montr\u00e9alais peut offrir une relaxation apaisante et compl\u00e8te du corps, jumel\u00e9e \u00e0 une \u00e9l\u00e9vation euphorique. C&rsquo;est un compagnon id\u00e9al pour les s\u00e9ances du soir, les moments de r\u00e9flexion ou pour am\u00e9liorer votre routine pr\u00e9f\u00e9r\u00e9e.<\/p>\n<p>Bien que les effets varient d&rsquo;une personne \u00e0 l&rsquo;autre, les utilisateurs rapportent souvent qu&rsquo;il peut.. :<\/p>\n<ul>\n<li>Favoriser le calme mental et la relaxation du corps<\/li>\n<li>Favoriser le soulagement du stress ou des pens\u00e9es anxieuses<\/li>\n<li>Aidez \u00e0 soulager la tension ou l&rsquo;inconfort<\/li>\n<\/ul>\n<p>&nbsp;<\/p>\n<h3><strong>Ami des v\u00e9t\u00e9rans et couvert par ACC<\/strong><\/h3>\n<p>Dans le cadre de notre engagement envers les anciens combattants canadiens, ce produit est admissible \u00e0 la <strong>facturation directe par l&rsquo;entremise d&rsquo;Anciens Combattants Canada (ACC).<\/strong> Les patients qui remplissent les conditions requises peuvent avoir acc\u00e8s \u00e0 ce hash de haute qualit\u00e9 sans avoir \u00e0 d\u00e9bourser de frais dans le cadre des taux de couverture standard d&rsquo;ACC.<\/p>\n<p>Nous vous proposons \u00e9galement :<\/p>\n<ul>\n<li><strong>Bridge commande jusqu&rsquo;\u00e0 300g<\/strong> pour les patients nouvellement autoris\u00e9s<\/li>\n<li>Soutien de la Croix Bleue et prix avantageux<\/li>\n<li>R\u00e9ductions pour les premiers intervenants et les conjoints<\/li>\n<\/ul>\n<p>&nbsp;<\/p>\n<h3><strong>Livraison rapide et discr\u00e8te dans tout le pays<\/strong><\/h3>\n<p>Nous exp\u00e9dions dans tout le Canada avec rapidit\u00e9, soin et en toute confidentialit\u00e9. Les commandes de plus de 150 $ sont <strong>exp\u00e9di\u00e9es gratuitement<\/strong>, et chaque produit est emball\u00e9 discr\u00e8tement pour une livraison en douceur et sans stress.<\/p>\n<ul>\n<li>Livr\u00e9 partout au Canada<\/li>\n<li>Un emballage discret pour pr\u00e9server votre vie priv\u00e9e<\/li>\n<li>Livraison gratuite \u00e0 partir de 150 $ d&rsquo;achats<\/li>\n<\/ul>\n<p>&nbsp;<\/p>\n<h3><strong>Pourquoi choisir Montreal Style Hash ?<\/strong><\/h3>\n<p>Les concentr\u00e9s \u00e0 l&rsquo;ancienne font leur retour, et ce, pour une bonne raison. Montreal Style Aged Hash est id\u00e9al pour les patients qui recherchent un soulagement puissant sans l&rsquo;intensit\u00e9 du dabbing ou de la fum\u00e9e de fleurs.<\/p>\n<ul>\n<li>Facile \u00e0 doser et \u00e0 consommer<\/li>\n<li>Id\u00e9al pour m\u00e9langer avec des fleurs ou pour l&rsquo;utiliser seul<\/li>\n<li>Une option nostalgique avec une puissance fiable<\/li>\n<\/ul>\n<p>&nbsp;<\/p>\n<p>Si vous \u00eates \u00e0 la recherche de <a title=\"Acheter des concentr\u00e9s de cannabis avec Mendo Medical\" href=\"https:\/\/mendomedical.ca\/fr\/categorie-produit\/concentres\/\" target=\"_blank\" rel=\"noopener\">concentr\u00e9s raffin\u00e9s et \u00e9prouv\u00e9s<\/a> qui allient artisanat et confort, <strong>Montreal Style Aged Hash de Jublee<\/strong> est un choix remarquable. Les v\u00e9t\u00e9rans peuvent acheter en toute confiance en sachant que ce produit <strong>est admissible \u00e0 la facturation directe d&rsquo;ACC<\/strong> et au soutien de Mendo qui donne la priorit\u00e9 aux v\u00e9t\u00e9rans.<\/p>\n<p><strong>Besoin d&rsquo;un document m\u00e9dical ?<\/strong> <a title=\"Obtenez un document sur le cannabis m\u00e9dical avec Mendo Medical\" href=\"https:\/\/mendomedical.ca\/fr\/carte-medicale\/\" target=\"_blank\" rel=\"noopener\">Obtenez votre document gratuit sur le cannabis m\u00e9dical<\/a> - rapidement et facilement.<\/p>\n<p>&nbsp;<\/p>\n<\/div>\n","protected":false},"featured_media":274061,"comment_status":"closed","ping_status":"closed","template":"","meta":{"_acf_changed":false,"site-sidebar-layout":"default","site-content-layout":"","ast-site-content-layout":"default","site-content-style":"default","site-sidebar-style":"default","ast-global-header-display":"","ast-banner-title-visibility":"","ast-main-header-display":"","ast-hfb-above-header-display":"","ast-hfb-below-header-display":"","ast-hfb-mobile-header-display":"","site-post-title":"","ast-breadcrumbs-content":"","ast-featured-img":"","footer-sml-layout":"","ast-disable-related-posts":"","theme-transparent-header-meta":"default","adv-header-id-meta":"","stick-header-meta":"","header-above-stick-meta":"","header-main-stick-meta":"","header-below-stick-meta":"","astra-migrate-meta-layouts":"set","ast-page-background-enabled":"default","ast-page-background-meta":{"desktop":{"background-color":"var(--ast-global-color-4)","background-image":"","background-repeat":"repeat","background-position":"center center","background-size":"auto","background-attachment":"scroll","background-type":"","background-media":"","overlay-type":"","overlay-color":"","overlay-opacity":"","overlay-gradient":""},"tablet":{"background-color":"","background-image":"","background-repeat":"repeat","background-position":"center center","background-size":"auto","background-attachment":"scroll","background-type":"","background-media":"","overlay-type":"","overlay-color":"","overlay-opacity":"","overlay-gradient":""},"mobile":{"background-color":"","background-image":"","background-repeat":"repeat","background-position":"center center","background-size":"auto","background-attachment":"scroll","background-type":"","background-media":"","overlay-type":"","overlay-color":"","overlay-opacity":"","overlay-gradient":""}},"ast-content-background-meta":{"desktop":{"background-color":"var(--ast-global-color-5)","background-image":"","background-repeat":"repeat","background-position":"center center","background-size":"auto","background-attachment":"scroll","background-type":"","background-media":"","overlay-type":"","overlay-color":"","overlay-opacity":"","overlay-gradient":""},"tablet":{"background-color":"var(--ast-global-color-5)","background-image":"","background-repeat":"repeat","background-position":"center center","background-size":"auto","background-attachment":"scroll","background-type":"","background-media":"","overlay-type":"","overlay-color":"","overlay-opacity":"","overlay-gradient":""},"mobile":{"background-color":"var(--ast-global-color-5)","background-image":"","background-repeat":"repeat","background-position":"center center","background-size":"auto","background-attachment":"scroll","background-type":"","background-media":"","overlay-type":"","overlay-color":"","overlay-opacity":"","overlay-gradient":""}}},"product_brand":[4206],"product_cat":[1121,1118,1119],"product_tag":[2468],"product_format_filter":[6391],"class_list":{"0":"post-104752","1":"product","2":"type-product","3":"status-publish","4":"has-post-thumbnail","6":"product_brand-jublee","7":"product_cat-haschisch","8":"product_cat-concentres","9":"product_cat-tout-sans-solvant","10":"product_tag-jublee-fr","11":"pa_format-2g-fr","12":"pa_intensity-thc-eleve","13":"pa_intensity-low-cbg-fr","14":"pa_marques-jublee-fr","15":"pa_origin-quebec-fr","16":"pa_type-de-plante-hybride-fr","17":"product_format_filter-2g","18":"desktop-align-left","19":"tablet-align-left","20":"mobile-align-left","22":"first","23":"outofstock","24":"taxable","25":"shipping-taxable","26":"purchasable","27":"product-type-simple"},"group_of_quantity":0,"min_quantity":0,"max_quantity":"","exclude_order_quantity_value_rules":"no","exclude_category_quantity_rules":"no","combine_variations":"no","acf":[],"_links":{"self":[{"href":"https:\/\/mendomedical.ca\/fr\/wp-json\/wp\/v2\/product\/104752","targetHints":{"allow":["GET"]}}],"collection":[{"href":"https:\/\/mendomedical.ca\/fr\/wp-json\/wp\/v2\/product"}],"about":[{"href":"https:\/\/mendomedical.ca\/fr\/wp-json\/wp\/v2\/types\/product"}],"replies":[{"embeddable":true,"href":"https:\/\/mendomedical.ca\/fr\/wp-json\/wp\/v2\/comments?post=104752"}],"wp:featuredmedia":[{"embeddable":true,"href":"https:\/\/mendomedical.ca\/fr\/wp-json\/wp\/v2\/media\/274061"}],"wp:attachment":[{"href":"https:\/\/mendomedical.ca\/fr\/wp-json\/wp\/v2\/media?parent=104752"}],"wp:term":[{"taxonomy":"product_brand","embeddable":true,"href":"https:\/\/mendomedical.ca\/fr\/wp-json\/wp\/v2\/product_brand?post=104752"},{"taxonomy":"product_cat","embeddable":true,"href":"https:\/\/mendomedical.ca\/fr\/wp-json\/wp\/v2\/product_cat?post=104752"},{"taxonomy":"product_tag","embeddable":true,"href":"https:\/\/mendomedical.ca\/fr\/wp-json\/wp\/v2\/product_tag?post=104752"},{"taxonomy":"product_format_filter","embeddable":true,"href":"https:\/\/mendomedical.ca\/fr\/wp-json\/wp\/v2\/product_format_filter?post=104752"}],"curies":[{"name":"wp","href":"https:\/\/api.w.org\/{rel}","templated":true}]}}