{"id":104652,"date":"2024-08-02T04:35:27","date_gmt":"2024-08-02T08:35:27","guid":{"rendered":"https:\/\/mendomedical.ca\/?post_type=product&#038;p=104652"},"modified":"2025-06-06T09:53:58","modified_gmt":"2025-06-06T13:53:58","slug":"gltoz-gelato-full-spectrum-honey-oil","status":"publish","type":"product","link":"https:\/\/mendomedical.ca\/fr\/produit\/gltoz-gelato-full-spectrum-honey-oil\/","title":{"rendered":"GLTOZ (Gelato) Full Spectrum Honey Oil Syringe"},"content":{"rendered":"","protected":false},"excerpt":{"rendered":"<h3><strong>Terp\u00e8nes Totaux : 4.96%<\/strong><\/h3>\n<p><strong>Toutes les Retro Honey Oils sont enti\u00e8rement d\u00e9carbonn\u00e9es et pr\u00eates \u00e0 l&#8217;emploi, quelle que soit l&rsquo;exp\u00e9rience.<\/strong><\/p>\n<p><strong>GLTOZ Honey Oil est un extrait traditionnel \u00e0 spectre complet \u00e0 dominante Indica. Les consommateurs novices voudront peut-\u00eatre aborder cette puissance de THC avec prudence, mais ceux qui ont une tol\u00e9rance \u00e9lev\u00e9e seront ravis de l&rsquo;euphorie de GLTOZ. La relaxation physique est forte, mais beaucoup se trouvent encore assez agiles mentalement pour rester productifs et cr\u00e9atifs lorsqu&rsquo;ils s&rsquo;y adonnent. En utilisant notre \u00e9quipement d&rsquo;extraction CO2 de pointe, Retro est en mesure de garantir qu&rsquo;aucun produit chimique nocif ou terp\u00e8ne synth\u00e9tique n&rsquo;est utilis\u00e9. <\/strong><\/p>\n<p><strong>Pr\u00e9charg\u00e9e dans une seringue en verre avec un embout \u00e9mouss\u00e9, vous pouvez vraiment choisir l&rsquo;exp\u00e9rience que vous souhaitez.<\/strong><\/p>\n","protected":false},"featured_media":106184,"comment_status":"closed","ping_status":"closed","template":"","meta":{"_acf_changed":false,"site-sidebar-layout":"default","site-content-layout":"","ast-site-content-layout":"default","site-content-style":"default","site-sidebar-style":"default","ast-global-header-display":"","ast-banner-title-visibility":"","ast-main-header-display":"","ast-hfb-above-header-display":"","ast-hfb-below-header-display":"","ast-hfb-mobile-header-display":"","site-post-title":"","ast-breadcrumbs-content":"","ast-featured-img":"","footer-sml-layout":"","ast-disable-related-posts":"","theme-transparent-header-meta":"default","adv-header-id-meta":"","stick-header-meta":"","header-above-stick-meta":"","header-main-stick-meta":"","header-below-stick-meta":"","astra-migrate-meta-layouts":"set","ast-page-background-enabled":"default","ast-page-background-meta":{"desktop":{"background-color":"var(--ast-global-color-4)","background-image":"","background-repeat":"repeat","background-position":"center center","background-size":"auto","background-attachment":"scroll","background-type":"","background-media":"","overlay-type":"","overlay-color":"","overlay-opacity":"","overlay-gradient":""},"tablet":{"background-color":"","background-image":"","background-repeat":"repeat","background-position":"center center","background-size":"auto","background-attachment":"scroll","background-type":"","background-media":"","overlay-type":"","overlay-color":"","overlay-opacity":"","overlay-gradient":""},"mobile":{"background-color":"","background-image":"","background-repeat":"repeat","background-position":"center center","background-size":"auto","background-attachment":"scroll","background-type":"","background-media":"","overlay-type":"","overlay-color":"","overlay-opacity":"","overlay-gradient":""}},"ast-content-background-meta":{"desktop":{"background-color":"var(--ast-global-color-5)","background-image":"","background-repeat":"repeat","background-position":"center center","background-size":"auto","background-attachment":"scroll","background-type":"","background-media":"","overlay-type":"","overlay-color":"","overlay-opacity":"","overlay-gradient":""},"tablet":{"background-color":"var(--ast-global-color-5)","background-image":"","background-repeat":"repeat","background-position":"center center","background-size":"auto","background-attachment":"scroll","background-type":"","background-media":"","overlay-type":"","overlay-color":"","overlay-opacity":"","overlay-gradient":""},"mobile":{"background-color":"var(--ast-global-color-5)","background-image":"","background-repeat":"repeat","background-position":"center center","background-size":"auto","background-attachment":"scroll","background-type":"","background-media":"","overlay-type":"","overlay-color":"","overlay-opacity":"","overlay-gradient":""}}},"product_brand":[],"product_cat":[1126,1118],"product_tag":[],"product_format_filter":[],"class_list":{"0":"post-104652","1":"product","2":"type-product","3":"status-publish","4":"has-post-thumbnail","6":"product_cat-distributeurs-dhuile","7":"product_cat-concentres","8":"pa_format-1g-2-fr","9":"pa_intensity-thc-eleve","10":"pa_marques-retro-fr","11":"pa_origin-ile-du-prince-edouard","12":"pa_profil-terpene-caryophyllene","13":"pa_profil-terpene-humulene-fr","14":"pa_profil-terpene-limonene-fr","15":"pa_thc-2208","16":"pa_type-de-plante-hybride-indica-fr","17":"desktop-align-left","18":"tablet-align-left","19":"mobile-align-left","21":"first","22":"outofstock","23":"taxable","24":"shipping-taxable","25":"purchasable","26":"product-type-simple"},"group_of_quantity":0,"min_quantity":0,"max_quantity":"","exclude_order_quantity_value_rules":"no","exclude_category_quantity_rules":"no","combine_variations":"no","acf":[],"_links":{"self":[{"href":"https:\/\/mendomedical.ca\/fr\/wp-json\/wp\/v2\/product\/104652","targetHints":{"allow":["GET"]}}],"collection":[{"href":"https:\/\/mendomedical.ca\/fr\/wp-json\/wp\/v2\/product"}],"about":[{"href":"https:\/\/mendomedical.ca\/fr\/wp-json\/wp\/v2\/types\/product"}],"replies":[{"embeddable":true,"href":"https:\/\/mendomedical.ca\/fr\/wp-json\/wp\/v2\/comments?post=104652"}],"wp:featuredmedia":[{"embeddable":true,"href":"https:\/\/mendomedical.ca\/fr\/wp-json\/wp\/v2\/media\/106184"}],"wp:attachment":[{"href":"https:\/\/mendomedical.ca\/fr\/wp-json\/wp\/v2\/media?parent=104652"}],"wp:term":[{"taxonomy":"product_brand","embeddable":true,"href":"https:\/\/mendomedical.ca\/fr\/wp-json\/wp\/v2\/product_brand?post=104652"},{"taxonomy":"product_cat","embeddable":true,"href":"https:\/\/mendomedical.ca\/fr\/wp-json\/wp\/v2\/product_cat?post=104652"},{"taxonomy":"product_tag","embeddable":true,"href":"https:\/\/mendomedical.ca\/fr\/wp-json\/wp\/v2\/product_tag?post=104652"},{"taxonomy":"product_format_filter","embeddable":true,"href":"https:\/\/mendomedical.ca\/fr\/wp-json\/wp\/v2\/product_format_filter?post=104652"}],"curies":[{"name":"wp","href":"https:\/\/api.w.org\/{rel}","templated":true}]}}