{"id":104632,"date":"2025-09-03T13:00:20","date_gmt":"2025-09-03T17:00:20","guid":{"rendered":"https:\/\/mendomedical.ca\/?post_type=product&#038;p=104632"},"modified":"2026-03-18T14:27:19","modified_gmt":"2026-03-18T18:27:19","slug":"afghan-black-hash-par-earthwolf-farms","status":"publish","type":"product","link":"https:\/\/mendomedical.ca\/fr\/produit\/afghan-black-hash-par-earthwolf-farms\/","title":{"rendered":"Hachis afghan"},"content":{"rendered":"","protected":false},"excerpt":{"rendered":"<div class=\"ExternalClass3AD4CEF794644AE890404731CA87D91B\">\n<h3>Afghan Hash par EarthWolf Farms<\/h3>\n<h3>Terp\u00e8nes totaux : 3,1%.<\/h3>\n<p>D\u00e9couvrez la tradition intemporelle du haschisch afghan avec l&rsquo;Afghan Hash d&rsquo;EarthWolf Farms. Ce concentr\u00e9 haut de gamme rend hommage aux m\u00e9thodes artisanales s\u00e9culaires tout en int\u00e9grant des techniques d&rsquo;extraction modernes. Fabriqu\u00e9 \u00e0 partir de cannabis biologique cultiv\u00e9 au soleil et trait\u00e9 \u00e0 l&rsquo;aide de 45-220\u03bc bubble hash, de chaleur et de pression, ce concentr\u00e9 \u00e0 spectre complet offre une texture douce et souple remarquablement facile \u00e0 travailler. Avec 38 % de THC total et 3,1 % de Terp\u00e8nes totaux, ce hash pr\u00e9serve les compos\u00e9s naturels de la plante pour une exp\u00e9rience authentique et aromatique.   <\/p>\n<h4>Caract\u00e9ristiques principales<\/h4>\n<ul>\n<li>Concentr\u00e9 \u00e0 spectre complet fabriqu\u00e9 \u00e0 partir de cannabis biologique cultiv\u00e9 au soleil<\/li>\n<li>Hachis traditionnel afghan avec des m\u00e9thodes d&rsquo;extraction modernes<\/li>\n<li>Texture souple, flexible et extensible<\/li>\n<li>Haute puissance avec 38% de THC total<\/li>\n<li>Profil terp\u00e9nique riche en \u03b2-caryophyll\u00e8ne, \u03b2-myrc\u00e8ne, \u03b1-bisabolol et \u03b1-terpin\u00e9ol.<\/li>\n<\/ul>\n<h4>Profil aromatique et terp\u00e9nique<\/h4>\n<p>L&rsquo;Afghan Black Hash offre une exp\u00e9rience sensorielle complexe avec des ar\u00f4mes d&rsquo;agrumes et de pin lorsqu&rsquo;il est chauff\u00e9. Le profil de saveur est subtilement doux, avec des notes de cacao et des nuances terreuses profondes, compl\u00e9t\u00e9es par des notes de pin, de c\u00e8dre et de bois de santal. Les terp\u00e8nes dominants comprennent le \u03b2-caryophyll\u00e8ne (0,45 %), le \u03b2-myrc\u00e8ne (0,22 %), l&rsquo;\u03b1-bisabolol (0,18 %) et l&rsquo;\u03b1-terpin\u00e9ol (0,17 %), qui contribuent \u00e0 ses effets s\u00e9datifs, joyeux et relaxants.  <\/p>\n<h4>Pourquoi choisir Hash<\/h4>\n<p>Les concentr\u00e9s de haschisch offrent aux consommateurs de cannabis m\u00e9dical une option puissante et efficace avec des cannabino\u00efdes et des terp\u00e8nes concentr\u00e9s. Les m\u00e9thodes de traitement traditionnelles pr\u00e9servent le spectre complet des compos\u00e9s de la plante, ce qui peut contribuer \u00e0 la relaxation et au bien-\u00eatre g\u00e9n\u00e9ral. <\/p>\n<h4>Exp\u00e9dition dans tout le Canada<\/h4>\n<p>Afghan Hash est exp\u00e9di\u00e9 rapidement \u00e0 travers le Canada. Nous offrons la livraison gratuite pour toutes les commandes de plus de 150 $, ce qui vous assure de recevoir vos concentr\u00e9s de qualit\u00e9 sup\u00e9rieure rapidement et discr\u00e8tement. <\/p>\n<h4>Avantages et couverture pour les anciens combattants<\/h4>\n<p>Afghan Hash est admissible \u00e0 la couverture d&rsquo;ACC (Anciens Combattants Canada) avec facturation directe par l&rsquo;entremise de la Croix Bleue, ce qui signifie que les anciens combattants admissibles n&rsquo;ont pas \u00e0 d\u00e9bourser d&rsquo;argent. Si vous n&rsquo;avez pas encore de carte m\u00e9dicale, <a href=\"https:\/\/mendomedical.ca\/fr\/carte-medicale\/\">obtenez votre carte m\u00e9dicale gratuite rapidement et facilement<\/a> pour acc\u00e9der \u00e0 ces avantages. <\/p>\n<\/div>\n","protected":false},"featured_media":271878,"comment_status":"closed","ping_status":"closed","template":"","meta":{"_acf_changed":false,"site-sidebar-layout":"default","site-content-layout":"","ast-site-content-layout":"default","site-content-style":"default","site-sidebar-style":"default","ast-global-header-display":"","ast-banner-title-visibility":"","ast-main-header-display":"","ast-hfb-above-header-display":"","ast-hfb-below-header-display":"","ast-hfb-mobile-header-display":"","site-post-title":"","ast-breadcrumbs-content":"","ast-featured-img":"","footer-sml-layout":"","ast-disable-related-posts":"","theme-transparent-header-meta":"default","adv-header-id-meta":"","stick-header-meta":"","header-above-stick-meta":"","header-main-stick-meta":"","header-below-stick-meta":"","astra-migrate-meta-layouts":"set","ast-page-background-enabled":"default","ast-page-background-meta":{"desktop":{"background-color":"var(--ast-global-color-4)","background-image":"","background-repeat":"repeat","background-position":"center center","background-size":"auto","background-attachment":"scroll","background-type":"","background-media":"","overlay-type":"","overlay-color":"","overlay-opacity":"","overlay-gradient":""},"tablet":{"background-color":"","background-image":"","background-repeat":"repeat","background-position":"center center","background-size":"auto","background-attachment":"scroll","background-type":"","background-media":"","overlay-type":"","overlay-color":"","overlay-opacity":"","overlay-gradient":""},"mobile":{"background-color":"","background-image":"","background-repeat":"repeat","background-position":"center center","background-size":"auto","background-attachment":"scroll","background-type":"","background-media":"","overlay-type":"","overlay-color":"","overlay-opacity":"","overlay-gradient":""}},"ast-content-background-meta":{"desktop":{"background-color":"var(--ast-global-color-5)","background-image":"","background-repeat":"repeat","background-position":"center center","background-size":"auto","background-attachment":"scroll","background-type":"","background-media":"","overlay-type":"","overlay-color":"","overlay-opacity":"","overlay-gradient":""},"tablet":{"background-color":"var(--ast-global-color-5)","background-image":"","background-repeat":"repeat","background-position":"center center","background-size":"auto","background-attachment":"scroll","background-type":"","background-media":"","overlay-type":"","overlay-color":"","overlay-opacity":"","overlay-gradient":""},"mobile":{"background-color":"var(--ast-global-color-5)","background-image":"","background-repeat":"repeat","background-position":"center center","background-size":"auto","background-attachment":"scroll","background-type":"","background-media":"","overlay-type":"","overlay-color":"","overlay-opacity":"","overlay-gradient":""}}},"product_brand":[],"product_cat":[1121,1118,1119],"product_tag":[2414],"product_format_filter":[6391],"class_list":{"0":"post-104632","1":"product","2":"type-product","3":"status-publish","4":"has-post-thumbnail","6":"product_cat-haschisch","7":"product_cat-concentres","8":"product_cat-tout-sans-solvant","9":"product_tag-earth-wolf-farm-fr","10":"pa_flavours-bois-de-santal","11":"pa_flavours-cacao","12":"pa_flavours-cedar-fr","13":"pa_flavours-pin","14":"pa_flavours-terreux","15":"pa_format-2g-fr","16":"pa_intensity-thc-moyen","17":"pa_marques-earthwolf-farms-fr","18":"pa_origin-colombie-britannique-fr","19":"pa_profil-terpene-bisabolol-fr","20":"pa_profil-terpene-caryophyllene","21":"pa_profil-terpene-myrcene","22":"pa_profil-terpene-terpineol-fr","23":"pa_thc-38-8-fr","24":"pa_type-de-plante-indica-fr","25":"product_format_filter-2g","26":"desktop-align-left","27":"tablet-align-left","28":"mobile-align-left","30":"first","31":"outofstock","32":"taxable","33":"shipping-taxable","34":"purchasable","35":"product-type-simple"},"group_of_quantity":0,"min_quantity":0,"max_quantity":"","exclude_order_quantity_value_rules":"no","exclude_category_quantity_rules":"no","combine_variations":"no","acf":[],"_links":{"self":[{"href":"https:\/\/mendomedical.ca\/fr\/wp-json\/wp\/v2\/product\/104632","targetHints":{"allow":["GET"]}}],"collection":[{"href":"https:\/\/mendomedical.ca\/fr\/wp-json\/wp\/v2\/product"}],"about":[{"href":"https:\/\/mendomedical.ca\/fr\/wp-json\/wp\/v2\/types\/product"}],"replies":[{"embeddable":true,"href":"https:\/\/mendomedical.ca\/fr\/wp-json\/wp\/v2\/comments?post=104632"}],"wp:featuredmedia":[{"embeddable":true,"href":"https:\/\/mendomedical.ca\/fr\/wp-json\/wp\/v2\/media\/271878"}],"wp:attachment":[{"href":"https:\/\/mendomedical.ca\/fr\/wp-json\/wp\/v2\/media?parent=104632"}],"wp:term":[{"taxonomy":"product_brand","embeddable":true,"href":"https:\/\/mendomedical.ca\/fr\/wp-json\/wp\/v2\/product_brand?post=104632"},{"taxonomy":"product_cat","embeddable":true,"href":"https:\/\/mendomedical.ca\/fr\/wp-json\/wp\/v2\/product_cat?post=104632"},{"taxonomy":"product_tag","embeddable":true,"href":"https:\/\/mendomedical.ca\/fr\/wp-json\/wp\/v2\/product_tag?post=104632"},{"taxonomy":"product_format_filter","embeddable":true,"href":"https:\/\/mendomedical.ca\/fr\/wp-json\/wp\/v2\/product_format_filter?post=104632"}],"curies":[{"name":"wp","href":"https:\/\/api.w.org\/{rel}","templated":true}]}}