{"id":104596,"date":"2024-08-02T17:50:54","date_gmt":"2024-08-02T21:50:54","guid":{"rendered":"https:\/\/mendomedical.ca\/?post_type=product&#038;p=104596"},"modified":"2025-10-19T21:12:34","modified_gmt":"2025-10-20T01:12:34","slug":"triple-burger","status":"publish","type":"product","link":"https:\/\/mendomedical.ca\/fr\/produit\/triple-burger\/","title":{"rendered":"Triple Burger FSE (Full Spectrum Extract)"},"content":{"rendered":"","protected":false},"excerpt":{"rendered":"<div class=\"ExternalClassF7A05FFDAD9245738E1A069DFCE74EC1\">\n<h3>Triple Burger FSE (Full Spectrum Extract) de Tribal<\/h3>\n<p>D\u00e9couvrez le caract\u00e8re audacieux et distinctif de l&rsquo;extrait \u00e0 spectre complet Triple Burger de Tribal. Ce concentr\u00e9 de r\u00e9sine vivante de premi\u00e8re qualit\u00e9 d\u00e9livre un impressionnant 6,8 % de terp\u00e8nes totaux, offrant aux connaisseurs de cannabis une exp\u00e9rience sensorielle vraiment unique. Comme les combinaisons culinaires qui divisent, telles que l&rsquo;ananas sur la pizza ou le poulet et les gaufres, Triple Burger FSE est con\u00e7u pour ceux qui appr\u00e9cient les profils forts et gazeux qui font une d\u00e9claration.  <\/p>\n<h4>Caract\u00e9ristiques principales<\/h4>\n<ul>\n<li>Extrait \u00e0 spectre complet de haute qualit\u00e9 avec une teneur en terp\u00e8nes totaux de 6,8%.<\/li>\n<li>Profil d&rsquo;ar\u00f4me de gaz puissant pour les amateurs de concentr\u00e9s exp\u00e9riment\u00e9s<\/li>\n<li>La m\u00e9thode d&rsquo;extraction de la r\u00e9sine vivante pr\u00e9serve les compos\u00e9s naturels du cannabis<\/li>\n<li>Concentr\u00e9 de qualit\u00e9 sup\u00e9rieure issu de la collection soigneusement s\u00e9lectionn\u00e9e de Tribal<\/li>\n<li>Compl\u00e9ment id\u00e9al \u00e0 toute rotation de concentr\u00e9s pour les amateurs d&rsquo;ar\u00f4mes<\/li>\n<\/ul>\n<h4>Profil aromatique et gustatif<\/h4>\n<p>Triple Burger FSE pr\u00e9sente un ar\u00f4me et un go\u00fbt de gaz intense qui domine le palais. Le profil terp\u00e9nique robuste de ce concentr\u00e9 (6,8 %) cr\u00e9e une exp\u00e9rience sensorielle puissante que les amateurs de gaz appr\u00e9cieront. Le processus d&rsquo;extraction \u00e0 spectre complet garantit que la gamme compl\u00e8te de cannabino\u00efdes et de terp\u00e8nes s&rsquo;associe pour offrir des saveurs authentiques de cannabis.  <\/p>\n<h4>Pourquoi choisir les concentr\u00e9s de r\u00e9sine vivante ?<\/h4>\n<p>Les concentr\u00e9s de r\u00e9sine vivante comme le Triple Burger FSE peuvent aider les patients du cannabis m\u00e9dical qui ont besoin d&rsquo;un soulagement puissant et rapide. L&rsquo;extrait \u00e0 spectre complet pr\u00e9serve les compos\u00e9s b\u00e9n\u00e9fiques qui agissent en synergie et peuvent r\u00e9pondre \u00e0 divers besoins de bien-\u00eatre tout en produisant des effets concentr\u00e9s. <\/p>\n<h4>Exp\u00e9dition dans tout le Canada<\/h4>\n<p>Triple Burger FSE livre rapidement \u00e0 travers le Canada avec une livraison gratuite pour les commandes de plus de 150 $. Nous nous assurons que vos concentr\u00e9s arrivent en toute s\u00e9curit\u00e9 et discr\u00e8tement \u00e0 votre porte, en maintenant la qualit\u00e9 du produit tout au long du processus de livraison. <\/p>\n<h4>Avantages et couverture pour les anciens combattants<\/h4>\n<p>L&rsquo;ESF Triple Burger est admissible \u00e0 la couverture d&rsquo;ACC (Anciens Combattants Canada) avec facturation directe par l&rsquo;entremise de la Croix Bleue, ce qui signifie que les anciens combattants admissibles n&rsquo;ont pas \u00e0 d\u00e9bourser d&rsquo;argent. Si vous n&rsquo;avez pas encore votre carte m\u00e9dicale, vous pouvez l&rsquo;obtenir rapidement et facilement \u00e0 l&rsquo;<a href=\"https:\/\/mendomedical.ca\/fr\/carte-medicale\/\">adresse https:\/\/mendomedical.ca\/medical-card\/.<\/a> <\/p>\n<\/div>\n","protected":false},"featured_media":104598,"comment_status":"closed","ping_status":"closed","template":"","meta":{"_acf_changed":false,"site-sidebar-layout":"default","site-content-layout":"","ast-site-content-layout":"default","site-content-style":"default","site-sidebar-style":"default","ast-global-header-display":"","ast-banner-title-visibility":"","ast-main-header-display":"","ast-hfb-above-header-display":"","ast-hfb-below-header-display":"","ast-hfb-mobile-header-display":"","site-post-title":"","ast-breadcrumbs-content":"","ast-featured-img":"","footer-sml-layout":"","ast-disable-related-posts":"","theme-transparent-header-meta":"default","adv-header-id-meta":"","stick-header-meta":"","header-above-stick-meta":"","header-main-stick-meta":"","header-below-stick-meta":"","astra-migrate-meta-layouts":"set","ast-page-background-enabled":"default","ast-page-background-meta":{"desktop":{"background-color":"var(--ast-global-color-4)","background-image":"","background-repeat":"repeat","background-position":"center center","background-size":"auto","background-attachment":"scroll","background-type":"","background-media":"","overlay-type":"","overlay-color":"","overlay-opacity":"","overlay-gradient":""},"tablet":{"background-color":"","background-image":"","background-repeat":"repeat","background-position":"center center","background-size":"auto","background-attachment":"scroll","background-type":"","background-media":"","overlay-type":"","overlay-color":"","overlay-opacity":"","overlay-gradient":""},"mobile":{"background-color":"","background-image":"","background-repeat":"repeat","background-position":"center center","background-size":"auto","background-attachment":"scroll","background-type":"","background-media":"","overlay-type":"","overlay-color":"","overlay-opacity":"","overlay-gradient":""}},"ast-content-background-meta":{"desktop":{"background-color":"var(--ast-global-color-5)","background-image":"","background-repeat":"repeat","background-position":"center center","background-size":"auto","background-attachment":"scroll","background-type":"","background-media":"","overlay-type":"","overlay-color":"","overlay-opacity":"","overlay-gradient":""},"tablet":{"background-color":"var(--ast-global-color-5)","background-image":"","background-repeat":"repeat","background-position":"center center","background-size":"auto","background-attachment":"scroll","background-type":"","background-media":"","overlay-type":"","overlay-color":"","overlay-opacity":"","overlay-gradient":""},"mobile":{"background-color":"var(--ast-global-color-5)","background-image":"","background-repeat":"repeat","background-position":"center center","background-size":"auto","background-attachment":"scroll","background-type":"","background-media":"","overlay-type":"","overlay-color":"","overlay-opacity":"","overlay-gradient":""}}},"product_brand":[4146],"product_cat":[1124,1118],"product_tag":[2629],"product_format_filter":[6369],"class_list":{"0":"post-104596","1":"product","2":"type-product","3":"status-publish","4":"has-post-thumbnail","6":"product_brand-tribal","7":"product_cat-resine-vivante","8":"product_cat-concentres","9":"product_tag-tribal-fr","10":"pa_flavours-gaz-2-fr","11":"pa_format-1g-2-fr","12":"pa_intensity-thc-eleve","13":"pa_marques-tribal-fr","14":"pa_origin-quebec-fr","15":"pa_profil-terpene-caryophyllene","16":"pa_profil-terpene-farnesene-fr","17":"pa_profil-terpene-limonene-fr","18":"pa_thc-73-3","19":"pa_type-de-plante-hybride-indica-fr","20":"product_format_filter-1g","21":"desktop-align-left","22":"tablet-align-left","23":"mobile-align-left","25":"first","26":"outofstock","27":"taxable","28":"shipping-taxable","29":"purchasable","30":"product-type-simple"},"group_of_quantity":0,"min_quantity":0,"max_quantity":"","exclude_order_quantity_value_rules":"no","exclude_category_quantity_rules":"no","combine_variations":"no","acf":[],"_links":{"self":[{"href":"https:\/\/mendomedical.ca\/fr\/wp-json\/wp\/v2\/product\/104596","targetHints":{"allow":["GET"]}}],"collection":[{"href":"https:\/\/mendomedical.ca\/fr\/wp-json\/wp\/v2\/product"}],"about":[{"href":"https:\/\/mendomedical.ca\/fr\/wp-json\/wp\/v2\/types\/product"}],"replies":[{"embeddable":true,"href":"https:\/\/mendomedical.ca\/fr\/wp-json\/wp\/v2\/comments?post=104596"}],"wp:featuredmedia":[{"embeddable":true,"href":"https:\/\/mendomedical.ca\/fr\/wp-json\/wp\/v2\/media\/104598"}],"wp:attachment":[{"href":"https:\/\/mendomedical.ca\/fr\/wp-json\/wp\/v2\/media?parent=104596"}],"wp:term":[{"taxonomy":"product_brand","embeddable":true,"href":"https:\/\/mendomedical.ca\/fr\/wp-json\/wp\/v2\/product_brand?post=104596"},{"taxonomy":"product_cat","embeddable":true,"href":"https:\/\/mendomedical.ca\/fr\/wp-json\/wp\/v2\/product_cat?post=104596"},{"taxonomy":"product_tag","embeddable":true,"href":"https:\/\/mendomedical.ca\/fr\/wp-json\/wp\/v2\/product_tag?post=104596"},{"taxonomy":"product_format_filter","embeddable":true,"href":"https:\/\/mendomedical.ca\/fr\/wp-json\/wp\/v2\/product_format_filter?post=104596"}],"curies":[{"name":"wp","href":"https:\/\/api.w.org\/{rel}","templated":true}]}}