{"id":104482,"date":"2024-08-02T06:33:16","date_gmt":"2024-08-02T10:33:16","guid":{"rendered":"https:\/\/mendomedical.ca\/?post_type=product&#038;p=104482"},"modified":"2025-09-18T11:41:21","modified_gmt":"2025-09-18T15:41:21","slug":"24k-gold-vape","status":"publish","type":"product","link":"https:\/\/mendomedical.ca\/fr\/produit\/24k-gold-vape\/","title":{"rendered":"Vape en or 24K"},"content":{"rendered":"","protected":false},"excerpt":{"rendered":"<div class=\"ExternalClassFB5A4A921DCA47C69F4F15D867491F70\">\n<h3>24K Gold Vape - Premium 510 Thread Cart by DEBUNK<\/h3>\n<p>D\u00e9couvrez la qualit\u00e9 exceptionnelle de 24K Gold Vape, une cartouche \u00e0 filetage 510 m\u00e9ticuleusement fabriqu\u00e9e par DEBUNK. Cette cr\u00e9ation inspir\u00e9e d&rsquo;Amsterdam combine les g\u00e9n\u00e9tiques l\u00e9gendaires de Tangie et Kosher Kush, offrant une exp\u00e9rience sativa cors\u00e9e. Avec 4,91 % de terp\u00e8nes totaux, cette vape de qualit\u00e9 sup\u00e9rieure pr\u00e9sente un m\u00e9lange sophistiqu\u00e9 de distillat et d&rsquo;huile \u00e0 spectre complet, enrichi de terp\u00e8nes botaniques et d\u00e9riv\u00e9s du cannabis pour une puissance et une saveur optimales.  <\/p>\n<h4>Caract\u00e9ristiques principales<\/h4>\n<ul>\n<li>M\u00e9lange de premi\u00e8re qualit\u00e9 de distillat et d&rsquo;huile \u00e0 spectre complet avec 4,91 % de terp\u00e8nes totaux<\/li>\n<li>Tangie x Kosher Kush g\u00e9n\u00e9tique de l&rsquo;h\u00e9ritage d&rsquo;Amsterdam<\/li>\n<li>Sativa cors\u00e9e avec des saveurs d&rsquo;abricot, de cocktail de fruits et de Kush terreux.<\/li>\n<li>Test\u00e9 rigoureusement avec une cartouche de conception avanc\u00e9e pour une performance fiable<\/li>\n<li>Compatible avec les piles standard \u00e0 filetage 510<\/li>\n<\/ul>\n<h4>Profil aromatique et terp\u00e9nique<\/h4>\n<p><strong>Ar\u00f4me :<\/strong> Abricot, Fruit\u00e9, Kush<br \/>\n<strong>Profil d&rsquo;ar\u00f4me :<\/strong> 24K Gold offre des notes distinctives d&rsquo;abricot et de cocktail de fruits, \u00e9quilibr\u00e9es par de profondes nuances terreuses de Kush.<br \/>\n<strong>Profil terp\u00e9nique :<\/strong> Farnes\u00e8ne, Caryophyll\u00e8ne, Myrc\u00e8ne, Humul\u00e8ne, Limon\u00e8ne<br \/>\n<strong>Total des terp\u00e8nes :<\/strong> 4,91%.<\/p>\n<h4>Pourquoi choisir les chariots \u00e0 fils 510<\/h4>\n<p>Les cartouches \u00e0 filetage 510 offrent aux consommateurs de cannabis m\u00e9dical un contr\u00f4le pr\u00e9cis du dosage et des effets constants. Le format pratique permet un soulagement discret, \u00e0 la demande, tout en conservant le spectre complet des cannabino\u00efdes et des terp\u00e8nes qui peuvent aider \u00e0 r\u00e9pondre \u00e0 divers besoins de bien-\u00eatre. <\/p>\n<h4>Exp\u00e9dition dans tout le Canada<\/h4>\n<p>24K Gold Vape livre rapidement \u00e0 travers le Canada. Nous offrons la livraison gratuite pour toutes les commandes de plus de 150 $, ce qui vous assure de recevoir vos produits de cannabis de premi\u00e8re qualit\u00e9 rapidement et discr\u00e8tement. <\/p>\n<h4>Avantages et couverture pour les anciens combattants<\/h4>\n<p>24K Gold Vape est admissible \u00e0 la couverture d&rsquo;ACC (Anciens Combattants Canada) avec facturation directe par l&rsquo;entremise de la Croix Bleue, ce qui signifie que les anciens combattants admissibles n&rsquo;ont pas \u00e0 d\u00e9bourser d&rsquo;argent. Si vous n&rsquo;avez pas encore votre carte m\u00e9dicale, vous pouvez l&rsquo;obtenir rapidement et facilement \u00e0 l&rsquo;<a href=\"https:\/\/mendomedical.ca\/fr\/carte-medicale\/\">adresse https:\/\/mendomedical.ca\/medical-card\/.<\/a> <\/p>\n<\/div>\n","protected":false},"featured_media":104484,"comment_status":"closed","ping_status":"closed","template":"","meta":{"_acf_changed":false,"site-sidebar-layout":"default","site-content-layout":"","ast-site-content-layout":"default","site-content-style":"default","site-sidebar-style":"default","ast-global-header-display":"","ast-banner-title-visibility":"","ast-main-header-display":"","ast-hfb-above-header-display":"","ast-hfb-below-header-display":"","ast-hfb-mobile-header-display":"","site-post-title":"","ast-breadcrumbs-content":"","ast-featured-img":"","footer-sml-layout":"","ast-disable-related-posts":"","theme-transparent-header-meta":"default","adv-header-id-meta":"","stick-header-meta":"","header-above-stick-meta":"","header-main-stick-meta":"","header-below-stick-meta":"","astra-migrate-meta-layouts":"set","ast-page-background-enabled":"default","ast-page-background-meta":{"desktop":{"background-color":"var(--ast-global-color-4)","background-image":"","background-repeat":"repeat","background-position":"center center","background-size":"auto","background-attachment":"scroll","background-type":"","background-media":"","overlay-type":"","overlay-color":"","overlay-opacity":"","overlay-gradient":""},"tablet":{"background-color":"","background-image":"","background-repeat":"repeat","background-position":"center center","background-size":"auto","background-attachment":"scroll","background-type":"","background-media":"","overlay-type":"","overlay-color":"","overlay-opacity":"","overlay-gradient":""},"mobile":{"background-color":"","background-image":"","background-repeat":"repeat","background-position":"center center","background-size":"auto","background-attachment":"scroll","background-type":"","background-media":"","overlay-type":"","overlay-color":"","overlay-opacity":"","overlay-gradient":""}},"ast-content-background-meta":{"desktop":{"background-color":"var(--ast-global-color-5)","background-image":"","background-repeat":"repeat","background-position":"center center","background-size":"auto","background-attachment":"scroll","background-type":"","background-media":"","overlay-type":"","overlay-color":"","overlay-opacity":"","overlay-gradient":""},"tablet":{"background-color":"var(--ast-global-color-5)","background-image":"","background-repeat":"repeat","background-position":"center center","background-size":"auto","background-attachment":"scroll","background-type":"","background-media":"","overlay-type":"","overlay-color":"","overlay-opacity":"","overlay-gradient":""},"mobile":{"background-color":"var(--ast-global-color-5)","background-image":"","background-repeat":"repeat","background-position":"center center","background-size":"auto","background-attachment":"scroll","background-type":"","background-media":"","overlay-type":"","overlay-color":"","overlay-opacity":"","overlay-gradient":""}}},"product_brand":[],"product_cat":[1160,1162,1159],"product_tag":[3535],"product_format_filter":[],"class_list":{"0":"post-104482","1":"product","2":"type-product","3":"status-publish","4":"has-post-thumbnail","6":"product_cat-cart-fil-510","7":"product_cat-distillat","8":"product_cat-vapoteuses","9":"product_tag-debunk-fr","10":"pa_format-1g-2-fr","11":"pa_intensity-thc-eleve","12":"pa_marques-debunk-fr","13":"pa_origin-ontario-fr","14":"pa_thc-83-3-fr","15":"pa_type-de-plante-thc-fr","16":"desktop-align-left","17":"tablet-align-left","18":"mobile-align-left","20":"first","21":"outofstock","22":"taxable","23":"shipping-taxable","24":"purchasable","25":"product-type-simple"},"group_of_quantity":0,"min_quantity":0,"max_quantity":"","exclude_order_quantity_value_rules":"no","exclude_category_quantity_rules":"no","combine_variations":"no","acf":[],"_links":{"self":[{"href":"https:\/\/mendomedical.ca\/fr\/wp-json\/wp\/v2\/product\/104482","targetHints":{"allow":["GET"]}}],"collection":[{"href":"https:\/\/mendomedical.ca\/fr\/wp-json\/wp\/v2\/product"}],"about":[{"href":"https:\/\/mendomedical.ca\/fr\/wp-json\/wp\/v2\/types\/product"}],"replies":[{"embeddable":true,"href":"https:\/\/mendomedical.ca\/fr\/wp-json\/wp\/v2\/comments?post=104482"}],"wp:featuredmedia":[{"embeddable":true,"href":"https:\/\/mendomedical.ca\/fr\/wp-json\/wp\/v2\/media\/104484"}],"wp:attachment":[{"href":"https:\/\/mendomedical.ca\/fr\/wp-json\/wp\/v2\/media?parent=104482"}],"wp:term":[{"taxonomy":"product_brand","embeddable":true,"href":"https:\/\/mendomedical.ca\/fr\/wp-json\/wp\/v2\/product_brand?post=104482"},{"taxonomy":"product_cat","embeddable":true,"href":"https:\/\/mendomedical.ca\/fr\/wp-json\/wp\/v2\/product_cat?post=104482"},{"taxonomy":"product_tag","embeddable":true,"href":"https:\/\/mendomedical.ca\/fr\/wp-json\/wp\/v2\/product_tag?post=104482"},{"taxonomy":"product_format_filter","embeddable":true,"href":"https:\/\/mendomedical.ca\/fr\/wp-json\/wp\/v2\/product_format_filter?post=104482"}],"curies":[{"name":"wp","href":"https:\/\/api.w.org\/{rel}","templated":true}]}}