{"id":104391,"date":"2025-08-08T16:05:51","date_gmt":"2025-08-08T20:05:51","guid":{"rendered":"https:\/\/mendomedical.ca\/?post_type=product&#038;p=104391"},"modified":"2025-10-22T17:08:50","modified_gmt":"2025-10-22T21:08:50","slug":"all-in-one-strawberry-guava-rozzie-stick","status":"publish","type":"product","link":"https:\/\/mendomedical.ca\/fr\/produit\/all-in-one-strawberry-guava-rozzie-stick\/","title":{"rendered":"Rozzie Stick - Strawberry Guava - Stylo \u00e0 Vape Live Rosin tout-en-un"},"content":{"rendered":"","protected":false},"excerpt":{"rendered":"<div class=\"ExternalClassCAC5175BF5CD4C8AB71C605086E301B1\">\n<h3>Rozzie Stick - Strawberry Guava - Stylo \u00e0 Vape Live Rosin tout-en-un<\/h3>\n<p>D\u00e9couvrez le summum de la vaporisation du cannabis avec le Pharmabee Rozzie Stick en Strawberry Guava. Ce stylo \u00e0 vaper tout-en-un de premi\u00e8re qualit\u00e9 d\u00e9livre un taux exceptionnel de 12,63 % de terp\u00e8nes totaux, offrant une exp\u00e9rience riche et authentique du cannabis. Fabriqu\u00e9 avec 100% de Live Rosin, cet appareil pratique fournit une vapeur pure et puissante sans aucun agent de remplissage ou de coupe, garantissant que chaque tirage capture la v\u00e9ritable essence de la plante.  <\/p>\n<h4>Caract\u00e9ristiques principales<\/h4>\n<ul>\n<li>Extraction \u00e0 100 % de la rosine de haschisch vivante pour une puret\u00e9 et une puissance maximales.<\/li>\n<li>Une teneur totale en terp\u00e8nes impressionnante de 12,63 % pour une saveur et des effets am\u00e9lior\u00e9s.<\/li>\n<li>Conception tout-en-un ne n\u00e9cessitant pas de batterie ou de cartouche s\u00e9par\u00e9e<\/li>\n<li>Sans agent de remplissage, ni agent de coupe, ni additif artificiel.<\/li>\n<li>Pr\u00eat \u00e0 l&#8217;emploi avec des performances constantes et fiables<\/li>\n<\/ul>\n<h4>Profil aromatique et terp\u00e9nique<\/h4>\n<p>La variante Strawberry Guava offre un d\u00e9licieux profil de fruits tropicaux qui \u00e9quilibre des notes de fraises sucr\u00e9es avec des nuances exotiques de goyave. Avec une teneur totale en terp\u00e8nes exceptionnelle de 12,63 %, ce stylo \u00e0 vape offre une exp\u00e9rience \u00e0 spectre complet qui peut renforcer l&rsquo;effet d&rsquo;entourage, en soutenant potentiellement divers avantages th\u00e9rapeutiques tout en offrant un voyage gustatif agr\u00e9able \u00e0 chaque tirage. <\/p>\n<h4>Pourquoi choisir All-in-One Vapes<\/h4>\n<p>Les stylos \u00e0 vaper tout-en-un offrent aux consommateurs de cannabis m\u00e9dical une commodit\u00e9 et une discr\u00e9tion in\u00e9gal\u00e9es. Le format pr\u00e9charg\u00e9 et pr\u00eat \u00e0 l&#8217;emploi \u00e9limine le besoin d&rsquo;\u00e9quipement suppl\u00e9mentaire, tandis que les capacit\u00e9s de dosage pr\u00e9cis permettent une meilleure gestion des sympt\u00f4mes tout au long de la journ\u00e9e. <\/p>\n<h4>Exp\u00e9dition dans tout le Canada<\/h4>\n<p>Le Rozzie Stick - Fraise Goyave - Stylo \u00e0 Vape Live Rosin tout-en-un est exp\u00e9di\u00e9 rapidement \u00e0 travers le Canada. Nous offrons une livraison gratuite pour toutes les commandes de plus de 150 $, ce qui vous assure de recevoir vos produits de cannabis m\u00e9dical de fa\u00e7on pratique et discr\u00e8te \u00e0 votre porte. <\/p>\n<h4>Avantages et couverture pour les anciens combattants<\/h4>\n<p>Le Rozzie Stick - Strawberry Guava - All-In-One Live Rosin Vape Pen est admissible \u00e0 la couverture d&rsquo;ACC (Anciens Combattants Canada) avec facturation directe par l&rsquo;interm\u00e9diaire de Blue Cross, ce qui signifie qu&rsquo;il n&rsquo;y a pas de frais \u00e0 d\u00e9bourser pour les anciens combattants admissibles. Si vous n&rsquo;avez pas encore d&rsquo;ordonnance de cannabis m\u00e9dical, vous pouvez en obtenir une rapidement et facilement gr\u00e2ce \u00e0 notre processus simplifi\u00e9 sur <a href=\"https:\/\/mendomedical.ca\/fr\/carte-medicale\/\">https:\/\/mendomedical.ca\/medical-card\/.<\/a> <\/p>\n<\/div>\n","protected":false},"featured_media":181794,"comment_status":"closed","ping_status":"closed","template":"","meta":{"_acf_changed":false,"site-sidebar-layout":"default","site-content-layout":"","ast-site-content-layout":"default","site-content-style":"default","site-sidebar-style":"default","ast-global-header-display":"","ast-banner-title-visibility":"","ast-main-header-display":"","ast-hfb-above-header-display":"","ast-hfb-below-header-display":"","ast-hfb-mobile-header-display":"","site-post-title":"","ast-breadcrumbs-content":"","ast-featured-img":"","footer-sml-layout":"","ast-disable-related-posts":"","theme-transparent-header-meta":"default","adv-header-id-meta":"","stick-header-meta":"","header-above-stick-meta":"","header-main-stick-meta":"","header-below-stick-meta":"","astra-migrate-meta-layouts":"set","ast-page-background-enabled":"default","ast-page-background-meta":{"desktop":{"background-color":"var(--ast-global-color-4)","background-image":"","background-repeat":"repeat","background-position":"center center","background-size":"auto","background-attachment":"scroll","background-type":"","background-media":"","overlay-type":"","overlay-color":"","overlay-opacity":"","overlay-gradient":""},"tablet":{"background-color":"","background-image":"","background-repeat":"repeat","background-position":"center center","background-size":"auto","background-attachment":"scroll","background-type":"","background-media":"","overlay-type":"","overlay-color":"","overlay-opacity":"","overlay-gradient":""},"mobile":{"background-color":"","background-image":"","background-repeat":"repeat","background-position":"center center","background-size":"auto","background-attachment":"scroll","background-type":"","background-media":"","overlay-type":"","overlay-color":"","overlay-opacity":"","overlay-gradient":""}},"ast-content-background-meta":{"desktop":{"background-color":"var(--ast-global-color-5)","background-image":"","background-repeat":"repeat","background-position":"center center","background-size":"auto","background-attachment":"scroll","background-type":"","background-media":"","overlay-type":"","overlay-color":"","overlay-opacity":"","overlay-gradient":""},"tablet":{"background-color":"var(--ast-global-color-5)","background-image":"","background-repeat":"repeat","background-position":"center center","background-size":"auto","background-attachment":"scroll","background-type":"","background-media":"","overlay-type":"","overlay-color":"","overlay-opacity":"","overlay-gradient":""},"mobile":{"background-color":"var(--ast-global-color-5)","background-image":"","background-repeat":"repeat","background-position":"center center","background-size":"auto","background-attachment":"scroll","background-type":"","background-media":"","overlay-type":"","overlay-color":"","overlay-opacity":"","overlay-gradient":""}}},"product_brand":[4474],"product_cat":[1164,1530,1159,1161],"product_tag":[2297],"product_format_filter":[6369],"class_list":{"0":"post-104391","1":"product","2":"type-product","3":"status-publish","4":"has-post-thumbnail","6":"product_brand-pharmabee","7":"product_cat-cured-et-rosin-vivante-fr","8":"product_cat-spectre-complet1","9":"product_cat-vapoteuses","10":"product_cat-tout-en-un","11":"product_tag-pharmabee-fr","12":"pa_intensity-thc-eleve","13":"pa_intensity-low-cbg-fr","14":"pa_marques-pharmabee-fr","15":"pa_origin-quebec-fr","16":"pa_type-de-plante-hybride-indica-fr","17":"product_format_filter-1g","18":"desktop-align-left","19":"tablet-align-left","20":"mobile-align-left","22":"first","23":"outofstock","24":"taxable","25":"shipping-taxable","26":"purchasable","27":"product-type-simple"},"group_of_quantity":0,"min_quantity":0,"max_quantity":"","exclude_order_quantity_value_rules":"no","exclude_category_quantity_rules":"no","combine_variations":"no","acf":[],"_links":{"self":[{"href":"https:\/\/mendomedical.ca\/fr\/wp-json\/wp\/v2\/product\/104391","targetHints":{"allow":["GET"]}}],"collection":[{"href":"https:\/\/mendomedical.ca\/fr\/wp-json\/wp\/v2\/product"}],"about":[{"href":"https:\/\/mendomedical.ca\/fr\/wp-json\/wp\/v2\/types\/product"}],"replies":[{"embeddable":true,"href":"https:\/\/mendomedical.ca\/fr\/wp-json\/wp\/v2\/comments?post=104391"}],"wp:featuredmedia":[{"embeddable":true,"href":"https:\/\/mendomedical.ca\/fr\/wp-json\/wp\/v2\/media\/181794"}],"wp:attachment":[{"href":"https:\/\/mendomedical.ca\/fr\/wp-json\/wp\/v2\/media?parent=104391"}],"wp:term":[{"taxonomy":"product_brand","embeddable":true,"href":"https:\/\/mendomedical.ca\/fr\/wp-json\/wp\/v2\/product_brand?post=104391"},{"taxonomy":"product_cat","embeddable":true,"href":"https:\/\/mendomedical.ca\/fr\/wp-json\/wp\/v2\/product_cat?post=104391"},{"taxonomy":"product_tag","embeddable":true,"href":"https:\/\/mendomedical.ca\/fr\/wp-json\/wp\/v2\/product_tag?post=104391"},{"taxonomy":"product_format_filter","embeddable":true,"href":"https:\/\/mendomedical.ca\/fr\/wp-json\/wp\/v2\/product_format_filter?post=104391"}],"curies":[{"name":"wp","href":"https:\/\/api.w.org\/{rel}","templated":true}]}}