{"id":104363,"date":"2024-08-10T01:19:05","date_gmt":"2024-08-10T05:19:05","guid":{"rendered":"https:\/\/mendomedical.ca\/?post_type=product&#038;p=104363"},"modified":"2025-12-16T14:51:26","modified_gmt":"2025-12-16T19:51:26","slug":"mimosa-live-rosin-vape-cart","status":"publish","type":"product","link":"https:\/\/mendomedical.ca\/fr\/produit\/mimosa-live-rosin-vape-cart\/","title":{"rendered":"Mimosa Live Rosin Vape Cart"},"content":{"rendered":"","protected":false},"excerpt":{"rendered":"<div class=\"ExternalClassAAFA5CF894FB47E697606BFFE822FBD7\">\n<h3>Mimosa Live Rosin Vape Cart<\/h3>\n<h3>TERP\u00c8NES TOTAUX : 7-9%.<\/h3>\n<p>D\u00e9couvrez l&rsquo;essence pure du cannabis avec la cartouche de vape Live Rosin Mimosa de Polar. Cette cartouche premium \u00e0 filetage 510 d\u00e9livre la saveur et les effets authentiques de la souche bien-aim\u00e9e Mimosa par le biais d&rsquo;une extraction de Live Rosin r\u00e9alis\u00e9e de mani\u00e8re experte. Avec 7 \u00e0 9 % de terp\u00e8nes totaux et sans ar\u00f4mes ajout\u00e9s, cette vape cart offre une v\u00e9ritable exp\u00e9rience \u00e0 spectre complet qui capture le profil naturel d&rsquo;agrumes de la souche et ses effets hybrides \u00e9quilibr\u00e9s.  <\/p>\n<h4>Caract\u00e9ristiques principales<\/h4>\n<ul>\n<li>Extraction de Live Rosin de haute qualit\u00e9 avec une teneur en terp\u00e8nes naturels de 7 \u00e0 9%.<\/li>\n<li>Compatibilit\u00e9 avec le filetage 510 pour une utilisation avec des batteries de vape standard<\/li>\n<li>Profil cannabino\u00efde complet comprenant le THC, le CBG et le CBC<\/li>\n<li>Fabriqu\u00e9 \u00e0 la main, sans ar\u00f4mes artificiels ni additifs.<\/li>\n<li>Souche hybride \u00e9quilibr\u00e9e offrant des effets euphoriques et reposants<\/li>\n<\/ul>\n<h4>Profil aromatique et teneur en cannabino\u00efdes<\/h4>\n<p>La vari\u00e9t\u00e9 Mimosa brille par ses ar\u00f4mes caract\u00e9ristiques de fruits et d&rsquo;agrumes, offrant une exp\u00e9rience sensorielle rafra\u00eechissante et stimulante. Ce produit \u00e0 forte teneur en THC pr\u00e9sente un riche profil cannabino\u00efde qui inclut des cannabino\u00efdes mineurs tels que le cannabig\u00e9rol (CBG) et le cannabichrom\u00e8ne (CBC), contribuant \u00e0 un effet d&rsquo;entourage bien \u00e9quilibr\u00e9. L&rsquo;impressionnante teneur en terp\u00e8nes de 7 \u00e0 9 % garantit une saveur robuste et peut am\u00e9liorer le potentiel th\u00e9rapeutique global de cette souche hybride.  <\/p>\n<h4>Pourquoi choisir les carts \u00e0 fils 510<\/h4>\n<p>Les cartouches \u00e0 filetage 510 offrent aux consommateurs de cannabis m\u00e9dical commodit\u00e9, discr\u00e9tion et contr\u00f4le pr\u00e9cis du dosage. Le filetage standardis\u00e9 assure la compatibilit\u00e9 avec la plupart des batteries de vape, tandis que le format pr\u00e9-rempli \u00e9limine le besoin de pr\u00e9paration, ce qui le rend id\u00e9al pour une gestion coh\u00e9rente des sympt\u00f4mes tout au long de la journ\u00e9e. <\/p>\n<h4>Exp\u00e9dition dans tout le Canada<\/h4>\n<p>Le Mimosa Live Rosin Vape Cart est exp\u00e9di\u00e9 rapidement \u00e0 travers le Canada, avec une livraison gratuite disponible pour les commandes de plus de 150 $. Nous assurons un emballage discret et une livraison fiable aux patients de cannabis m\u00e9dical dans tout le pays. <\/p>\n<h4>Avantages et couverture pour les anciens combattants<\/h4>\n<p>Ce produit est admissible \u00e0 la couverture d&rsquo;ACC (Anciens Combattants Canada) avec facturation directe par l&rsquo;entremise de la Croix Bleue, ce qui signifie que les anciens combattants admissibles n&rsquo;ont pas \u00e0 d\u00e9bourser d&rsquo;argent. Si vous n&rsquo;avez pas encore d&rsquo;ordonnance de cannabis m\u00e9dical, <a href=\"https:\/\/mendomedical.ca\/fr\/carte-medicale\/\">obtenez rapidement et facilement votre carte m\u00e9dicale gratuite<\/a> pour acc\u00e9der aux avantages de la couverture. <\/p>\n<\/div>\n","protected":false},"featured_media":235058,"comment_status":"closed","ping_status":"closed","template":"","meta":{"_acf_changed":false,"site-sidebar-layout":"default","site-content-layout":"","ast-site-content-layout":"default","site-content-style":"default","site-sidebar-style":"default","ast-global-header-display":"","ast-banner-title-visibility":"","ast-main-header-display":"","ast-hfb-above-header-display":"","ast-hfb-below-header-display":"","ast-hfb-mobile-header-display":"","site-post-title":"","ast-breadcrumbs-content":"","ast-featured-img":"","footer-sml-layout":"","ast-disable-related-posts":"","theme-transparent-header-meta":"default","adv-header-id-meta":"","stick-header-meta":"","header-above-stick-meta":"","header-main-stick-meta":"","header-below-stick-meta":"","astra-migrate-meta-layouts":"set","ast-page-background-enabled":"default","ast-page-background-meta":{"desktop":{"background-color":"var(--ast-global-color-4)","background-image":"","background-repeat":"repeat","background-position":"center center","background-size":"auto","background-attachment":"scroll","background-type":"","background-media":"","overlay-type":"","overlay-color":"","overlay-opacity":"","overlay-gradient":""},"tablet":{"background-color":"","background-image":"","background-repeat":"repeat","background-position":"center center","background-size":"auto","background-attachment":"scroll","background-type":"","background-media":"","overlay-type":"","overlay-color":"","overlay-opacity":"","overlay-gradient":""},"mobile":{"background-color":"","background-image":"","background-repeat":"repeat","background-position":"center center","background-size":"auto","background-attachment":"scroll","background-type":"","background-media":"","overlay-type":"","overlay-color":"","overlay-opacity":"","overlay-gradient":""}},"ast-content-background-meta":{"desktop":{"background-color":"var(--ast-global-color-5)","background-image":"","background-repeat":"repeat","background-position":"center center","background-size":"auto","background-attachment":"scroll","background-type":"","background-media":"","overlay-type":"","overlay-color":"","overlay-opacity":"","overlay-gradient":""},"tablet":{"background-color":"var(--ast-global-color-5)","background-image":"","background-repeat":"repeat","background-position":"center center","background-size":"auto","background-attachment":"scroll","background-type":"","background-media":"","overlay-type":"","overlay-color":"","overlay-opacity":"","overlay-gradient":""},"mobile":{"background-color":"var(--ast-global-color-5)","background-image":"","background-repeat":"repeat","background-position":"center center","background-size":"auto","background-attachment":"scroll","background-type":"","background-media":"","overlay-type":"","overlay-color":"","overlay-opacity":"","overlay-gradient":""}}},"product_brand":[],"product_cat":[1160,1164,1530,1159],"product_tag":[2283],"product_format_filter":[6369],"class_list":{"0":"post-104363","1":"product","2":"type-product","3":"status-publish","4":"has-post-thumbnail","6":"product_cat-cart-fil-510","7":"product_cat-cured-et-rosin-vivante-fr","8":"product_cat-spectre-complet1","9":"product_cat-vapoteuses","10":"product_tag-polar-fr","11":"pa_flavours-agrume","12":"pa_format-1g-2-fr","13":"pa_intensity-thc-eleve","14":"pa_intensity-low-cbc-fr","15":"pa_intensity-low-cbg-fr","16":"pa_marques-polaire","17":"pa_origin-quebec-fr","18":"pa_thc-74-77-fr","19":"pa_type-de-plante-hybride-sativa-fr","20":"product_format_filter-1g","21":"desktop-align-left","22":"tablet-align-left","23":"mobile-align-left","25":"first","26":"outofstock","27":"taxable","28":"shipping-taxable","29":"purchasable","30":"product-type-simple"},"group_of_quantity":0,"min_quantity":0,"max_quantity":"","exclude_order_quantity_value_rules":"no","exclude_category_quantity_rules":"no","combine_variations":"no","acf":[],"_links":{"self":[{"href":"https:\/\/mendomedical.ca\/fr\/wp-json\/wp\/v2\/product\/104363","targetHints":{"allow":["GET"]}}],"collection":[{"href":"https:\/\/mendomedical.ca\/fr\/wp-json\/wp\/v2\/product"}],"about":[{"href":"https:\/\/mendomedical.ca\/fr\/wp-json\/wp\/v2\/types\/product"}],"replies":[{"embeddable":true,"href":"https:\/\/mendomedical.ca\/fr\/wp-json\/wp\/v2\/comments?post=104363"}],"wp:featuredmedia":[{"embeddable":true,"href":"https:\/\/mendomedical.ca\/fr\/wp-json\/wp\/v2\/media\/235058"}],"wp:attachment":[{"href":"https:\/\/mendomedical.ca\/fr\/wp-json\/wp\/v2\/media?parent=104363"}],"wp:term":[{"taxonomy":"product_brand","embeddable":true,"href":"https:\/\/mendomedical.ca\/fr\/wp-json\/wp\/v2\/product_brand?post=104363"},{"taxonomy":"product_cat","embeddable":true,"href":"https:\/\/mendomedical.ca\/fr\/wp-json\/wp\/v2\/product_cat?post=104363"},{"taxonomy":"product_tag","embeddable":true,"href":"https:\/\/mendomedical.ca\/fr\/wp-json\/wp\/v2\/product_tag?post=104363"},{"taxonomy":"product_format_filter","embeddable":true,"href":"https:\/\/mendomedical.ca\/fr\/wp-json\/wp\/v2\/product_format_filter?post=104363"}],"curies":[{"name":"wp","href":"https:\/\/api.w.org\/{rel}","templated":true}]}}