{"id":104359,"date":"2025-08-10T01:04:40","date_gmt":"2025-08-10T05:04:40","guid":{"rendered":"https:\/\/mendomedical.ca\/?post_type=product&#038;p=104359"},"modified":"2026-03-25T08:18:33","modified_gmt":"2026-03-25T12:18:33","slug":"purple-punch-live-rosin-vape-cart","status":"publish","type":"product","link":"https:\/\/mendomedical.ca\/fr\/produit\/purple-punch-live-rosin-vape-cart\/","title":{"rendered":"Purple Punch Live Rosin Vape Cart"},"content":{"rendered":"","protected":false},"excerpt":{"rendered":"<div class=\"ExternalClass50767C1C3B3B4CC6AC133DBACEDDC682\">\n<h3>Purple Punch Live Rosin Vape Cart<\/h3>\n<p>D\u00e9couvrez la qualit\u00e9 exceptionnelle de la Vape Cart Purple Punch Live Rosin de Polar, une cartouche \u00e0 filetage 510 de premi\u00e8re qualit\u00e9 fabriqu\u00e9e gr\u00e2ce \u00e0 des processus d&rsquo;extraction m\u00e9ticuleux sans solvant. Cette Live Rosin trait\u00e9e \u00e0 la main d\u00e9livre l&rsquo;essence authentique du cannabis Purple Punch, avec sa douceur caract\u00e9ristique \u00e0 base de raisin et ses ar\u00f4mes floraux, offrant aux consommateurs de cannabis m\u00e9dical une exp\u00e9rience de vapotage \u00e0 spectre complet, sans aucun ar\u00f4me ou produit de remplissage ajout\u00e9. <\/p>\n<h4>Caract\u00e9ristiques principales<\/h4>\n<ul>\n<li>Formule tr\u00e8s puissante avec 67 % de THC pour une gestion efficace des sympt\u00f4mes<\/li>\n<li>Profil cannabino\u00efde riche comprenant 7,78 % de CBG, 1,01 % de CBC et 0,64 % de THCV.<\/li>\n<li>Une teneur en terp\u00e8nes totaux exceptionnelle de 12 % pour des bienfaits th\u00e9rapeutiques accrus.<\/li>\n<li>L&rsquo;extraction de la Live Rosin sans solvant pr\u00e9serve les compos\u00e9s naturels de la plante.<\/li>\n<li>Compatible avec les batteries de vape standard \u00e0 filetage 510<\/li>\n<\/ul>\n<h4>Profil aromatique et terp\u00e9nique<\/h4>\n<p>Ce Purple Punch Live Rosin pr\u00e9sente une impressionnante teneur en terp\u00e8nes naturels de 12 %, domin\u00e9e par le farnes\u00e8ne (3,76 %), le limon\u00e8ne (2,79 %) et le caryophyll\u00e8ne (1,82 %). Ces terp\u00e8nes cr\u00e9ent un profil aromatique complexe caract\u00e9ris\u00e9 par des notes de raisin sucr\u00e9 rappelant les vari\u00e9t\u00e9s de dessert, compl\u00e9t\u00e9es par des nuances florales fra\u00eeches. L&rsquo;extraction de la Live Rosin \u00e0 spectre complet vous permet d&rsquo;exp\u00e9rimenter la gamme compl\u00e8te des compos\u00e9s du cannabis, comme la nature l&rsquo;a pr\u00e9vu.  <\/p>\n<h4>Pourquoi choisir les carts \u00e0 fils 510<\/h4>\n<p>Les cartouches \u00e0 filetage 510 offrent aux consommateurs de cannabis m\u00e9dical un contr\u00f4le pr\u00e9cis du dosage et une consommation pratique et discr\u00e8te. La m\u00e9thode de vaporisation peut permettre une apparition plus rapide des effets par rapport \u00e0 la consommation par voie orale, ce qui la rend appropri\u00e9e pour ceux qui recherchent un soulagement rapide des sympt\u00f4mes. <\/p>\n<h4>Exp\u00e9dition dans tout le Canada<\/h4>\n<p>Purple Punch Live Rosin Vape Cart est exp\u00e9di\u00e9 rapidement \u00e0 travers le Canada. Nous offrons une livraison gratuite pour toutes les commandes de plus de 150 $, ce qui vous assure de recevoir vos produits de cannabis m\u00e9dical de fa\u00e7on efficace et abordable. <\/p>\n<h4>Avantages et couverture pour les anciens combattants<\/h4>\n<p>Purple Punch Live Rosin Vape Cart est admissible \u00e0 la couverture d&rsquo;ACC (Anciens Combattants Canada) avec facturation directe par l&rsquo;entremise de Blue Cross, ce qui signifie qu&rsquo;aucun d\u00e9bours\u00e9 n&rsquo;est n\u00e9cessaire pour les anciens combattants admissibles. Si vous n&rsquo;avez pas encore d&rsquo;ordonnance de cannabis m\u00e9dical, vous pouvez <a href=\"https:\/\/mendomedical.ca\/fr\/carte-medicale\/\">obtenir votre carte m\u00e9dicale gratuite rapidement et facilement<\/a> gr\u00e2ce \u00e0 notre processus simplifi\u00e9. <\/p>\n<\/div>\n","protected":false},"featured_media":235058,"comment_status":"closed","ping_status":"closed","template":"","meta":{"_acf_changed":false,"site-sidebar-layout":"default","site-content-layout":"","ast-site-content-layout":"default","site-content-style":"default","site-sidebar-style":"default","ast-global-header-display":"","ast-banner-title-visibility":"","ast-main-header-display":"","ast-hfb-above-header-display":"","ast-hfb-below-header-display":"","ast-hfb-mobile-header-display":"","site-post-title":"","ast-breadcrumbs-content":"","ast-featured-img":"","footer-sml-layout":"","ast-disable-related-posts":"","theme-transparent-header-meta":"default","adv-header-id-meta":"","stick-header-meta":"","header-above-stick-meta":"","header-main-stick-meta":"","header-below-stick-meta":"","astra-migrate-meta-layouts":"set","ast-page-background-enabled":"default","ast-page-background-meta":{"desktop":{"background-color":"var(--ast-global-color-4)","background-image":"","background-repeat":"repeat","background-position":"center center","background-size":"auto","background-attachment":"scroll","background-type":"","background-media":"","overlay-type":"","overlay-color":"","overlay-opacity":"","overlay-gradient":""},"tablet":{"background-color":"","background-image":"","background-repeat":"repeat","background-position":"center center","background-size":"auto","background-attachment":"scroll","background-type":"","background-media":"","overlay-type":"","overlay-color":"","overlay-opacity":"","overlay-gradient":""},"mobile":{"background-color":"","background-image":"","background-repeat":"repeat","background-position":"center center","background-size":"auto","background-attachment":"scroll","background-type":"","background-media":"","overlay-type":"","overlay-color":"","overlay-opacity":"","overlay-gradient":""}},"ast-content-background-meta":{"desktop":{"background-color":"var(--ast-global-color-5)","background-image":"","background-repeat":"repeat","background-position":"center center","background-size":"auto","background-attachment":"scroll","background-type":"","background-media":"","overlay-type":"","overlay-color":"","overlay-opacity":"","overlay-gradient":""},"tablet":{"background-color":"var(--ast-global-color-5)","background-image":"","background-repeat":"repeat","background-position":"center center","background-size":"auto","background-attachment":"scroll","background-type":"","background-media":"","overlay-type":"","overlay-color":"","overlay-opacity":"","overlay-gradient":""},"mobile":{"background-color":"var(--ast-global-color-5)","background-image":"","background-repeat":"repeat","background-position":"center center","background-size":"auto","background-attachment":"scroll","background-type":"","background-media":"","overlay-type":"","overlay-color":"","overlay-opacity":"","overlay-gradient":""}}},"product_brand":[],"product_cat":[1160,1164,1530,1159],"product_tag":[2283],"product_format_filter":[],"class_list":{"0":"post-104359","1":"product","2":"type-product","3":"status-publish","4":"has-post-thumbnail","6":"product_cat-cart-fil-510","7":"product_cat-cured-et-rosin-vivante-fr","8":"product_cat-spectre-complet1","9":"product_cat-vapoteuses","10":"product_tag-polar-fr","11":"pa_cbc-1-fr","12":"pa_format-1g-2-fr","13":"pa_intensity-thc-eleve","14":"pa_intensity-low-cbc-fr","15":"pa_intensity-low-cbg-fr","16":"pa_marques-polaire","17":"pa_origin-quebec-fr","18":"pa_thc-67-26-fr","19":"pa_type-de-plante-indica-fr","20":"desktop-align-left","21":"tablet-align-left","22":"mobile-align-left","24":"first","25":"instock","26":"taxable","27":"shipping-taxable","28":"purchasable","29":"product-type-simple"},"group_of_quantity":0,"min_quantity":0,"max_quantity":"","exclude_order_quantity_value_rules":"no","exclude_category_quantity_rules":"no","combine_variations":"no","acf":[],"_links":{"self":[{"href":"https:\/\/mendomedical.ca\/fr\/wp-json\/wp\/v2\/product\/104359","targetHints":{"allow":["GET"]}}],"collection":[{"href":"https:\/\/mendomedical.ca\/fr\/wp-json\/wp\/v2\/product"}],"about":[{"href":"https:\/\/mendomedical.ca\/fr\/wp-json\/wp\/v2\/types\/product"}],"replies":[{"embeddable":true,"href":"https:\/\/mendomedical.ca\/fr\/wp-json\/wp\/v2\/comments?post=104359"}],"wp:featuredmedia":[{"embeddable":true,"href":"https:\/\/mendomedical.ca\/fr\/wp-json\/wp\/v2\/media\/235058"}],"wp:attachment":[{"href":"https:\/\/mendomedical.ca\/fr\/wp-json\/wp\/v2\/media?parent=104359"}],"wp:term":[{"taxonomy":"product_brand","embeddable":true,"href":"https:\/\/mendomedical.ca\/fr\/wp-json\/wp\/v2\/product_brand?post=104359"},{"taxonomy":"product_cat","embeddable":true,"href":"https:\/\/mendomedical.ca\/fr\/wp-json\/wp\/v2\/product_cat?post=104359"},{"taxonomy":"product_tag","embeddable":true,"href":"https:\/\/mendomedical.ca\/fr\/wp-json\/wp\/v2\/product_tag?post=104359"},{"taxonomy":"product_format_filter","embeddable":true,"href":"https:\/\/mendomedical.ca\/fr\/wp-json\/wp\/v2\/product_format_filter?post=104359"}],"curies":[{"name":"wp","href":"https:\/\/api.w.org\/{rel}","templated":true}]}}