{"id":104349,"date":"2024-08-10T01:10:27","date_gmt":"2024-08-10T05:10:27","guid":{"rendered":"https:\/\/mendomedical.ca\/?post_type=product&#038;p=104349"},"modified":"2026-04-11T13:40:28","modified_gmt":"2026-04-11T17:40:28","slug":"pink-slurricane-live-rosin-vape-cart-par-polar","status":"publish","type":"product","link":"https:\/\/mendomedical.ca\/fr\/produit\/pink-slurricane-live-rosin-vape-cart-par-polar\/","title":{"rendered":"Rose Slurricane Live Rosin Vape Cart"},"content":{"rendered":"","protected":false},"excerpt":{"rendered":"<div class=\"ExternalClassD525073FE8A74507B9AC432A40C96A8E\">\n<h3>Rose Slurricane Live Rosin Vape Cart<\/h3>\n<h3>TERP\u00c8NES TOTAUX 9-12%.<\/h3>\n<p>D\u00e9couvrez l&rsquo;essence pure du cannabis avec la cartouche de vape Live Rosin de Polar&rsquo;s Pink Slurricane. Cette cartouche de qualit\u00e9 sup\u00e9rieure \u00e0 filetage 510 offre une puissance exceptionnelle avec plus de 71% de THC, compl\u00e9t\u00e9e par un riche profil de cannabino\u00efdes mineurs, dont 7,08% de CBG et 1,61% de CBC. Fabriqu\u00e9e selon les m\u00e9thodes d&rsquo;extraction de la rosine vivante, cette vape cart pr\u00e9serve les terp\u00e8nes et les cannabino\u00efdes naturels de la plante pour une exp\u00e9rience authentique et compl\u00e8te, sans aucun ar\u00f4me ajout\u00e9.  <\/p>\n<h4>Caract\u00e9ristiques principales<\/h4>\n<ul>\n<li>Formule tr\u00e8s puissante avec plus de 71% de THC et des cannabino\u00efdes mineurs<\/li>\n<li>Extrait de Live Rosin \u00e0 spectre complet avec 9-12% de Terp\u00e8nes totaux<\/li>\n<li>Sans ar\u00f4mes ajout\u00e9s - uniquement de l&rsquo;extrait de cannabis pur<\/li>\n<li>Compatible avec les piles standard \u00e0 filetage 510<\/li>\n<li>Trait\u00e9e \u00e0 la main avec soin pour une qualit\u00e9 sup\u00e9rieure<\/li>\n<\/ul>\n<h4>Profil aromatique et terp\u00e9nique<\/h4>\n<p>Pink Slurricane offre une exp\u00e9rience sensorielle d\u00e9licieuse avec son go\u00fbt naturellement sucr\u00e9 combinant des notes de baies et d&rsquo;herbes. Les terp\u00e8nes dominants - limon\u00e8ne, farn\u00e9s\u00e8ne et caryophyll\u00e8ne - agissent en synergie pour cr\u00e9er ce profil de saveur unique tout en contribuant potentiellement aux effets globaux. Avec 9 \u00e0 12 % de terp\u00e8nes totaux, cette vape de Live Rosin offre une saveur robuste en plus de sa puissante teneur en cannabino\u00efdes.  <\/p>\n<h4>Pourquoi choisir les carts \u00e0 fils 510<\/h4>\n<p>Les cartouches \u00e0 filetage 510 offrent aux consommateurs de cannabis m\u00e9dical des options de dosage pratiques, discr\u00e8tes et pr\u00e9cises. Le filetage standardis\u00e9 assure la compatibilit\u00e9 avec la plupart des batteries de vapotage, tandis que le format concentr\u00e9 permet une apparition rapide des effets et une portabilit\u00e9 ais\u00e9e. <\/p>\n<h4>Exp\u00e9dition dans tout le Canada<\/h4>\n<p>Le Live Rosin Vape Cart de Pink Slurricane est exp\u00e9di\u00e9 rapidement \u00e0 travers le Canada. Nous offrons une livraison gratuite pour toutes les commandes de plus de 150 $, ce qui vous assure de recevoir vos produits de cannabis m\u00e9dical rapidement et de fa\u00e7on pratique. <\/p>\n<h4>Avantages et couverture pour les anciens combattants<\/h4>\n<p>Pink Slurricane Live Rosin Vape Cart est admissible \u00e0 la couverture d&rsquo;ACC (Anciens Combattants Canada) avec facturation directe par la Croix Bleue, ce qui signifie qu&rsquo;il n&rsquo;y a pas de frais \u00e0 d\u00e9bourser pour les anciens combattants admissibles. Si vous n&rsquo;avez pas encore d&rsquo;ordonnance de cannabis m\u00e9dical, vous pouvez <a href=\"https:\/\/mendomedical.ca\/fr\/carte-medicale\/\">obtenir votre carte m\u00e9dicale gratuite rapidement et facilement<\/a>. <\/p>\n<\/div>\n","protected":false},"featured_media":235058,"comment_status":"closed","ping_status":"closed","template":"","meta":{"_acf_changed":false,"site-sidebar-layout":"default","site-content-layout":"","ast-site-content-layout":"default","site-content-style":"default","site-sidebar-style":"default","ast-global-header-display":"","ast-banner-title-visibility":"","ast-main-header-display":"","ast-hfb-above-header-display":"","ast-hfb-below-header-display":"","ast-hfb-mobile-header-display":"","site-post-title":"","ast-breadcrumbs-content":"","ast-featured-img":"","footer-sml-layout":"","ast-disable-related-posts":"","theme-transparent-header-meta":"default","adv-header-id-meta":"","stick-header-meta":"","header-above-stick-meta":"","header-main-stick-meta":"","header-below-stick-meta":"","astra-migrate-meta-layouts":"set","ast-page-background-enabled":"default","ast-page-background-meta":{"desktop":{"background-color":"var(--ast-global-color-4)","background-image":"","background-repeat":"repeat","background-position":"center center","background-size":"auto","background-attachment":"scroll","background-type":"","background-media":"","overlay-type":"","overlay-color":"","overlay-opacity":"","overlay-gradient":""},"tablet":{"background-color":"","background-image":"","background-repeat":"repeat","background-position":"center center","background-size":"auto","background-attachment":"scroll","background-type":"","background-media":"","overlay-type":"","overlay-color":"","overlay-opacity":"","overlay-gradient":""},"mobile":{"background-color":"","background-image":"","background-repeat":"repeat","background-position":"center center","background-size":"auto","background-attachment":"scroll","background-type":"","background-media":"","overlay-type":"","overlay-color":"","overlay-opacity":"","overlay-gradient":""}},"ast-content-background-meta":{"desktop":{"background-color":"var(--ast-global-color-5)","background-image":"","background-repeat":"repeat","background-position":"center center","background-size":"auto","background-attachment":"scroll","background-type":"","background-media":"","overlay-type":"","overlay-color":"","overlay-opacity":"","overlay-gradient":""},"tablet":{"background-color":"var(--ast-global-color-5)","background-image":"","background-repeat":"repeat","background-position":"center center","background-size":"auto","background-attachment":"scroll","background-type":"","background-media":"","overlay-type":"","overlay-color":"","overlay-opacity":"","overlay-gradient":""},"mobile":{"background-color":"var(--ast-global-color-5)","background-image":"","background-repeat":"repeat","background-position":"center center","background-size":"auto","background-attachment":"scroll","background-type":"","background-media":"","overlay-type":"","overlay-color":"","overlay-opacity":"","overlay-gradient":""}}},"product_brand":[],"product_cat":[1160,1164,1530,1159],"product_tag":[2283],"product_format_filter":[6369],"class_list":{"0":"post-104349","1":"product","2":"type-product","3":"status-publish","4":"has-post-thumbnail","6":"product_cat-cart-fil-510","7":"product_cat-cured-et-rosin-vivante-fr","8":"product_cat-spectre-complet1","9":"product_cat-vapoteuses","10":"product_tag-polar-fr","11":"pa_format-1g-2-fr","12":"pa_intensity-thc-eleve","13":"pa_intensity-low-cbc-fr","14":"pa_intensity-low-cbg-fr","15":"pa_marques-polaire","16":"pa_origin-quebec-fr","17":"pa_thc-71-75-fr","18":"pa_type-de-plante-hybride-indica-fr","19":"product_format_filter-1g","20":"desktop-align-left","21":"tablet-align-left","22":"mobile-align-left","24":"first","25":"instock","26":"taxable","27":"shipping-taxable","28":"purchasable","29":"product-type-simple"},"group_of_quantity":0,"min_quantity":0,"max_quantity":"","exclude_order_quantity_value_rules":"no","exclude_category_quantity_rules":"no","combine_variations":"no","acf":[],"_links":{"self":[{"href":"https:\/\/mendomedical.ca\/fr\/wp-json\/wp\/v2\/product\/104349","targetHints":{"allow":["GET"]}}],"collection":[{"href":"https:\/\/mendomedical.ca\/fr\/wp-json\/wp\/v2\/product"}],"about":[{"href":"https:\/\/mendomedical.ca\/fr\/wp-json\/wp\/v2\/types\/product"}],"replies":[{"embeddable":true,"href":"https:\/\/mendomedical.ca\/fr\/wp-json\/wp\/v2\/comments?post=104349"}],"wp:featuredmedia":[{"embeddable":true,"href":"https:\/\/mendomedical.ca\/fr\/wp-json\/wp\/v2\/media\/235058"}],"wp:attachment":[{"href":"https:\/\/mendomedical.ca\/fr\/wp-json\/wp\/v2\/media?parent=104349"}],"wp:term":[{"taxonomy":"product_brand","embeddable":true,"href":"https:\/\/mendomedical.ca\/fr\/wp-json\/wp\/v2\/product_brand?post=104349"},{"taxonomy":"product_cat","embeddable":true,"href":"https:\/\/mendomedical.ca\/fr\/wp-json\/wp\/v2\/product_cat?post=104349"},{"taxonomy":"product_tag","embeddable":true,"href":"https:\/\/mendomedical.ca\/fr\/wp-json\/wp\/v2\/product_tag?post=104349"},{"taxonomy":"product_format_filter","embeddable":true,"href":"https:\/\/mendomedical.ca\/fr\/wp-json\/wp\/v2\/product_format_filter?post=104349"}],"curies":[{"name":"wp","href":"https:\/\/api.w.org\/{rel}","templated":true}]}}