{"id":104284,"date":"2024-08-01T15:54:57","date_gmt":"2024-08-01T19:54:57","guid":{"rendered":"https:\/\/mendomedical.ca\/?post_type=product&#038;p=104284"},"modified":"2025-04-21T12:33:22","modified_gmt":"2025-04-21T16:33:22","slug":"super-sour-diesel-og-vape-cart","status":"publish","type":"product","link":"https:\/\/mendomedical.ca\/fr\/produit\/super-sour-diesel-og-vape-cart\/","title":{"rendered":"Super Sour Diesel OG Vape Cart"},"content":{"rendered":"","protected":false},"excerpt":{"rendered":"<p><strong>D\u00e9couvrez l\u2019essence audacieuse et revigorante du Super Sour Diesel, une cartouche 510 haut de gamme con\u00e7ue pour am\u00e9liorer votre exp\u00e9rience de vapotage. Fabriqu\u00e9e \u00e0 partir de terp\u00e8nes natifs du cannabis, cette vape \u00e0 dominante sativa offre un go\u00fbt et un ar\u00f4me v\u00e9ritablement authentiques, ce qui en fait le choix parfait pour les connaisseurs qui appr\u00e9cient la saveur naturelle du cannabis dans leurs produits de vape. Avec sa saveur saisissante de diesel citronn\u00e9 et ses notes de pin et de terre, Super Sour Diesel offre un voyage sensoriel aussi exaltant que satisfaisant.<\/strong><\/p>\n<p>&nbsp;<\/p>\n<h5>Attrait visuel:<\/h5>\n<p>Super Sour Diesel captive l\u2019\u0153il avec son design \u00e9l\u00e9gant et moderne, dot\u00e9 d\u2019un embout en chanvre durable avec un grand trou d\u2019a\u00e9ration. La cartouche 510 est visuellement frappante, avec la riche teinte ambr\u00e9e du distillat scintillant \u00e0 l\u2019int\u00e9rieur. Chaque bouff\u00e9e promet un d\u00e9lice visuel, alors que les nuages denses de vapeur tourbillonnent et se dissipent, laissant derri\u00e8re eux une tra\u00een\u00e9e de bonheur aromatique.<\/p>\n<h5>Profil de saveur\u00a0:<\/h5>\n<p>Laissez-vous tenter par la saveur audacieuse et complexe du Super Sour Diesel qui ravit vos papilles gustatives avec ses notes de diesel citronn\u00e9es et ses notes de pin et de terre. Fabriqu\u00e9e \u00e0 partir de terp\u00e8nes natifs du cannabis, le limon\u00e8ne et le myrc\u00e8ne, cette vape offre un go\u00fbt authentique de la plante de cannabis, sans avoir besoin d\u2019ar\u00f4mes artificiels. Chaque inspiration est une explosion de carburant aigre, suivie de nuances subtiles de pin et de terre, cr\u00e9ant un profil de saveur \u00e0 plusieurs niveaux \u00e0 la fois rafra\u00eechissant et satisfaisant.<\/p>\n<h5>Profil cannabino\u00efde et terp\u00e8ne\u00a0:<\/h5>\n<p>Super Sour Diesel poss\u00e8de un profil \u00e9quilibr\u00e9 de cannabino\u00efdes et de terp\u00e8nes, offrant un m\u00e9lange harmonieux d\u2019effets \u00e9l\u00e9vateurs et de complexit\u00e9 aromatique. Avec sa g\u00e9n\u00e9tique \u00e0 dominante sativa, elle d\u00e9livre un effet euphorique et \u00e9nergisant qui \u00e9l\u00e8ve l\u2019esprit et revigore l\u2019esprit. De plus, son profil terp\u00e9nique est riche en limon\u00e8ne et en myrc\u00e8ne, rehaussant sa saveur de diesel citronn\u00e9 et contribuant \u00e0 ses bienfaits th\u00e9rapeutiques.<\/p>\n<h5>Effets:<\/h5>\n<p>D\u00e9couvrez les effets exaltants du Super Sour Diesel et \u00e9levez votre exp\u00e9rience de vapotage vers de nouveaux sommets. Que vous commenciez votre journ\u00e9e du bon pied ou que vous recherchiez l\u2019inspiration pour des activit\u00e9s cr\u00e9atives, cette vape \u00e0 dominante sativa ravira \u00e0 coup s\u00fbr vos sens et revigorera votre esprit. Avec sa saveur authentique, ses effets \u00e9quilibr\u00e9s et sa conception durable, Super Sour Diesel est le choix parfait pour les amateurs de cannabis qui exigent le meilleur.<\/p>\n","protected":false},"featured_media":104274,"comment_status":"closed","ping_status":"closed","template":"","meta":{"_acf_changed":false,"site-sidebar-layout":"default","site-content-layout":"","ast-site-content-layout":"default","site-content-style":"default","site-sidebar-style":"default","ast-global-header-display":"","ast-banner-title-visibility":"","ast-main-header-display":"","ast-hfb-above-header-display":"","ast-hfb-below-header-display":"","ast-hfb-mobile-header-display":"","site-post-title":"","ast-breadcrumbs-content":"","ast-featured-img":"","footer-sml-layout":"","ast-disable-related-posts":"","theme-transparent-header-meta":"default","adv-header-id-meta":"","stick-header-meta":"","header-above-stick-meta":"","header-main-stick-meta":"","header-below-stick-meta":"","astra-migrate-meta-layouts":"set","ast-page-background-enabled":"default","ast-page-background-meta":{"desktop":{"background-color":"var(--ast-global-color-4)","background-image":"","background-repeat":"repeat","background-position":"center center","background-size":"auto","background-attachment":"scroll","background-type":"","background-media":"","overlay-type":"","overlay-color":"","overlay-opacity":"","overlay-gradient":""},"tablet":{"background-color":"","background-image":"","background-repeat":"repeat","background-position":"center center","background-size":"auto","background-attachment":"scroll","background-type":"","background-media":"","overlay-type":"","overlay-color":"","overlay-opacity":"","overlay-gradient":""},"mobile":{"background-color":"","background-image":"","background-repeat":"repeat","background-position":"center center","background-size":"auto","background-attachment":"scroll","background-type":"","background-media":"","overlay-type":"","overlay-color":"","overlay-opacity":"","overlay-gradient":""}},"ast-content-background-meta":{"desktop":{"background-color":"var(--ast-global-color-5)","background-image":"","background-repeat":"repeat","background-position":"center center","background-size":"auto","background-attachment":"scroll","background-type":"","background-media":"","overlay-type":"","overlay-color":"","overlay-opacity":"","overlay-gradient":""},"tablet":{"background-color":"var(--ast-global-color-5)","background-image":"","background-repeat":"repeat","background-position":"center center","background-size":"auto","background-attachment":"scroll","background-type":"","background-media":"","overlay-type":"","overlay-color":"","overlay-opacity":"","overlay-gradient":""},"mobile":{"background-color":"var(--ast-global-color-5)","background-image":"","background-repeat":"repeat","background-position":"center center","background-size":"auto","background-attachment":"scroll","background-type":"","background-media":"","overlay-type":"","overlay-color":"","overlay-opacity":"","overlay-gradient":""}}},"product_brand":[],"product_cat":[1160,1162,1159],"product_tag":[2893],"product_format_filter":[],"class_list":{"0":"post-104284","1":"product","2":"type-product","3":"status-publish","4":"has-post-thumbnail","6":"product_cat-cart-fil-510","7":"product_cat-distillat","8":"product_cat-vapoteuses","9":"product_tag-figr-fr","10":"pa_flavours-gazeux-diesel","11":"pa_flavours-piney-fr","12":"pa_flavours-terreux","13":"pa_format-1g-2-fr","14":"pa_intensity-thc-eleve","15":"pa_marques-figr-fr","16":"pa_origin-ile-du-prince-edouard","17":"pa_thc-89-4-fr","18":"pa_type-de-plante-thc-fr","19":"desktop-align-left","20":"tablet-align-left","21":"mobile-align-left","23":"first","24":"outofstock","25":"taxable","26":"shipping-taxable","27":"purchasable","28":"product-type-simple"},"group_of_quantity":0,"min_quantity":0,"max_quantity":"","exclude_order_quantity_value_rules":"no","exclude_category_quantity_rules":"no","combine_variations":"no","acf":[],"_links":{"self":[{"href":"https:\/\/mendomedical.ca\/fr\/wp-json\/wp\/v2\/product\/104284","targetHints":{"allow":["GET"]}}],"collection":[{"href":"https:\/\/mendomedical.ca\/fr\/wp-json\/wp\/v2\/product"}],"about":[{"href":"https:\/\/mendomedical.ca\/fr\/wp-json\/wp\/v2\/types\/product"}],"replies":[{"embeddable":true,"href":"https:\/\/mendomedical.ca\/fr\/wp-json\/wp\/v2\/comments?post=104284"}],"wp:featuredmedia":[{"embeddable":true,"href":"https:\/\/mendomedical.ca\/fr\/wp-json\/wp\/v2\/media\/104274"}],"wp:attachment":[{"href":"https:\/\/mendomedical.ca\/fr\/wp-json\/wp\/v2\/media?parent=104284"}],"wp:term":[{"taxonomy":"product_brand","embeddable":true,"href":"https:\/\/mendomedical.ca\/fr\/wp-json\/wp\/v2\/product_brand?post=104284"},{"taxonomy":"product_cat","embeddable":true,"href":"https:\/\/mendomedical.ca\/fr\/wp-json\/wp\/v2\/product_cat?post=104284"},{"taxonomy":"product_tag","embeddable":true,"href":"https:\/\/mendomedical.ca\/fr\/wp-json\/wp\/v2\/product_tag?post=104284"},{"taxonomy":"product_format_filter","embeddable":true,"href":"https:\/\/mendomedical.ca\/fr\/wp-json\/wp\/v2\/product_format_filter?post=104284"}],"curies":[{"name":"wp","href":"https:\/\/api.w.org\/{rel}","templated":true}]}}