{"id":104282,"date":"2024-08-01T15:49:32","date_gmt":"2024-08-01T19:49:32","guid":{"rendered":"https:\/\/mendomedical.ca\/?post_type=product&#038;p=104282"},"modified":"2025-03-25T11:36:57","modified_gmt":"2025-03-25T15:36:57","slug":"frozen-orchard-vape-cart","status":"publish","type":"product","link":"https:\/\/mendomedical.ca\/fr\/produit\/frozen-orchard-vape-cart\/","title":{"rendered":"Frozen Orchard Vape Cart"},"content":{"rendered":"","protected":false},"excerpt":{"rendered":"<p><strong>Embarquez pour un voyage rafra\u00eechissant avec Frozen Orchard, une vape hybride qui combine le froid glacial de la menthe avec la riche douceur des pommes m\u00fbres. Lancement avec une gamme impressionnante de THC de 87 \u00e0 93 %. Que vous cherchiez \u00e0 vous soulager de la chaleur estivale ou \u00e0 vous d\u00e9tendre dans la fra\u00eecheur de l\u2019hiver, cette vape promet une exp\u00e9rience d\u00e9licieuse qui revigore les sens et ravit les papilles gustatives.<\/strong><\/p>\n<p>&nbsp;<\/p>\n<h5>Attrait visuel:<\/h5>\n<p>Frozen Orchard captive l\u2019\u0153il avec son design \u00e9l\u00e9gant et moderne, dot\u00e9 d\u2019un embout en chanvre durable avec un grand trou d\u2019a\u00e9ration pour un flux d\u2019air optimal. La cartouche 510 est visuellement frappante, avec la saveur givr\u00e9e de pomme tourbillonnant \u00e0 l\u2019int\u00e9rieur comme un pays des merveilles hivernal. Chaque bouff\u00e9e promet un d\u00e9lice visuel, alors que les nuages denses de vapeur vous enveloppent dans une brume rafra\u00eechissante et revigorante.<\/p>\n<h5>Profil de saveur\u00a0:<\/h5>\n<p>Laissez-vous tenter par la douceur d\u00e9licate de Frozen Orchard qui vous transporte dans un verger de pommiers givr\u00e9 en pleine floraison. La vape poss\u00e8de une riche saveur de pomme sucr\u00e9e, compl\u00e9t\u00e9e par la fra\u00eecheur rafra\u00eechissante de la menthe. Chaque inspiration est un \u00e9clat de croustillant, suivi de subtiles nuances de douceur qui persistent en bouche. L\u2019interaction des saveurs cr\u00e9e une exp\u00e9rience multidimensionnelle \u00e0 la fois rafra\u00eechissante et satisfaisante.<\/p>\n<h5>Profil cannabino\u00efde et terp\u00e8ne\u00a0:<\/h5>\n<p>Frozen Orchard pr\u00e9sente un puissant profil de cannabino\u00efdes et de terp\u00e8nes, avec une gamme de THC de 87 \u00e0 93 % qui rivalise avec certaines des vapes les plus puissantes du march\u00e9. Ses g\u00e8nes hybrides offrent un m\u00e9lange \u00e9quilibr\u00e9 d\u2019effets \u00e9l\u00e9vateurs et relaxants, ce qui en fait le choix parfait pour toute occasion. De plus, son profil terp\u00e9nique est riche en terp\u00e8nes menthol\u00e9s et fruit\u00e9s, rehaussant sa saveur et son ar\u00f4me et contribuant \u00e0 ses bienfaits th\u00e9rapeutiques.<\/p>\n<h5>Effets:<\/h5>\n<p>D\u00e9couvrez les effets revigorants de Frozen Orchard et \u00e9levez votre exp\u00e9rience de vapotage vers de nouveaux sommets. Que vous recherchiez un soulagement du stress et de l\u2019anxi\u00e9t\u00e9 ou que vous cherchiez simplement \u00e0 vous d\u00e9tendre apr\u00e8s une longue journ\u00e9e, cette vape hybride offre un effet puissant et satisfaisant qui \u00e9l\u00e8ve l\u2019esprit et apaise l\u2019\u00e2me. Avec sa saveur rafra\u00eechissante, sa puissance impressionnante et sa conception durable, Frozen Orchard deviendra certainement un incontournable de votre routine de vapotage.<\/p>\n","protected":false},"featured_media":104274,"comment_status":"closed","ping_status":"closed","template":"","meta":{"_acf_changed":false,"site-sidebar-layout":"default","site-content-layout":"","ast-site-content-layout":"default","site-content-style":"default","site-sidebar-style":"default","ast-global-header-display":"","ast-banner-title-visibility":"","ast-main-header-display":"","ast-hfb-above-header-display":"","ast-hfb-below-header-display":"","ast-hfb-mobile-header-display":"","site-post-title":"","ast-breadcrumbs-content":"","ast-featured-img":"","footer-sml-layout":"","ast-disable-related-posts":"","theme-transparent-header-meta":"default","adv-header-id-meta":"","stick-header-meta":"","header-above-stick-meta":"","header-main-stick-meta":"","header-below-stick-meta":"","astra-migrate-meta-layouts":"set","ast-page-background-enabled":"default","ast-page-background-meta":{"desktop":{"background-color":"var(--ast-global-color-4)","background-image":"","background-repeat":"repeat","background-position":"center center","background-size":"auto","background-attachment":"scroll","background-type":"","background-media":"","overlay-type":"","overlay-color":"","overlay-opacity":"","overlay-gradient":""},"tablet":{"background-color":"","background-image":"","background-repeat":"repeat","background-position":"center center","background-size":"auto","background-attachment":"scroll","background-type":"","background-media":"","overlay-type":"","overlay-color":"","overlay-opacity":"","overlay-gradient":""},"mobile":{"background-color":"","background-image":"","background-repeat":"repeat","background-position":"center center","background-size":"auto","background-attachment":"scroll","background-type":"","background-media":"","overlay-type":"","overlay-color":"","overlay-opacity":"","overlay-gradient":""}},"ast-content-background-meta":{"desktop":{"background-color":"var(--ast-global-color-5)","background-image":"","background-repeat":"repeat","background-position":"center center","background-size":"auto","background-attachment":"scroll","background-type":"","background-media":"","overlay-type":"","overlay-color":"","overlay-opacity":"","overlay-gradient":""},"tablet":{"background-color":"var(--ast-global-color-5)","background-image":"","background-repeat":"repeat","background-position":"center center","background-size":"auto","background-attachment":"scroll","background-type":"","background-media":"","overlay-type":"","overlay-color":"","overlay-opacity":"","overlay-gradient":""},"mobile":{"background-color":"var(--ast-global-color-5)","background-image":"","background-repeat":"repeat","background-position":"center center","background-size":"auto","background-attachment":"scroll","background-type":"","background-media":"","overlay-type":"","overlay-color":"","overlay-opacity":"","overlay-gradient":""}}},"product_brand":[],"product_cat":[1160,1162,1159],"product_tag":[2893],"product_format_filter":[],"class_list":{"0":"post-104282","1":"product","2":"type-product","3":"status-publish","4":"has-post-thumbnail","6":"product_cat-cart-fil-510","7":"product_cat-distillat","8":"product_cat-vapoteuses","9":"product_tag-figr-fr","10":"pa_format-1g-2-fr","11":"pa_intensity-thc-eleve","12":"pa_marques-figr-fr","13":"pa_origin-ile-du-prince-edouard","14":"pa_thc-2257","15":"pa_type-de-plante-thc-fr","16":"desktop-align-left","17":"tablet-align-left","18":"mobile-align-left","20":"first","21":"outofstock","22":"taxable","23":"shipping-taxable","24":"purchasable","25":"product-type-simple"},"group_of_quantity":0,"min_quantity":0,"max_quantity":"","exclude_order_quantity_value_rules":"no","exclude_category_quantity_rules":"no","combine_variations":"no","acf":[],"_links":{"self":[{"href":"https:\/\/mendomedical.ca\/fr\/wp-json\/wp\/v2\/product\/104282","targetHints":{"allow":["GET"]}}],"collection":[{"href":"https:\/\/mendomedical.ca\/fr\/wp-json\/wp\/v2\/product"}],"about":[{"href":"https:\/\/mendomedical.ca\/fr\/wp-json\/wp\/v2\/types\/product"}],"replies":[{"embeddable":true,"href":"https:\/\/mendomedical.ca\/fr\/wp-json\/wp\/v2\/comments?post=104282"}],"wp:featuredmedia":[{"embeddable":true,"href":"https:\/\/mendomedical.ca\/fr\/wp-json\/wp\/v2\/media\/104274"}],"wp:attachment":[{"href":"https:\/\/mendomedical.ca\/fr\/wp-json\/wp\/v2\/media?parent=104282"}],"wp:term":[{"taxonomy":"product_brand","embeddable":true,"href":"https:\/\/mendomedical.ca\/fr\/wp-json\/wp\/v2\/product_brand?post=104282"},{"taxonomy":"product_cat","embeddable":true,"href":"https:\/\/mendomedical.ca\/fr\/wp-json\/wp\/v2\/product_cat?post=104282"},{"taxonomy":"product_tag","embeddable":true,"href":"https:\/\/mendomedical.ca\/fr\/wp-json\/wp\/v2\/product_tag?post=104282"},{"taxonomy":"product_format_filter","embeddable":true,"href":"https:\/\/mendomedical.ca\/fr\/wp-json\/wp\/v2\/product_format_filter?post=104282"}],"curies":[{"name":"wp","href":"https:\/\/api.w.org\/{rel}","templated":true}]}}