{"id":104278,"date":"2024-08-01T15:30:31","date_gmt":"2024-08-01T19:30:31","guid":{"rendered":"https:\/\/mendomedical.ca\/?post_type=product&#038;p=104278"},"modified":"2024-08-16T15:40:59","modified_gmt":"2024-08-16T19:40:59","slug":"chunky-cherry-jelly-vape-cart","status":"publish","type":"product","link":"https:\/\/mendomedical.ca\/fr\/produit\/chunky-cherry-jelly-vape-cart\/","title":{"rendered":"Chunky Cherry Jelly Vape Cart"},"content":{"rendered":"","protected":false},"excerpt":{"rendered":"<p><strong>Commencez votre journ\u00e9e du bon pied avec de la gel\u00e9e de cerises \u00e9paisse et du pain grill\u00e9\u00a0! Ce chariot 510 tire sa d\u00e9licieuse saveur florale de cerise des terp\u00e8nes dominants linalol et bisabolol, chaque traction vous donnera l\u2019impression de marcher dans un champ de cerisiers en fleurs ! Chaque FIGR 510 est dot\u00e9 d\u2019un embout en chanvre durable avec un grand trou d\u2019a\u00e9ration pour augmenter le flux d\u2019air et r\u00e9duire le colmatage.<\/strong><\/p>\n<p>&nbsp;<\/p>\n<h5>Attrait visuel:<\/h5>\n<p>D\u00e9bordant de couleurs vives et d\u2019un design \u00e9l\u00e9gant, Chunky Cherry Jelly captive l\u2019\u0153il par son apparence \u00e9l\u00e9gante et moderne. La cartouche 510 est dot\u00e9e d\u2019un embout en chanvre durable avec un large trou d\u2019air, assurant un flux d\u2019air optimal et r\u00e9duisant le colmatage. Chaque bouff\u00e9e est un d\u00e9lice visuel, car la riche teinte cerise du distillat scintille \u00e0 l\u2019int\u00e9rieur de la cartouche, promettant une exp\u00e9rience sensorielle aussi attrayante visuellement que satisfaisante.<\/p>\n<h5>Profil de saveur\u00a0:<\/h5>\n<p>Offrez-vous la saveur d\u00e9cadente de la Chunky Cherry Jelly qui ravit vos papilles avec ses notes florales et fruit\u00e9es. Les terp\u00e8nes dominants linalol et bisabolol conf\u00e8rent un d\u00e9licat ar\u00f4me de fleur de cerisier, \u00e9voquant la sensation de se promener dans un verger de cerisiers en fleurs. Chaque inspiration vous transporte dans un monde de douceur et de sophistication, tandis que l\u2019expiration laisse une impression persistante de cerises m\u00fbres et de bonheur floral.<\/p>\n<h5>Profil cannabino\u00efde et terp\u00e8ne\u00a0:<\/h5>\n<p>D\u00e9couvrez la puissance accrue de la Chunky Cherry Jelly, car nous avons r\u00e9cemment augment\u00e9 sa teneur en THC pour offrir un avantage plus comp\u00e9titif sur le march\u00e9. \u00c0 chaque traction, vous ressentirez toute la force de ses effets puissants, d\u00e9livrant un effet euphorique et exaltant qui \u00e9l\u00e8ve l\u2019esprit et revigore l\u2019esprit. De plus, son profil terp\u00e9nique est riche en linalol et en bisabolol, renfor\u00e7ant sa complexit\u00e9 aromatique et ses bienfaits th\u00e9rapeutiques.<\/p>\n<h5>Effets:<\/h5>\n<p>D\u00e9couvrez la diff\u00e9rence avec Chunky Cherry Jelly THC Vape et \u00e9levez votre exp\u00e9rience de vapotage vers de nouveaux sommets. Avec sa saveur irr\u00e9sistible, sa puissance am\u00e9lior\u00e9e, son design innovant et son souci de durabilit\u00e9, c\u2019est le choix parfait pour les connaisseurs de cannabis qui exigent le meilleur. Que vous commenciez votre journ\u00e9e du bon pied ou que vous vous d\u00e9tendiez apr\u00e8s une longue journ\u00e9e, Chunky Cherry Jelly ravira \u00e0 coup s\u00fbr vos sens et vous donnera envie de plus.<\/p>\n","protected":false},"featured_media":104274,"comment_status":"closed","ping_status":"closed","template":"","meta":{"_acf_changed":false,"site-sidebar-layout":"default","site-content-layout":"","ast-site-content-layout":"default","site-content-style":"default","site-sidebar-style":"default","ast-global-header-display":"","ast-banner-title-visibility":"","ast-main-header-display":"","ast-hfb-above-header-display":"","ast-hfb-below-header-display":"","ast-hfb-mobile-header-display":"","site-post-title":"","ast-breadcrumbs-content":"","ast-featured-img":"","footer-sml-layout":"","ast-disable-related-posts":"","theme-transparent-header-meta":"default","adv-header-id-meta":"","stick-header-meta":"","header-above-stick-meta":"","header-main-stick-meta":"","header-below-stick-meta":"","astra-migrate-meta-layouts":"set","ast-page-background-enabled":"default","ast-page-background-meta":{"desktop":{"background-color":"var(--ast-global-color-4)","background-image":"","background-repeat":"repeat","background-position":"center center","background-size":"auto","background-attachment":"scroll","background-type":"","background-media":"","overlay-type":"","overlay-color":"","overlay-opacity":"","overlay-gradient":""},"tablet":{"background-color":"","background-image":"","background-repeat":"repeat","background-position":"center center","background-size":"auto","background-attachment":"scroll","background-type":"","background-media":"","overlay-type":"","overlay-color":"","overlay-opacity":"","overlay-gradient":""},"mobile":{"background-color":"","background-image":"","background-repeat":"repeat","background-position":"center center","background-size":"auto","background-attachment":"scroll","background-type":"","background-media":"","overlay-type":"","overlay-color":"","overlay-opacity":"","overlay-gradient":""}},"ast-content-background-meta":{"desktop":{"background-color":"var(--ast-global-color-5)","background-image":"","background-repeat":"repeat","background-position":"center center","background-size":"auto","background-attachment":"scroll","background-type":"","background-media":"","overlay-type":"","overlay-color":"","overlay-opacity":"","overlay-gradient":""},"tablet":{"background-color":"var(--ast-global-color-5)","background-image":"","background-repeat":"repeat","background-position":"center center","background-size":"auto","background-attachment":"scroll","background-type":"","background-media":"","overlay-type":"","overlay-color":"","overlay-opacity":"","overlay-gradient":""},"mobile":{"background-color":"var(--ast-global-color-5)","background-image":"","background-repeat":"repeat","background-position":"center center","background-size":"auto","background-attachment":"scroll","background-type":"","background-media":"","overlay-type":"","overlay-color":"","overlay-opacity":"","overlay-gradient":""}}},"product_brand":[],"product_cat":[1160,1162,1159],"product_tag":[2893],"product_format_filter":[],"class_list":{"0":"post-104278","1":"product","2":"type-product","3":"status-publish","4":"has-post-thumbnail","6":"product_cat-cart-fil-510","7":"product_cat-distillat","8":"product_cat-vapoteuses","9":"product_tag-figr-fr","10":"pa_format-1g-2-fr","11":"pa_intensity-thc-eleve","12":"pa_marques-figr-fr","13":"pa_origin-ile-du-prince-edouard","14":"pa_thc-85-4-2-fr","15":"pa_type-de-plante-thc-fr","16":"desktop-align-left","17":"tablet-align-left","18":"mobile-align-left","20":"first","21":"outofstock","22":"taxable","23":"shipping-taxable","24":"purchasable","25":"product-type-simple"},"group_of_quantity":0,"min_quantity":0,"max_quantity":"","exclude_order_quantity_value_rules":"no","exclude_category_quantity_rules":"no","combine_variations":"no","acf":[],"_links":{"self":[{"href":"https:\/\/mendomedical.ca\/fr\/wp-json\/wp\/v2\/product\/104278","targetHints":{"allow":["GET"]}}],"collection":[{"href":"https:\/\/mendomedical.ca\/fr\/wp-json\/wp\/v2\/product"}],"about":[{"href":"https:\/\/mendomedical.ca\/fr\/wp-json\/wp\/v2\/types\/product"}],"replies":[{"embeddable":true,"href":"https:\/\/mendomedical.ca\/fr\/wp-json\/wp\/v2\/comments?post=104278"}],"wp:featuredmedia":[{"embeddable":true,"href":"https:\/\/mendomedical.ca\/fr\/wp-json\/wp\/v2\/media\/104274"}],"wp:attachment":[{"href":"https:\/\/mendomedical.ca\/fr\/wp-json\/wp\/v2\/media?parent=104278"}],"wp:term":[{"taxonomy":"product_brand","embeddable":true,"href":"https:\/\/mendomedical.ca\/fr\/wp-json\/wp\/v2\/product_brand?post=104278"},{"taxonomy":"product_cat","embeddable":true,"href":"https:\/\/mendomedical.ca\/fr\/wp-json\/wp\/v2\/product_cat?post=104278"},{"taxonomy":"product_tag","embeddable":true,"href":"https:\/\/mendomedical.ca\/fr\/wp-json\/wp\/v2\/product_tag?post=104278"},{"taxonomy":"product_format_filter","embeddable":true,"href":"https:\/\/mendomedical.ca\/fr\/wp-json\/wp\/v2\/product_format_filter?post=104278"}],"curies":[{"name":"wp","href":"https:\/\/api.w.org\/{rel}","templated":true}]}}