{"id":104210,"date":"2024-08-02T05:26:02","date_gmt":"2024-08-02T09:26:02","guid":{"rendered":"https:\/\/mendomedical.ca\/?post_type=product&#038;p=104210"},"modified":"2025-11-27T04:03:23","modified_gmt":"2025-11-27T09:03:23","slug":"couch-lock-kush-1000mg-thc-vape-cart-copy","status":"publish","type":"product","link":"https:\/\/mendomedical.ca\/fr\/produit\/couch-lock-kush-1000mg-thc-vape-cart-copy\/","title":{"rendered":"Alien OG (1000mg THC) - Vape Cart -"},"content":{"rendered":"","protected":false},"excerpt":{"rendered":"<h3><strong>Terp\u00e8nes totaux : 7%<\/strong><\/h3>\n<p><strong>BOXHOT VOUS PR\u00c9SENTE : Alien OG, une vape de 1,2 g \u00e0 filetage 510, contenant un colossal 1000MG de THC et certains des distillats de cannabis les plus purs disponibles sur le march\u00e9. Ce monstre extraterrestre vous fait exploser avec des saveurs de gaz, de terre et de citron vert \u00e0 l&rsquo;inspiration, et vous laisse avec un pin fruit\u00e9 \u00e0 l&rsquo;expiration. <\/strong><\/p>\n<p><strong>Toutes les vapes BOXHOT sont fabriqu\u00e9es avec un mat\u00e9riel exclusif et surdimensionn\u00e9, ce qui les rend optimales pour des effets importants et complets. Mieux encore, toutes les vapes BOXHOT sont produites \u00e0 l&rsquo;aide de proc\u00e9d\u00e9s d&rsquo;extraction et de raffinage du CO2 \u00e0 la pointe de l&rsquo;industrie, et comportent un entourage de terp\u00e8nes de qualit\u00e9 sup\u00e9rieure infus\u00e9s de mani\u00e8re experte et sp\u00e9cifiques \u00e0 la souche.<\/strong><\/p>\n<p>&nbsp;<\/p>\n<h5>Ar\u00f4me :<\/h5>\n<p>Gazeux, fruit\u00e9, terreux<\/p>\n<h5>Profil de saveur :<\/h5>\n<p>Alien OG - Tahoe OG x Alien Kush<\/p>\n<h5>Profil des cannabino\u00efdes et des terp\u00e8nes :<\/h5>\n<p>Caryophyll\u00e8ne, Myrc\u00e8ne, Limon\u00e8ne, Terpinol\u00e8ne, Linalol<\/p>\n","protected":false},"featured_media":104200,"comment_status":"closed","ping_status":"closed","template":"","meta":{"_acf_changed":false,"site-sidebar-layout":"default","site-content-layout":"","ast-site-content-layout":"default","site-content-style":"default","site-sidebar-style":"default","ast-global-header-display":"","ast-banner-title-visibility":"","ast-main-header-display":"","ast-hfb-above-header-display":"","ast-hfb-below-header-display":"","ast-hfb-mobile-header-display":"","site-post-title":"","ast-breadcrumbs-content":"","ast-featured-img":"","footer-sml-layout":"","ast-disable-related-posts":"","theme-transparent-header-meta":"default","adv-header-id-meta":"","stick-header-meta":"","header-above-stick-meta":"","header-main-stick-meta":"","header-below-stick-meta":"","astra-migrate-meta-layouts":"set","ast-page-background-enabled":"default","ast-page-background-meta":{"desktop":{"background-color":"var(--ast-global-color-4)","background-image":"","background-repeat":"repeat","background-position":"center center","background-size":"auto","background-attachment":"scroll","background-type":"","background-media":"","overlay-type":"","overlay-color":"","overlay-opacity":"","overlay-gradient":""},"tablet":{"background-color":"","background-image":"","background-repeat":"repeat","background-position":"center center","background-size":"auto","background-attachment":"scroll","background-type":"","background-media":"","overlay-type":"","overlay-color":"","overlay-opacity":"","overlay-gradient":""},"mobile":{"background-color":"","background-image":"","background-repeat":"repeat","background-position":"center center","background-size":"auto","background-attachment":"scroll","background-type":"","background-media":"","overlay-type":"","overlay-color":"","overlay-opacity":"","overlay-gradient":""}},"ast-content-background-meta":{"desktop":{"background-color":"var(--ast-global-color-5)","background-image":"","background-repeat":"repeat","background-position":"center center","background-size":"auto","background-attachment":"scroll","background-type":"","background-media":"","overlay-type":"","overlay-color":"","overlay-opacity":"","overlay-gradient":""},"tablet":{"background-color":"var(--ast-global-color-5)","background-image":"","background-repeat":"repeat","background-position":"center center","background-size":"auto","background-attachment":"scroll","background-type":"","background-media":"","overlay-type":"","overlay-color":"","overlay-opacity":"","overlay-gradient":""},"mobile":{"background-color":"var(--ast-global-color-5)","background-image":"","background-repeat":"repeat","background-position":"center center","background-size":"auto","background-attachment":"scroll","background-type":"","background-media":"","overlay-type":"","overlay-color":"","overlay-opacity":"","overlay-gradient":""}}},"product_brand":[],"product_cat":[1160,1162,1159],"product_tag":[2242],"product_format_filter":[],"class_list":{"0":"post-104210","1":"product","2":"type-product","3":"status-publish","4":"has-post-thumbnail","6":"product_cat-cart-fil-510","7":"product_cat-distillat","8":"product_cat-vapoteuses","9":"product_tag-boxhot-fr","10":"pa_format-1-2g","11":"pa_intensity-thc-eleve","12":"pa_intensity-med-cbn-fr","13":"pa_marques-boxhot-fr","14":"pa_origin-ontario-fr","15":"pa_thc-83-3-fr","16":"pa_type-de-plante-cbd-fr","17":"pa_type-de-plante-thc-fr","18":"desktop-align-left","19":"tablet-align-left","20":"mobile-align-left","22":"first","23":"outofstock","24":"taxable","25":"shipping-taxable","26":"purchasable","27":"product-type-simple"},"group_of_quantity":0,"min_quantity":0,"max_quantity":"","exclude_order_quantity_value_rules":"no","exclude_category_quantity_rules":"no","combine_variations":"no","acf":[],"_links":{"self":[{"href":"https:\/\/mendomedical.ca\/fr\/wp-json\/wp\/v2\/product\/104210","targetHints":{"allow":["GET"]}}],"collection":[{"href":"https:\/\/mendomedical.ca\/fr\/wp-json\/wp\/v2\/product"}],"about":[{"href":"https:\/\/mendomedical.ca\/fr\/wp-json\/wp\/v2\/types\/product"}],"replies":[{"embeddable":true,"href":"https:\/\/mendomedical.ca\/fr\/wp-json\/wp\/v2\/comments?post=104210"}],"wp:featuredmedia":[{"embeddable":true,"href":"https:\/\/mendomedical.ca\/fr\/wp-json\/wp\/v2\/media\/104200"}],"wp:attachment":[{"href":"https:\/\/mendomedical.ca\/fr\/wp-json\/wp\/v2\/media?parent=104210"}],"wp:term":[{"taxonomy":"product_brand","embeddable":true,"href":"https:\/\/mendomedical.ca\/fr\/wp-json\/wp\/v2\/product_brand?post=104210"},{"taxonomy":"product_cat","embeddable":true,"href":"https:\/\/mendomedical.ca\/fr\/wp-json\/wp\/v2\/product_cat?post=104210"},{"taxonomy":"product_tag","embeddable":true,"href":"https:\/\/mendomedical.ca\/fr\/wp-json\/wp\/v2\/product_tag?post=104210"},{"taxonomy":"product_format_filter","embeddable":true,"href":"https:\/\/mendomedical.ca\/fr\/wp-json\/wp\/v2\/product_format_filter?post=104210"}],"curies":[{"name":"wp","href":"https:\/\/api.w.org\/{rel}","templated":true}]}}