{"id":104156,"date":"2024-08-02T05:16:11","date_gmt":"2024-08-02T09:16:11","guid":{"rendered":"https:\/\/mendomedical.ca\/?post_type=product&#038;p=104156"},"modified":"2025-08-02T10:04:12","modified_gmt":"2025-08-02T14:04:12","slug":"fiji-fresh-thccbd-2-0g-vape-cart","status":"publish","type":"product","link":"https:\/\/mendomedical.ca\/fr\/produit\/fiji-fresh-thccbd-2-0g-vape-cart\/","title":{"rendered":"Fiji Fresh THC:CBD 2.0g Vape Cart"},"content":{"rendered":"","protected":false},"excerpt":{"rendered":"<h3><strong>Terp\u00e8nes Totaux : 6.40%<\/strong><\/h3>\n<p><strong>Posez le toit et laissez votre esprit d\u00e9river vers le plus grand et le meilleur. Surfez sur les vagues Fiji Fresh, regorgeant de kiwi, de banane et de menthe pour une explosion ultime d\u2019ambiance de vacances.<\/strong><\/p>\n<p><strong>La cartouche BOXHOT Cruise Control Fresh Fiji 2,0 g vous emm\u00e8ne l\u00e0 o\u00f9 vous allez, que vous soyez \u00e0 plein r\u00e9gime ou que vous vouliez simplement relaxer. Avec du mat\u00e9riel surdimensionn\u00e9, 1 000 mg de THC, 700 mg de CBD et un distillat de la plus haute qualit\u00e9.<\/strong><\/p>\n<p>&nbsp;<\/p>\n<h5>Ar\u00f4me:<\/h5>\n<p>Kiwi, Banane, Fruit\u00e9, Menthe<\/p>\n<h5>Profil de saveur\u00a0:<\/h5>\n<p>Fiji Fresh<\/p>\n<h5>Profil cannabino\u00efde et terp\u00e8ne\u00a0:<\/h5>\n<p>Myrc\u00e8ne, Pin\u00e8ne, Caryophyll\u00e8ne<\/p>\n","protected":false},"featured_media":104158,"comment_status":"closed","ping_status":"closed","template":"","meta":{"_acf_changed":false,"site-sidebar-layout":"default","site-content-layout":"","ast-site-content-layout":"default","site-content-style":"default","site-sidebar-style":"default","ast-global-header-display":"","ast-banner-title-visibility":"","ast-main-header-display":"","ast-hfb-above-header-display":"","ast-hfb-below-header-display":"","ast-hfb-mobile-header-display":"","site-post-title":"","ast-breadcrumbs-content":"","ast-featured-img":"","footer-sml-layout":"","ast-disable-related-posts":"","theme-transparent-header-meta":"default","adv-header-id-meta":"","stick-header-meta":"","header-above-stick-meta":"","header-main-stick-meta":"","header-below-stick-meta":"","astra-migrate-meta-layouts":"set","ast-page-background-enabled":"default","ast-page-background-meta":{"desktop":{"background-color":"var(--ast-global-color-4)","background-image":"","background-repeat":"repeat","background-position":"center center","background-size":"auto","background-attachment":"scroll","background-type":"","background-media":"","overlay-type":"","overlay-color":"","overlay-opacity":"","overlay-gradient":""},"tablet":{"background-color":"","background-image":"","background-repeat":"repeat","background-position":"center center","background-size":"auto","background-attachment":"scroll","background-type":"","background-media":"","overlay-type":"","overlay-color":"","overlay-opacity":"","overlay-gradient":""},"mobile":{"background-color":"","background-image":"","background-repeat":"repeat","background-position":"center center","background-size":"auto","background-attachment":"scroll","background-type":"","background-media":"","overlay-type":"","overlay-color":"","overlay-opacity":"","overlay-gradient":""}},"ast-content-background-meta":{"desktop":{"background-color":"var(--ast-global-color-5)","background-image":"","background-repeat":"repeat","background-position":"center center","background-size":"auto","background-attachment":"scroll","background-type":"","background-media":"","overlay-type":"","overlay-color":"","overlay-opacity":"","overlay-gradient":""},"tablet":{"background-color":"var(--ast-global-color-5)","background-image":"","background-repeat":"repeat","background-position":"center center","background-size":"auto","background-attachment":"scroll","background-type":"","background-media":"","overlay-type":"","overlay-color":"","overlay-opacity":"","overlay-gradient":""},"mobile":{"background-color":"var(--ast-global-color-5)","background-image":"","background-repeat":"repeat","background-position":"center center","background-size":"auto","background-attachment":"scroll","background-type":"","background-media":"","overlay-type":"","overlay-color":"","overlay-opacity":"","overlay-gradient":""}}},"product_brand":[],"product_cat":[1160,1162,1159],"product_tag":[2242],"product_format_filter":[],"class_list":{"0":"post-104156","1":"product","2":"type-product","3":"status-publish","4":"has-post-thumbnail","6":"product_cat-cart-fil-510","7":"product_cat-distillat","8":"product_cat-vapoteuses","9":"product_tag-boxhot-fr","10":"pa_cbd-35-fr","11":"pa_format-2g-fr","12":"pa_intensity-thc-eleve","13":"pa_intensity-eleve-en-cbd","14":"pa_marques-boxhot-fr","15":"pa_origin-ontario-fr","16":"pa_thc-50-fr","17":"pa_type-de-plante-cbd-fr","18":"pa_type-de-plante-thc-fr","19":"desktop-align-left","20":"tablet-align-left","21":"mobile-align-left","23":"first","24":"outofstock","25":"taxable","26":"shipping-taxable","27":"purchasable","28":"product-type-simple"},"group_of_quantity":0,"min_quantity":0,"max_quantity":"","exclude_order_quantity_value_rules":"no","exclude_category_quantity_rules":"no","combine_variations":"no","acf":[],"_links":{"self":[{"href":"https:\/\/mendomedical.ca\/fr\/wp-json\/wp\/v2\/product\/104156","targetHints":{"allow":["GET"]}}],"collection":[{"href":"https:\/\/mendomedical.ca\/fr\/wp-json\/wp\/v2\/product"}],"about":[{"href":"https:\/\/mendomedical.ca\/fr\/wp-json\/wp\/v2\/types\/product"}],"replies":[{"embeddable":true,"href":"https:\/\/mendomedical.ca\/fr\/wp-json\/wp\/v2\/comments?post=104156"}],"wp:featuredmedia":[{"embeddable":true,"href":"https:\/\/mendomedical.ca\/fr\/wp-json\/wp\/v2\/media\/104158"}],"wp:attachment":[{"href":"https:\/\/mendomedical.ca\/fr\/wp-json\/wp\/v2\/media?parent=104156"}],"wp:term":[{"taxonomy":"product_brand","embeddable":true,"href":"https:\/\/mendomedical.ca\/fr\/wp-json\/wp\/v2\/product_brand?post=104156"},{"taxonomy":"product_cat","embeddable":true,"href":"https:\/\/mendomedical.ca\/fr\/wp-json\/wp\/v2\/product_cat?post=104156"},{"taxonomy":"product_tag","embeddable":true,"href":"https:\/\/mendomedical.ca\/fr\/wp-json\/wp\/v2\/product_tag?post=104156"},{"taxonomy":"product_format_filter","embeddable":true,"href":"https:\/\/mendomedical.ca\/fr\/wp-json\/wp\/v2\/product_format_filter?post=104156"}],"curies":[{"name":"wp","href":"https:\/\/api.w.org\/{rel}","templated":true}]}}