{"id":104029,"date":"2023-05-15T05:55:22","date_gmt":"2023-05-15T09:55:22","guid":{"rendered":"https:\/\/mendomedical.ca\/?post_type=product&#038;p=104029"},"modified":"2024-08-15T10:16:37","modified_gmt":"2024-08-15T14:16:37","slug":"canadian-made-humidity-stone","status":"publish","type":"product","link":"https:\/\/mendomedical.ca\/fr\/produit\/canadian-made-humidity-stone\/","title":{"rendered":"Pierre d\u2019Humidit\u00e9 fait au Canada"},"content":{"rendered":"","protected":false},"excerpt":{"rendered":"<p><strong>La pierre d\u2019humidit\u00e9 Dewbie est fabriqu\u00e9e avec de l\u2019argile canadienne de source locale et emball\u00e9e dans un sac de chanvre. Ne n\u00e9cessitant que de l\u2019eau pour se recharger et durant 1000 ans, cette argile cuite au four cr\u00e9e une pierre dure mais poreuse qui agit RAPIDEMENT pour r\u00e9hydrater le cannabis. Ne fumez plus jamais et ne vapotez plus jamais d\u2019herbe dure et trop s\u00e8che !<\/strong><\/p>\n<p>&nbsp;<\/p>\n<h5><strong>Caract\u00e9ristiques de la pierre Dewbie :<\/strong><\/h5>\n<p>-Fabriqu\u00e9 avec de l\u2019argile canadienne d\u2019origine locale<\/p>\n<p>-Sac de rangement en chanvre<\/p>\n<p>-Infiniment r\u00e9utilisable<\/p>\n<p>-N\u00e9cessite de l\u2019eau du robinet, uniquement<\/p>\n<p>-Fonctionne super vite !<\/p>\n<p>&nbsp;<\/p>\n<h5><strong>Comment \u00e7a fonctionne:<\/strong><\/h5>\n<h5><strong>C\u2019est facile \u00e0 utiliser : il suffit d\u2019ajouter de l\u2019eau !<\/strong><\/h5>\n<p>-Faire tremper le Dewbie dans l\u2019eau pendant environ 30 secondes (jusqu\u2019\u00e0 2 minutes pour une absorption maximale)<\/p>\n<p>-Tamponnez sec et nichez la pierre contre les t\u00eates s\u00e9ch\u00e9es pendant environ 5 \u00e0 10 minutes par gramme, puis retirez le ros\u00e9e*.<\/p>\n<p>-Fonctionne mieux \u00e0 temp\u00e9rature ambiante dans un petit r\u00e9cipient herm\u00e9tique avec les t\u00eates touchant la pierre<\/p>\n<p>-Peut \u00eatre facilement nettoy\u00e9 (savon et eau\/rin\u00e7age)<\/p>\n<h5><strong>Qu\u2019y a-t-il dans la boite:<\/strong><\/h5>\n<p>1x -Pierre d\u2019humidit\u00e9 de Dewbie<\/p>\n<p>1x \u2013 Sac de chanvre<\/p>\n<p>1x \u2013 Carte d\u2019instructions<\/p>\n","protected":false},"featured_media":104031,"comment_status":"closed","ping_status":"closed","template":"","meta":{"_acf_changed":false,"site-sidebar-layout":"default","site-content-layout":"","ast-site-content-layout":"default","site-content-style":"default","site-sidebar-style":"default","ast-global-header-display":"","ast-banner-title-visibility":"","ast-main-header-display":"","ast-hfb-above-header-display":"","ast-hfb-below-header-display":"","ast-hfb-mobile-header-display":"","site-post-title":"","ast-breadcrumbs-content":"","ast-featured-img":"","footer-sml-layout":"","ast-disable-related-posts":"","theme-transparent-header-meta":"default","adv-header-id-meta":"","stick-header-meta":"","header-above-stick-meta":"","header-main-stick-meta":"","header-below-stick-meta":"","astra-migrate-meta-layouts":"set","ast-page-background-enabled":"default","ast-page-background-meta":{"desktop":{"background-color":"var(--ast-global-color-4)","background-image":"","background-repeat":"repeat","background-position":"center center","background-size":"auto","background-attachment":"scroll","background-type":"","background-media":"","overlay-type":"","overlay-color":"","overlay-opacity":"","overlay-gradient":""},"tablet":{"background-color":"","background-image":"","background-repeat":"repeat","background-position":"center center","background-size":"auto","background-attachment":"scroll","background-type":"","background-media":"","overlay-type":"","overlay-color":"","overlay-opacity":"","overlay-gradient":""},"mobile":{"background-color":"","background-image":"","background-repeat":"repeat","background-position":"center center","background-size":"auto","background-attachment":"scroll","background-type":"","background-media":"","overlay-type":"","overlay-color":"","overlay-opacity":"","overlay-gradient":""}},"ast-content-background-meta":{"desktop":{"background-color":"var(--ast-global-color-5)","background-image":"","background-repeat":"repeat","background-position":"center center","background-size":"auto","background-attachment":"scroll","background-type":"","background-media":"","overlay-type":"","overlay-color":"","overlay-opacity":"","overlay-gradient":""},"tablet":{"background-color":"var(--ast-global-color-5)","background-image":"","background-repeat":"repeat","background-position":"center center","background-size":"auto","background-attachment":"scroll","background-type":"","background-media":"","overlay-type":"","overlay-color":"","overlay-opacity":"","overlay-gradient":""},"mobile":{"background-color":"var(--ast-global-color-5)","background-image":"","background-repeat":"repeat","background-position":"center center","background-size":"auto","background-attachment":"scroll","background-type":"","background-media":"","overlay-type":"","overlay-color":"","overlay-opacity":"","overlay-gradient":""}}},"product_brand":[],"product_cat":[1113,1104],"product_tag":[2234],"product_format_filter":[],"class_list":{"0":"post-104029","1":"product","2":"type-product","3":"status-publish","4":"has-post-thumbnail","6":"product_cat-outils","7":"product_cat-accessoires","8":"product_tag-dewbie-fr","9":"pa_origin-ontario-fr","10":"desktop-align-left","11":"tablet-align-left","12":"mobile-align-left","14":"first","15":"outofstock","16":"taxable","17":"shipping-taxable","18":"purchasable","19":"product-type-simple"},"group_of_quantity":0,"min_quantity":0,"max_quantity":"","exclude_order_quantity_value_rules":"no","exclude_category_quantity_rules":"no","combine_variations":"no","acf":[],"_links":{"self":[{"href":"https:\/\/mendomedical.ca\/fr\/wp-json\/wp\/v2\/product\/104029","targetHints":{"allow":["GET"]}}],"collection":[{"href":"https:\/\/mendomedical.ca\/fr\/wp-json\/wp\/v2\/product"}],"about":[{"href":"https:\/\/mendomedical.ca\/fr\/wp-json\/wp\/v2\/types\/product"}],"replies":[{"embeddable":true,"href":"https:\/\/mendomedical.ca\/fr\/wp-json\/wp\/v2\/comments?post=104029"}],"wp:featuredmedia":[{"embeddable":true,"href":"https:\/\/mendomedical.ca\/fr\/wp-json\/wp\/v2\/media\/104031"}],"wp:attachment":[{"href":"https:\/\/mendomedical.ca\/fr\/wp-json\/wp\/v2\/media?parent=104029"}],"wp:term":[{"taxonomy":"product_brand","embeddable":true,"href":"https:\/\/mendomedical.ca\/fr\/wp-json\/wp\/v2\/product_brand?post=104029"},{"taxonomy":"product_cat","embeddable":true,"href":"https:\/\/mendomedical.ca\/fr\/wp-json\/wp\/v2\/product_cat?post=104029"},{"taxonomy":"product_tag","embeddable":true,"href":"https:\/\/mendomedical.ca\/fr\/wp-json\/wp\/v2\/product_tag?post=104029"},{"taxonomy":"product_format_filter","embeddable":true,"href":"https:\/\/mendomedical.ca\/fr\/wp-json\/wp\/v2\/product_format_filter?post=104029"}],"curies":[{"name":"wp","href":"https:\/\/api.w.org\/{rel}","templated":true}]}}