{"id":103973,"date":"2023-05-15T16:01:54","date_gmt":"2023-05-15T20:01:54","guid":{"rendered":"https:\/\/mendomedical.ca\/product\/travel-kit-8-dabtools-stainless-steel-2\/"},"modified":"2026-01-28T15:51:29","modified_gmt":"2026-01-28T20:51:29","slug":"travel-kit-8-dabtools-stainless-steel-2","status":"publish","type":"product","link":"https:\/\/mendomedical.ca\/fr\/produit\/travel-kit-8-dabtools-stainless-steel-2\/","title":{"rendered":"Kit de voyage (8 Dabtools) - Acier inoxydable -"},"content":{"rendered":"","protected":false},"excerpt":{"rendered":"<div class=\"ExternalClass485E820BA5E3422EA4D3596B06C11923\">\n<h3>Kit de voyage (8 Dabtools) - Acier inoxydable<\/h3>\n<p>Le kit de voyage Skilletools offre aux consommateurs de cannabis m\u00e9dical une solution compl\u00e8te pour la consommation de concentr\u00e9 gr\u00e2ce \u00e0 son ensemble d&rsquo;outils de dabbing en acier inoxydable de qualit\u00e9 sup\u00e9rieure compos\u00e9 de 8 pi\u00e8ces. Ce kit de qualit\u00e9 professionnelle comprend des embouts interchangeables qui s&rsquo;attachent \u00e0 un manche universel de 3 pouces, le tout dans un \u00e9tui de transport \u00e0 fermeture \u00e9clair. Chaque outil est fabriqu\u00e9 en acier inoxydable de haute qualit\u00e9 qui r\u00e9siste au ternissement, garantissant une performance et une fiabilit\u00e9 durables pour vos besoins en concentr\u00e9s.  <\/p>\n<h4>Caract\u00e9ristiques principales<\/h4>\n<ul>\n<li>8 outils sp\u00e9cialis\u00e9s \u00e0 double face dont Flexy, Sharpy, Mr Dabalina, Glassy, Honeybun, Waxon, et des mod\u00e8les exclusifs de Wax Pick<\/li>\n<li>La construction en acier inoxydable de premi\u00e8re qualit\u00e9 garantit la durabilit\u00e9 et emp\u00eache le ternissement au fil du temps.<\/li>\n<li>Poign\u00e9e universelle de 3 pouces avec embouts interchangeables pour une manipulation polyvalente des concentr\u00e9s<\/li>\n<li>L&rsquo;\u00e9tui compact \u00e0 fermeture \u00e9clair permet d&rsquo;organiser, de prot\u00e9ger et de transporter les outils.<\/li>\n<li>Outils de qualit\u00e9 professionnelle con\u00e7us sp\u00e9cifiquement pour diff\u00e9rentes textures et consistances de concentr\u00e9s<\/li>\n<\/ul>\n<h4>Pourquoi choisir les outils Concentrate ?<\/h4>\n<p>Les outils de dabbing de qualit\u00e9 sont essentiels pour les consommateurs de cannabis m\u00e9dical qui pr\u00e9f\u00e8rent les concentr\u00e9s, car ils permettent un contr\u00f4le pr\u00e9cis du dosage et une manipulation hygi\u00e9nique. La vari\u00e9t\u00e9 des embouts de ce kit s&rsquo;adapte \u00e0 diff\u00e9rentes consistances de concentr\u00e9s, aidant les utilisateurs \u00e0 g\u00e9rer leur m\u00e9dicament de mani\u00e8re efficace et efficiente. <\/p>\n<h4>Exp\u00e9dition dans tout le Canada<\/h4>\n<p>Le Kit de Voyage (8 Dabtools) - Acier inoxydable est exp\u00e9di\u00e9 rapidement \u00e0 travers le Canada. Nous offrons une livraison gratuite pour toutes les commandes de plus de 150 $, ce qui vous assure de recevoir vos accessoires de cannabis essentiels rapidement et \u00e0 un prix abordable. <\/p>\n<p>&nbsp;<\/p>\n<\/div>\n","protected":false},"featured_media":103926,"comment_status":"closed","ping_status":"closed","template":"","meta":{"_acf_changed":false,"site-sidebar-layout":"default","site-content-layout":"","ast-site-content-layout":"default","site-content-style":"default","site-sidebar-style":"default","ast-global-header-display":"","ast-banner-title-visibility":"","ast-main-header-display":"","ast-hfb-above-header-display":"","ast-hfb-below-header-display":"","ast-hfb-mobile-header-display":"","site-post-title":"","ast-breadcrumbs-content":"","ast-featured-img":"","footer-sml-layout":"","ast-disable-related-posts":"","theme-transparent-header-meta":"default","adv-header-id-meta":"","stick-header-meta":"","header-above-stick-meta":"","header-main-stick-meta":"","header-below-stick-meta":"","astra-migrate-meta-layouts":"set","ast-page-background-enabled":"default","ast-page-background-meta":{"desktop":{"background-color":"var(--ast-global-color-4)","background-image":"","background-repeat":"repeat","background-position":"center center","background-size":"auto","background-attachment":"scroll","background-type":"","background-media":"","overlay-type":"","overlay-color":"","overlay-opacity":"","overlay-gradient":""},"tablet":{"background-color":"","background-image":"","background-repeat":"repeat","background-position":"center center","background-size":"auto","background-attachment":"scroll","background-type":"","background-media":"","overlay-type":"","overlay-color":"","overlay-opacity":"","overlay-gradient":""},"mobile":{"background-color":"","background-image":"","background-repeat":"repeat","background-position":"center center","background-size":"auto","background-attachment":"scroll","background-type":"","background-media":"","overlay-type":"","overlay-color":"","overlay-opacity":"","overlay-gradient":""}},"ast-content-background-meta":{"desktop":{"background-color":"var(--ast-global-color-5)","background-image":"","background-repeat":"repeat","background-position":"center center","background-size":"auto","background-attachment":"scroll","background-type":"","background-media":"","overlay-type":"","overlay-color":"","overlay-opacity":"","overlay-gradient":""},"tablet":{"background-color":"var(--ast-global-color-5)","background-image":"","background-repeat":"repeat","background-position":"center center","background-size":"auto","background-attachment":"scroll","background-type":"","background-media":"","overlay-type":"","overlay-color":"","overlay-opacity":"","overlay-gradient":""},"mobile":{"background-color":"var(--ast-global-color-5)","background-image":"","background-repeat":"repeat","background-position":"center center","background-size":"auto","background-attachment":"scroll","background-type":"","background-media":"","overlay-type":"","overlay-color":"","overlay-opacity":"","overlay-gradient":""}}},"product_brand":[],"product_cat":[1113,1104],"product_tag":[2228],"product_format_filter":[],"class_list":{"0":"post-103973","1":"product","2":"type-product","3":"status-publish","4":"has-post-thumbnail","6":"product_cat-outils","7":"product_cat-accessoires","8":"product_tag-skilletools-fr","9":"pa_marques-skilletools-fr","10":"pa_origin-ontario-fr","11":"desktop-align-left","12":"tablet-align-left","13":"mobile-align-left","15":"first","16":"instock","17":"taxable","18":"shipping-taxable","19":"purchasable","20":"product-type-simple"},"group_of_quantity":0,"min_quantity":0,"max_quantity":"","exclude_order_quantity_value_rules":"no","exclude_category_quantity_rules":"no","combine_variations":"no","acf":[],"_links":{"self":[{"href":"https:\/\/mendomedical.ca\/fr\/wp-json\/wp\/v2\/product\/103973","targetHints":{"allow":["GET"]}}],"collection":[{"href":"https:\/\/mendomedical.ca\/fr\/wp-json\/wp\/v2\/product"}],"about":[{"href":"https:\/\/mendomedical.ca\/fr\/wp-json\/wp\/v2\/types\/product"}],"replies":[{"embeddable":true,"href":"https:\/\/mendomedical.ca\/fr\/wp-json\/wp\/v2\/comments?post=103973"}],"wp:featuredmedia":[{"embeddable":true,"href":"https:\/\/mendomedical.ca\/fr\/wp-json\/wp\/v2\/media\/103926"}],"wp:attachment":[{"href":"https:\/\/mendomedical.ca\/fr\/wp-json\/wp\/v2\/media?parent=103973"}],"wp:term":[{"taxonomy":"product_brand","embeddable":true,"href":"https:\/\/mendomedical.ca\/fr\/wp-json\/wp\/v2\/product_brand?post=103973"},{"taxonomy":"product_cat","embeddable":true,"href":"https:\/\/mendomedical.ca\/fr\/wp-json\/wp\/v2\/product_cat?post=103973"},{"taxonomy":"product_tag","embeddable":true,"href":"https:\/\/mendomedical.ca\/fr\/wp-json\/wp\/v2\/product_tag?post=103973"},{"taxonomy":"product_format_filter","embeddable":true,"href":"https:\/\/mendomedical.ca\/fr\/wp-json\/wp\/v2\/product_format_filter?post=103973"}],"curies":[{"name":"wp","href":"https:\/\/api.w.org\/{rel}","templated":true}]}}