{"id":103824,"date":"2024-08-03T02:50:07","date_gmt":"2024-08-03T06:50:07","guid":{"rendered":"https:\/\/mendomedical.ca\/?post_type=product&#038;p=103824"},"modified":"2026-02-16T22:02:40","modified_gmt":"2026-02-17T03:02:40","slug":"gltoz-gelato-full-spectrum-vape-cart","status":"publish","type":"product","link":"https:\/\/mendomedical.ca\/fr\/produit\/gltoz-gelato-full-spectrum-vape-cart\/","title":{"rendered":"GLTOZ (Gelato) Full Spectrum Vape Cart"},"content":{"rendered":"","protected":false},"excerpt":{"rendered":"<div class=\"ExternalClass6DC3A31FFC0B437D89DB7D9FD6F6ADEE\">\n<h3>GLTOZ (Gelato) Full Spectrum Vape Cart by Retro<\/h3>\n<p>D\u00e9couvrez la puissante relaxation de GLTOZ (Gelato) Full Spectrum Vape Cart, un extrait \u00e0 dominance indica fabriqu\u00e9 par Retro \u00e0 l&rsquo;aide de m\u00e9thodes d&rsquo;extraction au CO2 avanc\u00e9es. Cette cartouche \u00e0 filetage 510 d\u00e9livre de puissants effets euphorisants ainsi qu&rsquo;une profonde relaxation physique, ce qui la rend id\u00e9ale pour les consommateurs de cannabis exp\u00e9riment\u00e9s \u00e0 la recherche d&rsquo;un soulagement th\u00e9rapeutique. Avec 1-8% de terp\u00e8nes totaux et aucun produit chimique nocif ou additif synth\u00e9tique, cette huile de miel \u00e0 spectre complet offre une exp\u00e9rience de cannabis pure et authentique.  <\/p>\n<h4>Caract\u00e9ristiques principales<\/h4>\n<ul>\n<li>Extrait \u00e0 spectre complet \u00e0 dominance indica avec 1 \u00e0 8 % de terp\u00e8nes totaux.<\/li>\n<li>Compatible avec les piles standard \u00e0 filetage 510<\/li>\n<li>Extraction au CO2 pour plus de puret\u00e9 - pas de produits chimiques nocifs ni de terp\u00e8nes synth\u00e9tiques<\/li>\n<li>Procure une forte euphorie accompagn\u00e9e d&rsquo;une forte relaxation physique<\/li>\n<li>Peut favoriser la clart\u00e9 mentale et la cr\u00e9ativit\u00e9 malgr\u00e9 des effets puissants<\/li>\n<\/ul>\n<h4>Profil et effets<\/h4>\n<p>Cette huile de miel \u00e0 dominance indica produit une relaxation physique prononc\u00e9e associ\u00e9e \u00e0 des effets euphoriques. Alors que les effets sur le corps sont particuli\u00e8rement forts, de nombreux utilisateurs d\u00e9clarent avoir conserv\u00e9 une agilit\u00e9 mentale qui peut favoriser la productivit\u00e9 et les activit\u00e9s cr\u00e9atives. En raison de sa puissance \u00e9lev\u00e9e, ce produit convient mieux aux personnes ayant des niveaux de tol\u00e9rance \u00e9tablis.  <\/p>\n<h4>Pourquoi choisir les carts \u00e0 fils 510<\/h4>\n<p>Les cartouches \u00e0 filetage 510 offrent aux consommateurs de cannabis m\u00e9dical un contr\u00f4le pr\u00e9cis du dosage et une consommation pratique et discr\u00e8te. La m\u00e9thode de vaporisation permet une apparition rapide des effets, ce qui facilite la gestion efficace des sympt\u00f4mes tout au long de la journ\u00e9e. <\/p>\n<h4>Exp\u00e9dition dans tout le Canada<\/h4>\n<p>GLTOZ (Gelato) Full Spectrum Vape Cart est exp\u00e9di\u00e9 rapidement \u00e0 travers le Canada. Nous offrons une livraison gratuite pour les commandes de plus de 150 $, ce qui vous assure de recevoir vos produits de cannabis m\u00e9dical rapidement et \u00e0 un prix abordable. <\/p>\n<h4>Avantages et couverture pour les anciens combattants<\/h4>\n<p>Le GLTOZ (Gelato) Full Spectrum Vape Cart est admissible \u00e0 la couverture d&rsquo;ACC (Anciens Combattants Canada) avec facturation directe par la Croix Bleue, ce qui signifie qu&rsquo;il n&rsquo;y a pas de frais \u00e0 d\u00e9bourser pour les anciens combattants admissibles. Si vous n&rsquo;avez pas encore d&rsquo;ordonnance de cannabis m\u00e9dical, vous pouvez en obtenir une rapidement et facilement \u00e0 l&rsquo;<a href=\"https:\/\/mendomedical.ca\/fr\/carte-medicale\/\">adresse https:\/\/mendomedical.ca\/medical-card\/.<\/a> <\/p>\n<\/div>\n","protected":false},"featured_media":103811,"comment_status":"closed","ping_status":"closed","template":"","meta":{"_acf_changed":false,"site-sidebar-layout":"default","site-content-layout":"","ast-site-content-layout":"default","site-content-style":"default","site-sidebar-style":"default","ast-global-header-display":"","ast-banner-title-visibility":"","ast-main-header-display":"","ast-hfb-above-header-display":"","ast-hfb-below-header-display":"","ast-hfb-mobile-header-display":"","site-post-title":"","ast-breadcrumbs-content":"","ast-featured-img":"","footer-sml-layout":"","ast-disable-related-posts":"","theme-transparent-header-meta":"default","adv-header-id-meta":"","stick-header-meta":"","header-above-stick-meta":"","header-main-stick-meta":"","header-below-stick-meta":"","astra-migrate-meta-layouts":"set","ast-page-background-enabled":"default","ast-page-background-meta":{"desktop":{"background-color":"var(--ast-global-color-4)","background-image":"","background-repeat":"repeat","background-position":"center center","background-size":"auto","background-attachment":"scroll","background-type":"","background-media":"","overlay-type":"","overlay-color":"","overlay-opacity":"","overlay-gradient":""},"tablet":{"background-color":"","background-image":"","background-repeat":"repeat","background-position":"center center","background-size":"auto","background-attachment":"scroll","background-type":"","background-media":"","overlay-type":"","overlay-color":"","overlay-opacity":"","overlay-gradient":""},"mobile":{"background-color":"","background-image":"","background-repeat":"repeat","background-position":"center center","background-size":"auto","background-attachment":"scroll","background-type":"","background-media":"","overlay-type":"","overlay-color":"","overlay-opacity":"","overlay-gradient":""}},"ast-content-background-meta":{"desktop":{"background-color":"var(--ast-global-color-5)","background-image":"","background-repeat":"repeat","background-position":"center center","background-size":"auto","background-attachment":"scroll","background-type":"","background-media":"","overlay-type":"","overlay-color":"","overlay-opacity":"","overlay-gradient":""},"tablet":{"background-color":"var(--ast-global-color-5)","background-image":"","background-repeat":"repeat","background-position":"center center","background-size":"auto","background-attachment":"scroll","background-type":"","background-media":"","overlay-type":"","overlay-color":"","overlay-opacity":"","overlay-gradient":""},"mobile":{"background-color":"var(--ast-global-color-5)","background-image":"","background-repeat":"repeat","background-position":"center center","background-size":"auto","background-attachment":"scroll","background-type":"","background-media":"","overlay-type":"","overlay-color":"","overlay-opacity":"","overlay-gradient":""}}},"product_brand":[],"product_cat":[1160,1530,1159],"product_tag":[2172],"product_format_filter":[6369],"class_list":{"0":"post-103824","1":"product","2":"type-product","3":"status-publish","4":"has-post-thumbnail","6":"product_cat-cart-fil-510","7":"product_cat-spectre-complet1","8":"product_cat-vapoteuses","9":"product_tag-retro-fr","10":"pa_format-1g-2-fr","11":"pa_intensity-thc-eleve","12":"pa_marques-retro-fr","13":"pa_origin-ontario-fr","14":"pa_thc-76-34-fr","15":"pa_type-de-plante-hybride-indica-fr","16":"product_format_filter-1g","17":"desktop-align-left","18":"tablet-align-left","19":"mobile-align-left","21":"first","22":"instock","23":"taxable","24":"shipping-taxable","25":"purchasable","26":"product-type-simple"},"group_of_quantity":0,"min_quantity":0,"max_quantity":"","exclude_order_quantity_value_rules":"no","exclude_category_quantity_rules":"no","combine_variations":"no","acf":[],"_links":{"self":[{"href":"https:\/\/mendomedical.ca\/fr\/wp-json\/wp\/v2\/product\/103824","targetHints":{"allow":["GET"]}}],"collection":[{"href":"https:\/\/mendomedical.ca\/fr\/wp-json\/wp\/v2\/product"}],"about":[{"href":"https:\/\/mendomedical.ca\/fr\/wp-json\/wp\/v2\/types\/product"}],"replies":[{"embeddable":true,"href":"https:\/\/mendomedical.ca\/fr\/wp-json\/wp\/v2\/comments?post=103824"}],"wp:featuredmedia":[{"embeddable":true,"href":"https:\/\/mendomedical.ca\/fr\/wp-json\/wp\/v2\/media\/103811"}],"wp:attachment":[{"href":"https:\/\/mendomedical.ca\/fr\/wp-json\/wp\/v2\/media?parent=103824"}],"wp:term":[{"taxonomy":"product_brand","embeddable":true,"href":"https:\/\/mendomedical.ca\/fr\/wp-json\/wp\/v2\/product_brand?post=103824"},{"taxonomy":"product_cat","embeddable":true,"href":"https:\/\/mendomedical.ca\/fr\/wp-json\/wp\/v2\/product_cat?post=103824"},{"taxonomy":"product_tag","embeddable":true,"href":"https:\/\/mendomedical.ca\/fr\/wp-json\/wp\/v2\/product_tag?post=103824"},{"taxonomy":"product_format_filter","embeddable":true,"href":"https:\/\/mendomedical.ca\/fr\/wp-json\/wp\/v2\/product_format_filter?post=103824"}],"curies":[{"name":"wp","href":"https:\/\/api.w.org\/{rel}","templated":true}]}}