{"id":103813,"date":"2023-05-17T14:25:09","date_gmt":"2023-05-17T18:25:09","guid":{"rendered":"https:\/\/mendomedical.ca\/?post_type=product&#038;p=103813"},"modified":"2024-08-13T15:47:54","modified_gmt":"2024-08-13T19:47:54","slug":"tube-aromatique-en-verre-solo-droit-70mm","status":"publish","type":"product","link":"https:\/\/mendomedical.ca\/fr\/produit\/tube-aromatique-en-verre-solo-droit-70mm\/","title":{"rendered":"Tube Aromatique en Verre Solo \u2013 Droit 70mm"},"content":{"rendered":"","protected":false},"excerpt":{"rendered":"<p><strong>Le tube d\u2019ar\u00f4me en verre Solo Vaporizer Straight dispose de 4 trous de diffusion d\u2019air pour une vapotage plus douce. Fabriqu\u00e9 \u00e0 partir de verre borosilicat\u00e9, il s\u2019agit d\u2019un tube aromatique en verre de remplacement pour vaporisateur Solo d\u2019Arizer, le fabricant du vaporisateur Solo. C\u2019est toujours bien d\u2019avoir des extras au cas o\u00f9 l\u2019on rencontrerait durement le terrain.<\/strong><\/p>\n<p>&nbsp;<\/p>\n<h5><strong>Caract\u00e9ristiques des tubes :<\/strong><\/h5>\n<ul>\n<li>Compatible avec les vaporisateurs Arizer Solo et Air<\/li>\n<li>4 trous de diffusion d\u2019air<\/li>\n<li>Fabriqu\u00e9 en verre borosilicate<\/li>\n<li>Droit 70 mm (2,99\u2033)<\/li>\n<\/ul>\n<h5><strong>Qu\u2019y a-t-il dans la boite:<\/strong><\/h5>\n<ul>\n<li>1x \u2013 Tube aromatique droit en verre Solo par Arizer<\/li>\n<\/ul>\n","protected":false},"featured_media":103814,"comment_status":"closed","ping_status":"closed","template":"","meta":{"_acf_changed":false,"site-sidebar-layout":"default","site-content-layout":"","ast-site-content-layout":"default","site-content-style":"default","site-sidebar-style":"default","ast-global-header-display":"","ast-banner-title-visibility":"","ast-main-header-display":"","ast-hfb-above-header-display":"","ast-hfb-below-header-display":"","ast-hfb-mobile-header-display":"","site-post-title":"","ast-breadcrumbs-content":"","ast-featured-img":"","footer-sml-layout":"","ast-disable-related-posts":"","theme-transparent-header-meta":"default","adv-header-id-meta":"","stick-header-meta":"","header-above-stick-meta":"","header-main-stick-meta":"","header-below-stick-meta":"","astra-migrate-meta-layouts":"set","ast-page-background-enabled":"default","ast-page-background-meta":{"desktop":{"background-color":"var(--ast-global-color-4)","background-image":"","background-repeat":"repeat","background-position":"center center","background-size":"auto","background-attachment":"scroll","background-type":"","background-media":"","overlay-type":"","overlay-color":"","overlay-opacity":"","overlay-gradient":""},"tablet":{"background-color":"","background-image":"","background-repeat":"repeat","background-position":"center center","background-size":"auto","background-attachment":"scroll","background-type":"","background-media":"","overlay-type":"","overlay-color":"","overlay-opacity":"","overlay-gradient":""},"mobile":{"background-color":"","background-image":"","background-repeat":"repeat","background-position":"center center","background-size":"auto","background-attachment":"scroll","background-type":"","background-media":"","overlay-type":"","overlay-color":"","overlay-opacity":"","overlay-gradient":""}},"ast-content-background-meta":{"desktop":{"background-color":"var(--ast-global-color-5)","background-image":"","background-repeat":"repeat","background-position":"center center","background-size":"auto","background-attachment":"scroll","background-type":"","background-media":"","overlay-type":"","overlay-color":"","overlay-opacity":"","overlay-gradient":""},"tablet":{"background-color":"var(--ast-global-color-5)","background-image":"","background-repeat":"repeat","background-position":"center center","background-size":"auto","background-attachment":"scroll","background-type":"","background-media":"","overlay-type":"","overlay-color":"","overlay-opacity":"","overlay-gradient":""},"mobile":{"background-color":"var(--ast-global-color-5)","background-image":"","background-repeat":"repeat","background-position":"center center","background-size":"auto","background-attachment":"scroll","background-type":"","background-media":"","overlay-type":"","overlay-color":"","overlay-opacity":"","overlay-gradient":""}}},"product_brand":[],"product_cat":[1108,1104],"product_tag":[2164],"product_format_filter":[],"class_list":{"0":"post-103813","1":"product","2":"type-product","3":"status-publish","4":"has-post-thumbnail","6":"product_cat-appareils-a-herbes-seches","7":"product_cat-accessoires","8":"product_tag-arizer-fr","9":"pa_marques-arizer-fr","10":"pa_origin-ontario-fr","11":"desktop-align-left","12":"tablet-align-left","13":"mobile-align-left","15":"first","16":"outofstock","17":"taxable","18":"shipping-taxable","19":"purchasable","20":"product-type-simple"},"group_of_quantity":0,"min_quantity":0,"max_quantity":"","exclude_order_quantity_value_rules":"no","exclude_category_quantity_rules":"no","combine_variations":"no","acf":[],"_links":{"self":[{"href":"https:\/\/mendomedical.ca\/fr\/wp-json\/wp\/v2\/product\/103813","targetHints":{"allow":["GET"]}}],"collection":[{"href":"https:\/\/mendomedical.ca\/fr\/wp-json\/wp\/v2\/product"}],"about":[{"href":"https:\/\/mendomedical.ca\/fr\/wp-json\/wp\/v2\/types\/product"}],"replies":[{"embeddable":true,"href":"https:\/\/mendomedical.ca\/fr\/wp-json\/wp\/v2\/comments?post=103813"}],"wp:featuredmedia":[{"embeddable":true,"href":"https:\/\/mendomedical.ca\/fr\/wp-json\/wp\/v2\/media\/103814"}],"wp:attachment":[{"href":"https:\/\/mendomedical.ca\/fr\/wp-json\/wp\/v2\/media?parent=103813"}],"wp:term":[{"taxonomy":"product_brand","embeddable":true,"href":"https:\/\/mendomedical.ca\/fr\/wp-json\/wp\/v2\/product_brand?post=103813"},{"taxonomy":"product_cat","embeddable":true,"href":"https:\/\/mendomedical.ca\/fr\/wp-json\/wp\/v2\/product_cat?post=103813"},{"taxonomy":"product_tag","embeddable":true,"href":"https:\/\/mendomedical.ca\/fr\/wp-json\/wp\/v2\/product_tag?post=103813"},{"taxonomy":"product_format_filter","embeddable":true,"href":"https:\/\/mendomedical.ca\/fr\/wp-json\/wp\/v2\/product_format_filter?post=103813"}],"curies":[{"name":"wp","href":"https:\/\/api.w.org\/{rel}","templated":true}]}}