{"id":103809,"date":"2024-08-03T05:35:44","date_gmt":"2024-08-03T09:35:44","guid":{"rendered":"https:\/\/mendomedical.ca\/?post_type=product&#038;p=103809"},"modified":"2026-03-19T07:31:12","modified_gmt":"2026-03-19T11:31:12","slug":"perfect-harmony-11-vape-cart","status":"publish","type":"product","link":"https:\/\/mendomedical.ca\/fr\/produit\/perfect-harmony-11-vape-cart\/","title":{"rendered":"Perfect Harmony Full Spectrum 1:1 Vape Cart"},"content":{"rendered":"","protected":false},"excerpt":{"rendered":"<div class=\"ExternalClass9C4FF73CCF674B388F2FC24CCC9B7340\">\n<h3>Perfect Harmony Full Spectrum 1:1 Vape Cart by Retro<\/h3>\n<h3>Terp\u00e8nes totaux : 3-4%.<\/h3>\n<p>Faites l&rsquo;exp\u00e9rience de l&rsquo;\u00e9quilibre id\u00e9al des cannabino\u00efdes avec la cartouche de vape 1:1 Perfect Harmony Full Spectrum de Retro. Cette cartouche \u00e0 filetage 510 soigneusement con\u00e7ue d\u00e9livre un rapport \u00e9quilibr\u00e9 entre le CBD et le THC, agr\u00e9ment\u00e9 d&rsquo;un total impressionnant de terp\u00e8nes totaux. Con\u00e7ue pour les consommateurs de cannabis m\u00e9dical qui recherchent les avantages th\u00e9rapeutiques potentiels du CBD tout en conservant une exp\u00e9rience psychoactive plus douce, cette cartouche honey oil offre polyvalence et coh\u00e9rence \u00e0 chaque tirage.  <\/p>\n<h4>Caract\u00e9ristiques principales<\/h4>\n<ul>\n<li>Rapport \u00e9quilibr\u00e9 1:1 entre le CBD et le THC pour un profil cannabino\u00efde harmonieux<\/li>\n<li>Teneur \u00e9lev\u00e9e en terp\u00e8nes pour une saveur am\u00e9lior\u00e9e et des effets d&rsquo;entourage potentiels<\/li>\n<li>Compatible avec les piles standard \u00e0 filetage 510 pour une utilisation pratique<\/li>\n<li>La formulation de l&rsquo;huile de miel \u00e0 spectre complet pr\u00e9serve les compos\u00e9s naturels du cannabis.<\/li>\n<li>Convient pour une utilisation en journ\u00e9e et en soir\u00e9e, selon la tol\u00e9rance de chacun.<\/li>\n<\/ul>\n<h4>Profil des terp\u00e8nes<\/h4>\n<p>Cette cartouche de vapotage offre un profil riche et complexe qui peut contribuer \u00e0 la fois \u00e0 l&rsquo;exp\u00e9rience gustative et aux effets globaux. Ce produit se distingue par sa teneur \u00e9lev\u00e9e en terp\u00e8nes, ce qui peut renforcer la synergie entre les cannabino\u00efdes gr\u00e2ce \u00e0 l&rsquo;effet d&rsquo;entourage. <\/p>\n<h4>Pourquoi choisir les carts \u00e0 fils 510<\/h4>\n<p>Les cartouches \u00e0 filetage 510 offrent aux utilisateurs m\u00e9dicaux un contr\u00f4le pr\u00e9cis du dosage et des m\u00e9thodes de consommation discr\u00e8tes. Le ratio 1:1 peut aider \u00e0 atteindre divers objectifs de bien-\u00eatre tout en minimisant potentiellement les effets psychoactifs ind\u00e9sirables, ce qui en fait un excellent choix pour les personnes qui d\u00e9couvrent le cannabis ou qui recherchent un soulagement pendant la journ\u00e9e. <\/p>\n<h4>Exp\u00e9dition dans tout le Canada<\/h4>\n<p>Perfect Harmony Full Spectrum 1:1 Vape Cart est exp\u00e9di\u00e9 rapidement \u00e0 travers le Canada. Nous offrons une livraison gratuite pour toutes les commandes de plus de 150 $, assurant un acc\u00e8s pratique \u00e0 vos produits de cannabis m\u00e9dical dans tout le pays. <\/p>\n<h4>Avantages et couverture pour les anciens combattants<\/h4>\n<p>Perfect Harmony Full Spectrum 1:1 Vape Cart est admissible \u00e0 la couverture d&rsquo;ACC (Anciens Combattants Canada) avec facturation directe par la Croix Bleue, ce qui signifie qu&rsquo;il n&rsquo;y a pas de frais \u00e0 d\u00e9bourser pour les anciens combattants admissibles. Si vous n&rsquo;avez pas encore votre carte de cannabis m\u00e9dical, <a href=\"https:\/\/mendomedical.ca\/fr\/carte-medicale\/\">obtenez votre carte m\u00e9dicale gratuite rapidement et facilement<\/a> pour acc\u00e9der \u00e0 ces avantages. <\/p>\n<\/div>\n","protected":false},"featured_media":103811,"comment_status":"closed","ping_status":"closed","template":"","meta":{"_acf_changed":false,"site-sidebar-layout":"default","site-content-layout":"","ast-site-content-layout":"default","site-content-style":"default","site-sidebar-style":"default","ast-global-header-display":"","ast-banner-title-visibility":"","ast-main-header-display":"","ast-hfb-above-header-display":"","ast-hfb-below-header-display":"","ast-hfb-mobile-header-display":"","site-post-title":"","ast-breadcrumbs-content":"","ast-featured-img":"","footer-sml-layout":"","ast-disable-related-posts":"","theme-transparent-header-meta":"default","adv-header-id-meta":"","stick-header-meta":"","header-above-stick-meta":"","header-main-stick-meta":"","header-below-stick-meta":"","astra-migrate-meta-layouts":"set","ast-page-background-enabled":"default","ast-page-background-meta":{"desktop":{"background-color":"var(--ast-global-color-4)","background-image":"","background-repeat":"repeat","background-position":"center center","background-size":"auto","background-attachment":"scroll","background-type":"","background-media":"","overlay-type":"","overlay-color":"","overlay-opacity":"","overlay-gradient":""},"tablet":{"background-color":"","background-image":"","background-repeat":"repeat","background-position":"center center","background-size":"auto","background-attachment":"scroll","background-type":"","background-media":"","overlay-type":"","overlay-color":"","overlay-opacity":"","overlay-gradient":""},"mobile":{"background-color":"","background-image":"","background-repeat":"repeat","background-position":"center center","background-size":"auto","background-attachment":"scroll","background-type":"","background-media":"","overlay-type":"","overlay-color":"","overlay-opacity":"","overlay-gradient":""}},"ast-content-background-meta":{"desktop":{"background-color":"var(--ast-global-color-5)","background-image":"","background-repeat":"repeat","background-position":"center center","background-size":"auto","background-attachment":"scroll","background-type":"","background-media":"","overlay-type":"","overlay-color":"","overlay-opacity":"","overlay-gradient":""},"tablet":{"background-color":"var(--ast-global-color-5)","background-image":"","background-repeat":"repeat","background-position":"center center","background-size":"auto","background-attachment":"scroll","background-type":"","background-media":"","overlay-type":"","overlay-color":"","overlay-opacity":"","overlay-gradient":""},"mobile":{"background-color":"var(--ast-global-color-5)","background-image":"","background-repeat":"repeat","background-position":"center center","background-size":"auto","background-attachment":"scroll","background-type":"","background-media":"","overlay-type":"","overlay-color":"","overlay-opacity":"","overlay-gradient":""}}},"product_brand":[],"product_cat":[1160,1530,1159],"product_tag":[2172],"product_format_filter":[6369],"class_list":{"0":"post-103809","1":"product","2":"type-product","3":"status-publish","4":"has-post-thumbnail","6":"product_cat-cart-fil-510","7":"product_cat-spectre-complet1","8":"product_cat-vapoteuses","9":"product_tag-retro-fr","10":"pa_cbd-38-75-fr","11":"pa_format-1g-2-fr","12":"pa_intensity-cbd-moyen","13":"pa_intensity-thc-moyen","14":"pa_marques-retro-fr","15":"pa_origin-ontario-fr","16":"pa_thc-37-05-fr","17":"pa_type-de-plante-hybride-sativa-fr","18":"product_format_filter-1g","19":"desktop-align-left","20":"tablet-align-left","21":"mobile-align-left","23":"first","24":"instock","25":"taxable","26":"shipping-taxable","27":"purchasable","28":"product-type-simple"},"group_of_quantity":0,"min_quantity":0,"max_quantity":"","exclude_order_quantity_value_rules":"no","exclude_category_quantity_rules":"no","combine_variations":"no","acf":[],"_links":{"self":[{"href":"https:\/\/mendomedical.ca\/fr\/wp-json\/wp\/v2\/product\/103809","targetHints":{"allow":["GET"]}}],"collection":[{"href":"https:\/\/mendomedical.ca\/fr\/wp-json\/wp\/v2\/product"}],"about":[{"href":"https:\/\/mendomedical.ca\/fr\/wp-json\/wp\/v2\/types\/product"}],"replies":[{"embeddable":true,"href":"https:\/\/mendomedical.ca\/fr\/wp-json\/wp\/v2\/comments?post=103809"}],"wp:featuredmedia":[{"embeddable":true,"href":"https:\/\/mendomedical.ca\/fr\/wp-json\/wp\/v2\/media\/103811"}],"wp:attachment":[{"href":"https:\/\/mendomedical.ca\/fr\/wp-json\/wp\/v2\/media?parent=103809"}],"wp:term":[{"taxonomy":"product_brand","embeddable":true,"href":"https:\/\/mendomedical.ca\/fr\/wp-json\/wp\/v2\/product_brand?post=103809"},{"taxonomy":"product_cat","embeddable":true,"href":"https:\/\/mendomedical.ca\/fr\/wp-json\/wp\/v2\/product_cat?post=103809"},{"taxonomy":"product_tag","embeddable":true,"href":"https:\/\/mendomedical.ca\/fr\/wp-json\/wp\/v2\/product_tag?post=103809"},{"taxonomy":"product_format_filter","embeddable":true,"href":"https:\/\/mendomedical.ca\/fr\/wp-json\/wp\/v2\/product_format_filter?post=103809"}],"curies":[{"name":"wp","href":"https:\/\/api.w.org\/{rel}","templated":true}]}}