{"id":103774,"date":"2025-09-15T20:44:38","date_gmt":"2025-09-16T00:44:38","guid":{"rendered":"https:\/\/mendomedical.ca\/?post_type=product&#038;p=103774"},"modified":"2026-04-16T17:20:51","modified_gmt":"2026-04-16T21:20:51","slug":"dirty-taxi","status":"publish","type":"product","link":"https:\/\/mendomedical.ca\/fr\/produit\/dirty-taxi\/","title":{"rendered":"Dirty Taxi"},"content":{"rendered":"","protected":false},"excerpt":{"rendered":"<div class=\"ExternalClass751C0057E608415799886E022203FBB6\">\n<h3>Dirty Taxi par Ostara M\u00e9dical<\/h3>\n<h3>Terp\u00e8nes totaux : 3.68%<\/h3>\n<p>D\u00e9couvrez le pouvoir \u00e9nergisant de Dirty Taxi, une vari\u00e9t\u00e9 hybride \u00e0 dominance sativa de premi\u00e8re qualit\u00e9 (70 % sativa\/30 % indica) d&rsquo;Ostara M\u00e9dical. Cr\u00e9\u00e9e par le croisement des g\u00e9n\u00e9tiques GMO X Chem I95, cette fleur puissante offre une exp\u00e9rience rapide et durable qui peut aider \u00e0 am\u00e9liorer la concentration et \u00e0 remonter votre humeur tout au long de la journ\u00e9e. Avec une teneur totale en terp\u00e8nes de 3,68 %, la Dirty Taxi offre un profil sensoriel complexe qui combine des notes de citron piquant et de miel sucr\u00e9 avec des nuances classiques de skunk.<\/p>\n<h3>Caract\u00e9ristiques principales<\/h3>\n<ul>\n<li>Puissant hybride \u00e0 dominance sativa (70\/30) avec lign\u00e9e GMO X Chem I95<\/li>\n<li>3,68 % de terp\u00e8nes totaux, dont le myrc\u00e8ne, le limon\u00e8ne et le caryophyll\u00e8ne.<\/li>\n<li>Grandes Cocottes couvertes de trichomes et d&rsquo;un attrait visuel exceptionnel.<\/li>\n<li>Effets durables qui peuvent favoriser l&rsquo;attention et la concentration<\/li>\n<li>Profil aromatique complexe combinant des notes de citron, de miel et de skunk.<\/li>\n<\/ul>\n<h3>Saveurs, ar\u00f4mes et profil des terp\u00e8nes<\/h3>\n<p>Dirty Taxi offre une exp\u00e9rience sensorielle \u00e0 plusieurs niveaux qui commence d\u00e8s l&rsquo;ouverture du pot. L&rsquo;ar\u00f4me imm\u00e9diat combine des notes audacieuses de skunk et de citron brillant qui \u00e9veillent les sens. Lors de l&rsquo;inhalation, une agr\u00e9able saveur de citron domine, suivie de subtiles nuances de miel qui se d\u00e9veloppent en bouche. Ce profil unique est cr\u00e9\u00e9 par des terp\u00e8nes de premier plan, notamment le myrc\u00e8ne, le limon\u00e8ne et le caryophyll\u00e8ne, qui travaillent ensemble pour produire \u00e0 la fois un go\u00fbt distinctif et des avantages th\u00e9rapeutiques potentiels.<\/p>\n<h3>Pourquoi choisir Premium Flower<\/h3>\n<p>La fleur de cannabis de haute qualit\u00e9 comme Dirty Taxi offre aux utilisateurs m\u00e9dicaux la flexibilit\u00e9 de contr\u00f4ler leur dosage tout en b\u00e9n\u00e9ficiant du spectre complet des cannabino\u00efdes et des terp\u00e8nes. Cette approche bas\u00e9e sur la plante enti\u00e8re peut apporter des b\u00e9n\u00e9fices th\u00e9rapeutiques accrus gr\u00e2ce \u00e0 l&rsquo;effet d&rsquo;entourage.<\/p>\n<h3>Exp\u00e9dition dans tout le Canada<\/h3>\n<p>Dirty Taxi livre rapidement dans tout le Canada, avec une livraison gratuite pour les commandes de plus de 150 $. Nous assurons un emballage discret et une livraison rapide pour que votre cannabis m\u00e9dical vous parvienne le plus efficacement possible.<\/p>\n<h3>Avantages et couverture pour les anciens combattants<\/h3>\n<p>Dirty Taxi est admissible \u00e0 la couverture d&rsquo;ACC (Anciens Combattants Canada) et \u00e0 la facturation directe par l&rsquo;entremise de la Croix Bleue, ce qui signifie que les anciens combattants admissibles n&rsquo;ont pas \u00e0 d\u00e9bourser d&rsquo;argent. Si vous n&rsquo;avez pas encore d&rsquo;ordonnance de cannabis m\u00e9dical, vous pouvez <a href=\"https:\/\/mendomedical.ca\/fr\/carte-medicale\/\">obtenir votre carte m\u00e9dicale gratuite rapidement et facilement<\/a> gr\u00e2ce \u00e0 notre processus simplifi\u00e9.<\/p>\n<\/div>\n","protected":false},"featured_media":103777,"comment_status":"closed","ping_status":"closed","template":"","meta":{"_acf_changed":false,"site-sidebar-layout":"default","site-content-layout":"","ast-site-content-layout":"default","site-content-style":"default","site-sidebar-style":"default","ast-global-header-display":"","ast-banner-title-visibility":"","ast-main-header-display":"","ast-hfb-above-header-display":"","ast-hfb-below-header-display":"","ast-hfb-mobile-header-display":"","site-post-title":"","ast-breadcrumbs-content":"","ast-featured-img":"","footer-sml-layout":"","ast-disable-related-posts":"","theme-transparent-header-meta":"default","adv-header-id-meta":"","stick-header-meta":"","header-above-stick-meta":"","header-main-stick-meta":"","header-below-stick-meta":"","astra-migrate-meta-layouts":"set","ast-page-background-enabled":"default","ast-page-background-meta":{"desktop":{"background-color":"var(--ast-global-color-4)","background-image":"","background-repeat":"repeat","background-position":"center center","background-size":"auto","background-attachment":"scroll","background-type":"","background-media":"","overlay-type":"","overlay-color":"","overlay-opacity":"","overlay-gradient":""},"tablet":{"background-color":"","background-image":"","background-repeat":"repeat","background-position":"center center","background-size":"auto","background-attachment":"scroll","background-type":"","background-media":"","overlay-type":"","overlay-color":"","overlay-opacity":"","overlay-gradient":""},"mobile":{"background-color":"","background-image":"","background-repeat":"repeat","background-position":"center center","background-size":"auto","background-attachment":"scroll","background-type":"","background-media":"","overlay-type":"","overlay-color":"","overlay-opacity":"","overlay-gradient":""}},"ast-content-background-meta":{"desktop":{"background-color":"var(--ast-global-color-5)","background-image":"","background-repeat":"repeat","background-position":"center center","background-size":"auto","background-attachment":"scroll","background-type":"","background-media":"","overlay-type":"","overlay-color":"","overlay-opacity":"","overlay-gradient":""},"tablet":{"background-color":"var(--ast-global-color-5)","background-image":"","background-repeat":"repeat","background-position":"center center","background-size":"auto","background-attachment":"scroll","background-type":"","background-media":"","overlay-type":"","overlay-color":"","overlay-opacity":"","overlay-gradient":""},"mobile":{"background-color":"var(--ast-global-color-5)","background-image":"","background-repeat":"repeat","background-position":"center center","background-size":"auto","background-attachment":"scroll","background-type":"","background-media":"","overlay-type":"","overlay-color":"","overlay-opacity":"","overlay-gradient":""}}},"product_brand":[],"product_cat":[1137],"product_tag":[2515],"product_format_filter":[6373],"class_list":{"0":"post-103774","1":"product","2":"type-product","3":"status-publish","4":"has-post-thumbnail","6":"product_cat-fleur","7":"product_tag-ostara-medical-fr","8":"pa_flavours-citron","9":"pa_flavours-honey-fr","10":"pa_flavours-moufette","11":"pa_flavours-doux","12":"pa_format-7g-fr","13":"pa_intensity-thc-eleve","14":"pa_marques-ostara-medical-fr","15":"pa_origin-quebec-fr","16":"pa_packaging-date-11-13-2025","17":"pa_prix-par-gramme-8-57","18":"pa_profil-terpene-caryophyllene","19":"pa_profil-terpene-humulene-fr","20":"pa_profil-terpene-limonene-fr","21":"pa_profil-terpene-myrcene","22":"pa_profil-terpene-pinene-fr","23":"pa_thc-29-2-fr","24":"pa_type-de-plante-hybride-fr","25":"product_format_filter-7g","26":"desktop-align-left","27":"tablet-align-left","28":"mobile-align-left","30":"first","31":"instock","32":"taxable","33":"shipping-taxable","34":"purchasable","35":"product-type-simple"},"group_of_quantity":0,"min_quantity":0,"max_quantity":"","exclude_order_quantity_value_rules":"no","exclude_category_quantity_rules":"no","combine_variations":"no","acf":[],"_links":{"self":[{"href":"https:\/\/mendomedical.ca\/fr\/wp-json\/wp\/v2\/product\/103774","targetHints":{"allow":["GET"]}}],"collection":[{"href":"https:\/\/mendomedical.ca\/fr\/wp-json\/wp\/v2\/product"}],"about":[{"href":"https:\/\/mendomedical.ca\/fr\/wp-json\/wp\/v2\/types\/product"}],"replies":[{"embeddable":true,"href":"https:\/\/mendomedical.ca\/fr\/wp-json\/wp\/v2\/comments?post=103774"}],"wp:featuredmedia":[{"embeddable":true,"href":"https:\/\/mendomedical.ca\/fr\/wp-json\/wp\/v2\/media\/103777"}],"wp:attachment":[{"href":"https:\/\/mendomedical.ca\/fr\/wp-json\/wp\/v2\/media?parent=103774"}],"wp:term":[{"taxonomy":"product_brand","embeddable":true,"href":"https:\/\/mendomedical.ca\/fr\/wp-json\/wp\/v2\/product_brand?post=103774"},{"taxonomy":"product_cat","embeddable":true,"href":"https:\/\/mendomedical.ca\/fr\/wp-json\/wp\/v2\/product_cat?post=103774"},{"taxonomy":"product_tag","embeddable":true,"href":"https:\/\/mendomedical.ca\/fr\/wp-json\/wp\/v2\/product_tag?post=103774"},{"taxonomy":"product_format_filter","embeddable":true,"href":"https:\/\/mendomedical.ca\/fr\/wp-json\/wp\/v2\/product_format_filter?post=103774"}],"curies":[{"name":"wp","href":"https:\/\/api.w.org\/{rel}","templated":true}]}}