{"id":103758,"date":"2023-05-17T14:00:25","date_gmt":"2023-05-17T18:00:25","guid":{"rendered":"https:\/\/mendomedical.ca\/?post_type=product&#038;p=103758"},"modified":"2025-04-12T03:45:48","modified_gmt":"2025-04-12T07:45:48","slug":"solo-3-portable-vaporizer-intergalactic-black","status":"publish","type":"product","link":"https:\/\/mendomedical.ca\/fr\/produit\/solo-3-portable-vaporizer-intergalactic-black\/","title":{"rendered":"Solo 3 Portable Vaporizer Intergalactic Noir"},"content":{"rendered":"","protected":false},"excerpt":{"rendered":"<p><strong>Pr\u00e9sentation du Solo III, notre appareil portable le plus puissant et le plus avanc\u00e9\u2026 de loin. B\u00e9n\u00e9ficiant d&rsquo;avanc\u00e9es r\u00e9volutionnaires dans notre technologie de chauffage, d&rsquo;un nouveau syst\u00e8me d&rsquo;exploitation am\u00e9lior\u00e9 avec grand \u00e9cran couleur, d&rsquo;un mode Session avec de nouvelles temp\u00e9ratures pr\u00e9d\u00e9finies programmables, d&rsquo;un nouveau mode \u00e0 la demande, de notre nouveau syst\u00e8me XL Glass Pod avec une double capacit\u00e9 et un flux d&rsquo;air accru, d&rsquo;un chargement USB-C, d&rsquo;une utilisation pendant le chargement et d&rsquo;une impressionnante autonomie de 3 heures par charge\u00a0!<\/strong><\/p>\n<h5>Qu&rsquo;est-ce qui est inclus\u00a0?<\/h5>\n<p>1 x micro-chauffage portable Solo III<br \/>\n1 x manuel d&rsquo;utilisation Solo III<br \/>\n1 x chargeur USB-C (5 V, 3 A)<br \/>\n1 x tube d&rsquo;ar\u00f4me en verre XL (90 mm)<br \/>\n1 x tube d&rsquo;ar\u00f4me en verre d\u00e9poli XL (14 mm)<br \/>\n1 x tube d&rsquo;ar\u00f4me en verre Air \/ Solo (90 mm)<br \/>\n1 x tube d&rsquo;ar\u00f4me en verre d\u00e9poli Air \/ Solo (14 mm)<br \/>\n4 x capuchons de tige en silicone Air \/ Solo<br \/>\n2 x tubes de voyage en PVC avec capuchon (taille 90 mm)<br \/>\n2 x tubes de voyage en PVC avec capuchon (taille 70 mm)<br \/>\n1 x outil d&rsquo;agitation en acier inoxydable<br \/>\n4 x filtres en acier inoxydable Air \/ Solo<\/p>\n<h5>CHAUFFAGE PORTABLE POLYVALENT<\/h5>\n<p>Pour herbes s\u00e8ches et aromath\u00e9rapie<\/p>\n<h5>NOUVELLE TECHNOLOGIE DE CONVECTION EN C\u00c9RAMIQUE \u00c0 CHAUFFAGE INSTANTAN\u00c9<\/h5>\n<ul>\n<li>Chauffage de 5 \u00e0 15 secondes, chauffage hybride (80 % de convection, 20 % de conduction)<\/li>\n<\/ul>\n<h5>NOUVEAU SYST\u00c8ME DE GODETS EN VERRE XL<\/h5>\n<p>De plus gros hits avec un pod en verre plus grand \/ Facile \u00e0 utiliser et facile \u00e0 nettoyer<\/p>\n<p>NOUVEAU MODE SESSION + MODE \u00c0 LA DEMANDE<\/p>\n<ul>\n<li>Sirotez une vapeur douce et savoureuse avec le mode Session ou des bouff\u00e9es rapides et fortes \u00e0 la demande<\/li>\n<\/ul>\n<h5>NOUVEAUX PARAM\u00c8TRES DE SESSION PERSONNALIS\u00c9S INTERACTIFS<\/h5>\n<ul>\n<li>Contr\u00f4le au bout des doigts comme jamais auparavant<\/li>\n<\/ul>\n<h5>NOUVEAU SYST\u00c8ME D&rsquo;EXPLOITATION CONVIVIAL<\/h5>\n<ul>\n<li>Grand \u00e9cran couleur facile \u00e0 lire<\/li>\n<\/ul>\n<h5>CONTR\u00d4LE AUTOMATIQUE ET INVERSION D&rsquo;AFFICHAGE<\/h5>\n<ul>\n<li>Lisez l&rsquo;\u00e9cran et utilisez les boutons de commande dans 2 positions<\/li>\n<\/ul>\n<h5>CHARGEMENT USB-C<\/h5>\n<ul>\n<li>Plus utilisation pendant le chargement pour une action non-stop<\/li>\n<\/ul>\n<h5>DUR\u00c9E DE VIE DE LA BATTERIE EXTRA LONGUE ET INDICATEUR DE CHARGE<\/h5>\n<ul>\n<li>Jusqu&rsquo;\u00e0 3 heures d&rsquo;utilisation par charge<\/li>\n<\/ul>\n<h5>CHEMIN D&rsquo;AIR ISOL\u00c9 ET CHEMIN DE VAPEUR TOUT EN VERRE<\/h5>\n<ul>\n<li>Air frais, vapeur douce et savoureuse<\/li>\n<\/ul>\n<h5>COMPOSANTS SOIGNEUSEMENT SOURCES<\/h5>\n<ul>\n<li>Pi\u00e8ces et accessoires de haute qualit\u00e9<\/li>\n<\/ul>\n","protected":false},"featured_media":103769,"comment_status":"closed","ping_status":"closed","template":"","meta":{"_acf_changed":false,"site-sidebar-layout":"default","site-content-layout":"","ast-site-content-layout":"default","site-content-style":"default","site-sidebar-style":"default","ast-global-header-display":"","ast-banner-title-visibility":"","ast-main-header-display":"","ast-hfb-above-header-display":"","ast-hfb-below-header-display":"","ast-hfb-mobile-header-display":"","site-post-title":"","ast-breadcrumbs-content":"","ast-featured-img":"","footer-sml-layout":"","ast-disable-related-posts":"","theme-transparent-header-meta":"default","adv-header-id-meta":"","stick-header-meta":"","header-above-stick-meta":"","header-main-stick-meta":"","header-below-stick-meta":"","astra-migrate-meta-layouts":"set","ast-page-background-enabled":"default","ast-page-background-meta":{"desktop":{"background-color":"var(--ast-global-color-4)","background-image":"","background-repeat":"repeat","background-position":"center center","background-size":"auto","background-attachment":"scroll","background-type":"","background-media":"","overlay-type":"","overlay-color":"","overlay-opacity":"","overlay-gradient":""},"tablet":{"background-color":"","background-image":"","background-repeat":"repeat","background-position":"center center","background-size":"auto","background-attachment":"scroll","background-type":"","background-media":"","overlay-type":"","overlay-color":"","overlay-opacity":"","overlay-gradient":""},"mobile":{"background-color":"","background-image":"","background-repeat":"repeat","background-position":"center center","background-size":"auto","background-attachment":"scroll","background-type":"","background-media":"","overlay-type":"","overlay-color":"","overlay-opacity":"","overlay-gradient":""}},"ast-content-background-meta":{"desktop":{"background-color":"var(--ast-global-color-5)","background-image":"","background-repeat":"repeat","background-position":"center center","background-size":"auto","background-attachment":"scroll","background-type":"","background-media":"","overlay-type":"","overlay-color":"","overlay-opacity":"","overlay-gradient":""},"tablet":{"background-color":"var(--ast-global-color-5)","background-image":"","background-repeat":"repeat","background-position":"center center","background-size":"auto","background-attachment":"scroll","background-type":"","background-media":"","overlay-type":"","overlay-color":"","overlay-opacity":"","overlay-gradient":""},"mobile":{"background-color":"var(--ast-global-color-5)","background-image":"","background-repeat":"repeat","background-position":"center center","background-size":"auto","background-attachment":"scroll","background-type":"","background-media":"","overlay-type":"","overlay-color":"","overlay-opacity":"","overlay-gradient":""}}},"product_brand":[],"product_cat":[1108,1104],"product_tag":[2164],"product_format_filter":[],"class_list":{"0":"post-103758","1":"product","2":"type-product","3":"status-publish","4":"has-post-thumbnail","6":"product_cat-appareils-a-herbes-seches","7":"product_cat-accessoires","8":"product_tag-arizer-fr","9":"pa_marques-arizer-fr","10":"pa_origin-ontario-fr","11":"desktop-align-left","12":"tablet-align-left","13":"mobile-align-left","15":"first","16":"outofstock","17":"taxable","18":"shipping-taxable","19":"purchasable","20":"product-type-simple"},"group_of_quantity":0,"min_quantity":0,"max_quantity":"","exclude_order_quantity_value_rules":"no","exclude_category_quantity_rules":"no","combine_variations":"no","acf":[],"_links":{"self":[{"href":"https:\/\/mendomedical.ca\/fr\/wp-json\/wp\/v2\/product\/103758","targetHints":{"allow":["GET"]}}],"collection":[{"href":"https:\/\/mendomedical.ca\/fr\/wp-json\/wp\/v2\/product"}],"about":[{"href":"https:\/\/mendomedical.ca\/fr\/wp-json\/wp\/v2\/types\/product"}],"replies":[{"embeddable":true,"href":"https:\/\/mendomedical.ca\/fr\/wp-json\/wp\/v2\/comments?post=103758"}],"wp:featuredmedia":[{"embeddable":true,"href":"https:\/\/mendomedical.ca\/fr\/wp-json\/wp\/v2\/media\/103769"}],"wp:attachment":[{"href":"https:\/\/mendomedical.ca\/fr\/wp-json\/wp\/v2\/media?parent=103758"}],"wp:term":[{"taxonomy":"product_brand","embeddable":true,"href":"https:\/\/mendomedical.ca\/fr\/wp-json\/wp\/v2\/product_brand?post=103758"},{"taxonomy":"product_cat","embeddable":true,"href":"https:\/\/mendomedical.ca\/fr\/wp-json\/wp\/v2\/product_cat?post=103758"},{"taxonomy":"product_tag","embeddable":true,"href":"https:\/\/mendomedical.ca\/fr\/wp-json\/wp\/v2\/product_tag?post=103758"},{"taxonomy":"product_format_filter","embeddable":true,"href":"https:\/\/mendomedical.ca\/fr\/wp-json\/wp\/v2\/product_format_filter?post=103758"}],"curies":[{"name":"wp","href":"https:\/\/api.w.org\/{rel}","templated":true}]}}