{"id":103722,"date":"2023-05-18T08:03:52","date_gmt":"2023-05-18T12:03:52","guid":{"rendered":"https:\/\/mendomedical.ca\/?post_type=product&#038;p=103722"},"modified":"2024-08-13T14:02:30","modified_gmt":"2024-08-13T18:02:30","slug":"peak-pro-black","status":"publish","type":"product","link":"https:\/\/mendomedical.ca\/fr\/produit\/peak-pro-black\/","title":{"rendered":"New Peak Pro Noir"},"content":{"rendered":"","protected":false},"excerpt":{"rendered":"<p><strong>La base classique Peak Pro a \u00e9t\u00e9 repens\u00e9e avec une texture ondul\u00e9e subtile et une finition mate \u00e9l\u00e9gante. La base translucide contient des lumi\u00e8res LED personnalisables, illuminant la plate-forme et silhouettant les nuages \u200b\u200bde vapeur \u00e0 venir. Des am\u00e9liorations ont \u00e9galement \u00e9t\u00e9 apport\u00e9es \u00e0 la fixation du barboteur en verre, avec une forme en spirale \u00e9l\u00e9gante sur le c\u00f4ne int\u00e9rieur et des fentes de percolateur d\u00e9coup\u00e9es au laser pour une meilleure filtration de l\u2019eau.<\/strong><\/p>\n<p><strong>Le New Peak Pro comprend la chambre 3D brevet\u00e9e de Puffco qui comporte des traceurs chauffants int\u00e9gr\u00e9s dans le bol en c\u00e9ramique, permettant aux concentr\u00e9s de se vaporiser plus uniform\u00e9ment. Cela pr\u00e9serve non seulement la qualit\u00e9 de l\u2019huile, mais intensifie \u00e9galement la complexit\u00e9 de la saveur pour l\u2019utilisateur et garantit une exp\u00e9rience fluide. Un nouveau capuchon de joystick favorise un chauffage uniforme de l\u2019huile avec un flux d\u2019air directionnel contr\u00f4l\u00e9 par l\u2019utilisateur d\u2019une simple pression du doigt, ce qui entra\u00eene des frappes douces et soyeuses \u00e0 chaque fois.<\/strong><\/p>\n<p>&nbsp;<\/p>\n<p><strong>*Veuillez noter : chaque pi\u00e8ce de verre est souffl\u00e9e \u00e0 la main et sa taille peut varier l\u00e9g\u00e8rement.<\/strong><\/p>\n<p><strong>Nouvelles fonctionnalit\u00e9s de Puffco Peak Pro :<\/strong><\/p>\n<ul>\n<li>Utilisation : Concentr\u00e9s<\/li>\n<li>Contr\u00f4le de la temp\u00e9rature en temps r\u00e9el<\/li>\n<li>Grande chambre en c\u00e9ramique<\/li>\n<li>Connectivit\u00e9 des applications Bluetooth<\/li>\n<li>Lumi\u00e8res LED personnalisables<\/li>\n<li>Chargement Qi sans fil (station d\u2019accueil non incluse)<\/li>\n<li>Connexion USB-C<\/li>\n<li>4 profils de chaleur pr\u00e9d\u00e9finis (plus disponibles dans l\u2019application)<\/li>\n<li>Dur\u00e9e de vie moyenne de la batterie avec 40 cycles de chaleur<\/li>\n<li>Temps de chauffe de 20 secondes<\/li>\n<li>Temps de charge rapide de 2 heures<\/li>\n<li>Fonction de veille automatique<\/li>\n<li>\u00c9tui de transport inclus<\/li>\n<\/ul>\n<p><strong>Qu\u2019y a-t-il dans la boite:<\/strong><\/p>\n<ul>\n<li>1x \u2013 Verre Peak Pro<\/li>\n<li>1x \u2013 Base Peak Pro<\/li>\n<li>1x \u2013 Chambre 3D<\/li>\n<li>1x \u2013 Bouchon Oculus Carb<\/li>\n<li>1x \u2013 Veste et attache<\/li>\n<li>1x \u2013 Outil de chargement<\/li>\n<li>5x \u2013 Outils doubles<\/li>\n<li>1x \u2013 C\u00e2ble USB-C<\/li>\n<li>1x \u2013 Adaptateur secteur<\/li>\n<li>1x \u2013 \u00c9tui de transport<\/li>\n<\/ul>\n","protected":false},"featured_media":103724,"comment_status":"closed","ping_status":"closed","template":"","meta":{"_acf_changed":false,"site-sidebar-layout":"default","site-content-layout":"","ast-site-content-layout":"default","site-content-style":"default","site-sidebar-style":"default","ast-global-header-display":"","ast-banner-title-visibility":"","ast-main-header-display":"","ast-hfb-above-header-display":"","ast-hfb-below-header-display":"","ast-hfb-mobile-header-display":"","site-post-title":"","ast-breadcrumbs-content":"","ast-featured-img":"","footer-sml-layout":"","ast-disable-related-posts":"","theme-transparent-header-meta":"default","adv-header-id-meta":"","stick-header-meta":"","header-above-stick-meta":"","header-main-stick-meta":"","header-below-stick-meta":"","astra-migrate-meta-layouts":"set","ast-page-background-enabled":"default","ast-page-background-meta":{"desktop":{"background-color":"var(--ast-global-color-4)","background-image":"","background-repeat":"repeat","background-position":"center center","background-size":"auto","background-attachment":"scroll","background-type":"","background-media":"","overlay-type":"","overlay-color":"","overlay-opacity":"","overlay-gradient":""},"tablet":{"background-color":"","background-image":"","background-repeat":"repeat","background-position":"center center","background-size":"auto","background-attachment":"scroll","background-type":"","background-media":"","overlay-type":"","overlay-color":"","overlay-opacity":"","overlay-gradient":""},"mobile":{"background-color":"","background-image":"","background-repeat":"repeat","background-position":"center center","background-size":"auto","background-attachment":"scroll","background-type":"","background-media":"","overlay-type":"","overlay-color":"","overlay-opacity":"","overlay-gradient":""}},"ast-content-background-meta":{"desktop":{"background-color":"var(--ast-global-color-5)","background-image":"","background-repeat":"repeat","background-position":"center center","background-size":"auto","background-attachment":"scroll","background-type":"","background-media":"","overlay-type":"","overlay-color":"","overlay-opacity":"","overlay-gradient":""},"tablet":{"background-color":"var(--ast-global-color-5)","background-image":"","background-repeat":"repeat","background-position":"center center","background-size":"auto","background-attachment":"scroll","background-type":"","background-media":"","overlay-type":"","overlay-color":"","overlay-opacity":"","overlay-gradient":""},"mobile":{"background-color":"var(--ast-global-color-5)","background-image":"","background-repeat":"repeat","background-position":"center center","background-size":"auto","background-attachment":"scroll","background-type":"","background-media":"","overlay-type":"","overlay-color":"","overlay-opacity":"","overlay-gradient":""}}},"product_brand":[],"product_cat":[1107,1104],"product_tag":[3705],"product_format_filter":[],"class_list":{"0":"post-103722","1":"product","2":"type-product","3":"status-publish","4":"has-post-thumbnail","6":"product_cat-appareils-a-concentre","7":"product_cat-accessoires","8":"product_tag-puffco-fr","9":"pa_origin-ontario-fr","10":"desktop-align-left","11":"tablet-align-left","12":"mobile-align-left","14":"first","15":"outofstock","16":"taxable","17":"shipping-taxable","18":"purchasable","19":"product-type-simple"},"group_of_quantity":0,"min_quantity":0,"max_quantity":"","exclude_order_quantity_value_rules":"no","exclude_category_quantity_rules":"no","combine_variations":"no","acf":[],"_links":{"self":[{"href":"https:\/\/mendomedical.ca\/fr\/wp-json\/wp\/v2\/product\/103722","targetHints":{"allow":["GET"]}}],"collection":[{"href":"https:\/\/mendomedical.ca\/fr\/wp-json\/wp\/v2\/product"}],"about":[{"href":"https:\/\/mendomedical.ca\/fr\/wp-json\/wp\/v2\/types\/product"}],"replies":[{"embeddable":true,"href":"https:\/\/mendomedical.ca\/fr\/wp-json\/wp\/v2\/comments?post=103722"}],"wp:featuredmedia":[{"embeddable":true,"href":"https:\/\/mendomedical.ca\/fr\/wp-json\/wp\/v2\/media\/103724"}],"wp:attachment":[{"href":"https:\/\/mendomedical.ca\/fr\/wp-json\/wp\/v2\/media?parent=103722"}],"wp:term":[{"taxonomy":"product_brand","embeddable":true,"href":"https:\/\/mendomedical.ca\/fr\/wp-json\/wp\/v2\/product_brand?post=103722"},{"taxonomy":"product_cat","embeddable":true,"href":"https:\/\/mendomedical.ca\/fr\/wp-json\/wp\/v2\/product_cat?post=103722"},{"taxonomy":"product_tag","embeddable":true,"href":"https:\/\/mendomedical.ca\/fr\/wp-json\/wp\/v2\/product_tag?post=103722"},{"taxonomy":"product_format_filter","embeddable":true,"href":"https:\/\/mendomedical.ca\/fr\/wp-json\/wp\/v2\/product_format_filter?post=103722"}],"curies":[{"name":"wp","href":"https:\/\/api.w.org\/{rel}","templated":true}]}}