{"id":103671,"date":"2024-08-01T02:50:05","date_gmt":"2024-08-01T06:50:05","guid":{"rendered":"https:\/\/mendomedical.ca\/?post_type=product&#038;p=103671"},"modified":"2025-10-14T10:22:26","modified_gmt":"2025-10-14T14:22:26","slug":"sativa-sun-cart","status":"publish","type":"product","link":"https:\/\/mendomedical.ca\/fr\/produit\/sativa-sun-cart\/","title":{"rendered":"Sativa Sun"},"content":{"rendered":"","protected":false},"excerpt":{"rendered":"<div class=\"ExternalClass4BA0B0D85B4E45BFBA96C77C2C50C1DE\">\n<h3>Sativa Sun 510 Thread Cart<\/h3>\n<p>D\u00e9couvrez l&rsquo;essence pure de la sativa premium avec la cartouche \u00e0 fil Sativa Sun 510 de Purefarma. Cette vape \u00e0 spectre complet offre des saveurs authentiques de cannabis gr\u00e2ce \u00e0 un processus d&rsquo;extraction exclusif qui pr\u00e9serve les notes naturelles de miel et d&rsquo;agrumes de la plante sans additifs artificiels ni huiles de support. <\/p>\n<h4>Caract\u00e9ristiques principales<\/h4>\n<ul>\n<li>Extraction compl\u00e8te de la plante \u00e0 partir de fleurs sativa s\u00e9lectionn\u00e9es \u00e0 la main<\/li>\n<li>Ar\u00f4me naturel de miel avec une touche subtile d&rsquo;agrumes - sans terp\u00e8nes ajout\u00e9s<\/li>\n<li>Compatible avec n&rsquo;importe quelle batterie \u00e0 filetage 510 (vendue s\u00e9par\u00e9ment)<\/li>\n<li>Le processus d&rsquo;extraction exclusif pr\u00e9serve les avantages sp\u00e9cifiques \u00e0 la souche<\/li>\n<li>Sans ar\u00f4mes artificiels ni huiles de support<\/li>\n<\/ul>\n<h4>Profil d&rsquo;ar\u00f4me<\/h4>\n<p>Sativa Sun offre une saveur de miel caract\u00e9ristique, compl\u00e9t\u00e9e par de subtiles notes d&rsquo;agrumes. Ce profil gustatif naturel provient directement de la plante de cannabis elle-m\u00eame, pr\u00e9serv\u00e9e par le processus d&rsquo;extraction minutieux de Purefarma qui maintient le profil terp\u00e9nique authentique sans n\u00e9cessiter d&rsquo;ar\u00f4mes ajout\u00e9s. <\/p>\n<h4>Pourquoi choisir les carts \u00e0 fils 510<\/h4>\n<p>Les cartouches \u00e0 filetage 510 offrent aux consommateurs de cannabis m\u00e9dical un dosage r\u00e9gulier et pratique dans un format discret. Le filetage standardis\u00e9 assure la compatibilit\u00e9 avec la plupart des batteries, tandis que la m\u00e9thode de vaporisation peut offrir un effet plus rapide que d&rsquo;autres m\u00e9thodes de consommation. <\/p>\n<h4>Exp\u00e9dition dans tout le Canada<\/h4>\n<p>Sativa Sun livre rapidement \u00e0 travers le Canada. Nous offrons une livraison gratuite pour toutes les commandes de plus de 150 $, ce qui vous assure de recevoir vos produits de cannabis m\u00e9dical rapidement et de fa\u00e7on pratique. <\/p>\n<h4>Avantages et couverture pour les anciens combattants<\/h4>\n<p>Sativa Sun est admissible \u00e0 la couverture d&rsquo;ACC (Anciens Combattants Canada) avec facturation directe par l&rsquo;entremise de la Croix Bleue, ce qui signifie que les anciens combattants approuv\u00e9s n&rsquo;ont pas \u00e0 d\u00e9bourser d&rsquo;argent. Si vous n&rsquo;avez pas encore de carte de cannabis m\u00e9dical, vous pouvez <a href=\"https:\/\/mendomedical.ca\/fr\/carte-medicale\/\">obtenir votre carte m\u00e9dicale gratuite rapidement et facilement<\/a>. <\/p>\n<\/div>\n","protected":false},"featured_media":227402,"comment_status":"closed","ping_status":"closed","template":"","meta":{"_acf_changed":false,"site-sidebar-layout":"default","site-content-layout":"","ast-site-content-layout":"default","site-content-style":"default","site-sidebar-style":"default","ast-global-header-display":"","ast-banner-title-visibility":"","ast-main-header-display":"","ast-hfb-above-header-display":"","ast-hfb-below-header-display":"","ast-hfb-mobile-header-display":"","site-post-title":"","ast-breadcrumbs-content":"","ast-featured-img":"","footer-sml-layout":"","ast-disable-related-posts":"","theme-transparent-header-meta":"default","adv-header-id-meta":"","stick-header-meta":"","header-above-stick-meta":"","header-main-stick-meta":"","header-below-stick-meta":"","astra-migrate-meta-layouts":"set","ast-page-background-enabled":"default","ast-page-background-meta":{"desktop":{"background-color":"var(--ast-global-color-4)","background-image":"","background-repeat":"repeat","background-position":"center center","background-size":"auto","background-attachment":"scroll","background-type":"","background-media":"","overlay-type":"","overlay-color":"","overlay-opacity":"","overlay-gradient":""},"tablet":{"background-color":"","background-image":"","background-repeat":"repeat","background-position":"center center","background-size":"auto","background-attachment":"scroll","background-type":"","background-media":"","overlay-type":"","overlay-color":"","overlay-opacity":"","overlay-gradient":""},"mobile":{"background-color":"","background-image":"","background-repeat":"repeat","background-position":"center center","background-size":"auto","background-attachment":"scroll","background-type":"","background-media":"","overlay-type":"","overlay-color":"","overlay-opacity":"","overlay-gradient":""}},"ast-content-background-meta":{"desktop":{"background-color":"var(--ast-global-color-5)","background-image":"","background-repeat":"repeat","background-position":"center center","background-size":"auto","background-attachment":"scroll","background-type":"","background-media":"","overlay-type":"","overlay-color":"","overlay-opacity":"","overlay-gradient":""},"tablet":{"background-color":"var(--ast-global-color-5)","background-image":"","background-repeat":"repeat","background-position":"center center","background-size":"auto","background-attachment":"scroll","background-type":"","background-media":"","overlay-type":"","overlay-color":"","overlay-opacity":"","overlay-gradient":""},"mobile":{"background-color":"var(--ast-global-color-5)","background-image":"","background-repeat":"repeat","background-position":"center center","background-size":"auto","background-attachment":"scroll","background-type":"","background-media":"","overlay-type":"","overlay-color":"","overlay-opacity":"","overlay-gradient":""}}},"product_brand":[],"product_cat":[1160,1530,1159],"product_tag":[],"product_format_filter":[6369],"class_list":{"0":"post-103671","1":"product","2":"type-product","3":"status-publish","4":"has-post-thumbnail","6":"product_cat-cart-fil-510","7":"product_cat-spectre-complet1","8":"product_cat-vapoteuses","9":"pa_flavours-agrume","10":"pa_flavours-honey-fr","11":"pa_format-1g-2-fr","12":"pa_intensity-thc-eleve","13":"pa_marques-purefarma-fr","14":"pa_origin-colombie-britannique-fr","15":"pa_thc-70-80-fr","16":"pa_type-de-plante-sativa-fr","17":"product_format_filter-1g","18":"desktop-align-left","19":"tablet-align-left","20":"mobile-align-left","22":"first","23":"outofstock","24":"taxable","25":"shipping-taxable","26":"purchasable","27":"product-type-simple"},"group_of_quantity":0,"min_quantity":0,"max_quantity":"","exclude_order_quantity_value_rules":"no","exclude_category_quantity_rules":"no","combine_variations":"no","acf":[],"_links":{"self":[{"href":"https:\/\/mendomedical.ca\/fr\/wp-json\/wp\/v2\/product\/103671","targetHints":{"allow":["GET"]}}],"collection":[{"href":"https:\/\/mendomedical.ca\/fr\/wp-json\/wp\/v2\/product"}],"about":[{"href":"https:\/\/mendomedical.ca\/fr\/wp-json\/wp\/v2\/types\/product"}],"replies":[{"embeddable":true,"href":"https:\/\/mendomedical.ca\/fr\/wp-json\/wp\/v2\/comments?post=103671"}],"wp:featuredmedia":[{"embeddable":true,"href":"https:\/\/mendomedical.ca\/fr\/wp-json\/wp\/v2\/media\/227402"}],"wp:attachment":[{"href":"https:\/\/mendomedical.ca\/fr\/wp-json\/wp\/v2\/media?parent=103671"}],"wp:term":[{"taxonomy":"product_brand","embeddable":true,"href":"https:\/\/mendomedical.ca\/fr\/wp-json\/wp\/v2\/product_brand?post=103671"},{"taxonomy":"product_cat","embeddable":true,"href":"https:\/\/mendomedical.ca\/fr\/wp-json\/wp\/v2\/product_cat?post=103671"},{"taxonomy":"product_tag","embeddable":true,"href":"https:\/\/mendomedical.ca\/fr\/wp-json\/wp\/v2\/product_tag?post=103671"},{"taxonomy":"product_format_filter","embeddable":true,"href":"https:\/\/mendomedical.ca\/fr\/wp-json\/wp\/v2\/product_format_filter?post=103671"}],"curies":[{"name":"wp","href":"https:\/\/api.w.org\/{rel}","templated":true}]}}