{"id":103622,"date":"2000-04-11T23:00:41","date_gmt":"2000-04-12T03:00:41","guid":{"rendered":"https:\/\/mendomedical.ca\/?post_type=product&#038;p=103622"},"modified":"2025-12-01T07:55:46","modified_gmt":"2025-12-01T12:55:46","slug":"cbd-31-berry-lemonade-distillate-cart","status":"publish","type":"product","link":"https:\/\/mendomedical.ca\/fr\/produit\/cbd-31-berry-lemonade-distillate-cart\/","title":{"rendered":"CBD 3:1 Berry Lemonade - Distillate Cart"},"content":{"rendered":"","protected":false},"excerpt":{"rendered":"<div class=\"ExternalClassCB1EB0A3F21945B3A6C53F3F06F1A082\">\n<h3>CBD 3:1 Berry Lemonade - Distillate Cart<\/h3>\n<p>D\u00e9couvrez la fusion rafra\u00eechissante de saveurs de baies inspir\u00e9es de la Colombie-Britannique avec des notes d&rsquo;agrumes piquantes dans la cartouche de distillat CBD 3:1 Berry Lemonade de Glacial Gold. Cette cartouche de vape soigneusement con\u00e7ue offre un ratio \u00e9quilibr\u00e9 de 3:1 de CBD, offrant une exp\u00e9rience douce et savoureuse gr\u00e2ce \u00e0 une technologie d&rsquo;extraction avanc\u00e9e. Con\u00e7ue pour \u00eatre compatible avec les batteries standard \u00e0 filetage 510, cette cartouche de distillat haut de gamme associe une construction de qualit\u00e9 \u00e0 des terp\u00e8nes botaniques d&rsquo;origine naturelle pour un profil gustatif authentique.  <\/p>\n<h4>Caract\u00e9ristiques principales<\/h4>\n<ul>\n<li>Rapport CBD\/THC de 3:1 pour des effets \u00e9quilibr\u00e9s<\/li>\n<li>La m\u00e9thode brevet\u00e9e d&rsquo;extraction d&rsquo;alcool r\u00e9frig\u00e9r\u00e9 en circuit ferm\u00e9 garantit la puret\u00e9.<\/li>\n<li>Composants en acier inoxydable de premi\u00e8re qualit\u00e9 avec atomiseur en c\u00e9ramique pour une production optimale de vapeur<\/li>\n<li>Compatible avec toutes les batteries standard \u00e0 filetage 510<\/li>\n<li>Terp\u00e8nes botaniques naturellement d\u00e9riv\u00e9s de compos\u00e9s pr\u00e9sents dans la nature<\/li>\n<\/ul>\n<h4>Profil d&rsquo;ar\u00f4me<\/h4>\n<p>Ce m\u00e9lange distinctif capture l&rsquo;essence des baies fra\u00eechement cueillies de Colombie Britannique combin\u00e9e \u00e0 des terp\u00e8nes d&rsquo;agrumes brillants que l&rsquo;on trouve naturellement dans le cannabis. Les notes de baies fournissent une base sucr\u00e9e et fruit\u00e9e, tandis que les \u00e9l\u00e9ments d&rsquo;agrumes ajoutent une touche finale rafra\u00eechissante et acidul\u00e9e qui compl\u00e8te la formulation ax\u00e9e sur le CBD. <\/p>\n<h4>Pourquoi choisir les carts \u00e0 fils 510<\/h4>\n<p>Les cartouches \u00e0 filetage 510 offrent aux utilisateurs m\u00e9dicaux un contr\u00f4le pr\u00e9cis du dosage et une portabilit\u00e9 pratique. Le filetage standardis\u00e9 garantit la compatibilit\u00e9 avec la plupart des batteries, tandis que le format de vaporisation offre un soulagement \u00e0 action rapide qui peut aider \u00e0 r\u00e9pondre \u00e0 divers besoins de bien-\u00eatre. <\/p>\n<h4>Exp\u00e9dition dans tout le Canada<\/h4>\n<p>CBD 3:1 Berry Lemonade - Distillate Cart est exp\u00e9di\u00e9 rapidement au Canada. Nous offrons une livraison gratuite pour les commandes de plus de 150 $, ce qui vous assure de recevoir vos produits rapidement et \u00e0 un prix abordable. <\/p>\n<h4>Avantages et couverture pour les anciens combattants<\/h4>\n<p>CBD 3:1 Berry Lemonade - Distillate Cart est admissible \u00e0 la couverture d&rsquo;ACC (Anciens Combattants Canada) avec facturation directe par la Croix Bleue, ce qui signifie que les anciens combattants admissibles n&rsquo;ont rien \u00e0 d\u00e9bourser. Si vous n&rsquo;avez pas encore votre carte m\u00e9dicale, vous pouvez l&rsquo;obtenir rapidement et facilement \u00e0 l&rsquo;<a href=\"https:\/\/mendomedical.ca\/fr\/carte-medicale\/\">adresse https:\/\/mendomedical.ca\/medical-card\/.<\/a> <\/p>\n<\/div>\n","protected":false},"featured_media":229035,"comment_status":"closed","ping_status":"closed","template":"","meta":{"_acf_changed":false,"site-sidebar-layout":"default","site-content-layout":"","ast-site-content-layout":"default","site-content-style":"default","site-sidebar-style":"default","ast-global-header-display":"","ast-banner-title-visibility":"","ast-main-header-display":"","ast-hfb-above-header-display":"","ast-hfb-below-header-display":"","ast-hfb-mobile-header-display":"","site-post-title":"","ast-breadcrumbs-content":"","ast-featured-img":"","footer-sml-layout":"","ast-disable-related-posts":"","theme-transparent-header-meta":"default","adv-header-id-meta":"","stick-header-meta":"","header-above-stick-meta":"","header-main-stick-meta":"","header-below-stick-meta":"","astra-migrate-meta-layouts":"set","ast-page-background-enabled":"default","ast-page-background-meta":{"desktop":{"background-color":"var(--ast-global-color-4)","background-image":"","background-repeat":"repeat","background-position":"center center","background-size":"auto","background-attachment":"scroll","background-type":"","background-media":"","overlay-type":"","overlay-color":"","overlay-opacity":"","overlay-gradient":""},"tablet":{"background-color":"","background-image":"","background-repeat":"repeat","background-position":"center center","background-size":"auto","background-attachment":"scroll","background-type":"","background-media":"","overlay-type":"","overlay-color":"","overlay-opacity":"","overlay-gradient":""},"mobile":{"background-color":"","background-image":"","background-repeat":"repeat","background-position":"center center","background-size":"auto","background-attachment":"scroll","background-type":"","background-media":"","overlay-type":"","overlay-color":"","overlay-opacity":"","overlay-gradient":""}},"ast-content-background-meta":{"desktop":{"background-color":"var(--ast-global-color-5)","background-image":"","background-repeat":"repeat","background-position":"center center","background-size":"auto","background-attachment":"scroll","background-type":"","background-media":"","overlay-type":"","overlay-color":"","overlay-opacity":"","overlay-gradient":""},"tablet":{"background-color":"var(--ast-global-color-5)","background-image":"","background-repeat":"repeat","background-position":"center center","background-size":"auto","background-attachment":"scroll","background-type":"","background-media":"","overlay-type":"","overlay-color":"","overlay-opacity":"","overlay-gradient":""},"mobile":{"background-color":"var(--ast-global-color-5)","background-image":"","background-repeat":"repeat","background-position":"center center","background-size":"auto","background-attachment":"scroll","background-type":"","background-media":"","overlay-type":"","overlay-color":"","overlay-opacity":"","overlay-gradient":""}}},"product_brand":[],"product_cat":[1160,1162,1159],"product_tag":[],"product_format_filter":[6369],"class_list":{"0":"post-103622","1":"product","2":"type-product","3":"status-publish","4":"has-post-thumbnail","6":"product_cat-cart-fil-510","7":"product_cat-distillat","8":"product_cat-vapoteuses","9":"pa_cbd-56-2-fr","10":"pa_flavours-agrume","11":"pa_flavours-baies","12":"pa_format-1g-2-fr","13":"pa_intensity-eleve-en-cbd","14":"pa_intensity-thc-moyen","15":"pa_marques-glacial-gold-fr","16":"pa_origin-colombie-britannique-fr","17":"pa_thc-20-fr","18":"pa_type-de-plante-cbd-fr","19":"pa_type-de-plante-thc-fr","20":"product_format_filter-1g","21":"desktop-align-left","22":"tablet-align-left","23":"mobile-align-left","25":"first","26":"outofstock","27":"taxable","28":"shipping-taxable","29":"purchasable","30":"product-type-simple"},"group_of_quantity":0,"min_quantity":0,"max_quantity":"","exclude_order_quantity_value_rules":"no","exclude_category_quantity_rules":"no","combine_variations":"no","acf":[],"_links":{"self":[{"href":"https:\/\/mendomedical.ca\/fr\/wp-json\/wp\/v2\/product\/103622","targetHints":{"allow":["GET"]}}],"collection":[{"href":"https:\/\/mendomedical.ca\/fr\/wp-json\/wp\/v2\/product"}],"about":[{"href":"https:\/\/mendomedical.ca\/fr\/wp-json\/wp\/v2\/types\/product"}],"replies":[{"embeddable":true,"href":"https:\/\/mendomedical.ca\/fr\/wp-json\/wp\/v2\/comments?post=103622"}],"wp:featuredmedia":[{"embeddable":true,"href":"https:\/\/mendomedical.ca\/fr\/wp-json\/wp\/v2\/media\/229035"}],"wp:attachment":[{"href":"https:\/\/mendomedical.ca\/fr\/wp-json\/wp\/v2\/media?parent=103622"}],"wp:term":[{"taxonomy":"product_brand","embeddable":true,"href":"https:\/\/mendomedical.ca\/fr\/wp-json\/wp\/v2\/product_brand?post=103622"},{"taxonomy":"product_cat","embeddable":true,"href":"https:\/\/mendomedical.ca\/fr\/wp-json\/wp\/v2\/product_cat?post=103622"},{"taxonomy":"product_tag","embeddable":true,"href":"https:\/\/mendomedical.ca\/fr\/wp-json\/wp\/v2\/product_tag?post=103622"},{"taxonomy":"product_format_filter","embeddable":true,"href":"https:\/\/mendomedical.ca\/fr\/wp-json\/wp\/v2\/product_format_filter?post=103622"}],"curies":[{"name":"wp","href":"https:\/\/api.w.org\/{rel}","templated":true}]}}