{"id":103568,"date":"2024-08-01T02:50:05","date_gmt":"2024-08-01T06:50:05","guid":{"rendered":"https:\/\/mendomedical.ca\/?post_type=product&#038;p=103568"},"modified":"2025-09-23T16:32:45","modified_gmt":"2025-09-23T20:32:45","slug":"cbdthc-41-honey-oil-vape-cartridge","status":"publish","type":"product","link":"https:\/\/mendomedical.ca\/fr\/produit\/cbdthc-41-honey-oil-vape-cartridge\/","title":{"rendered":"CBD:THC 4:1 Honey Oil Vape Cartridge"},"content":{"rendered":"","protected":false},"excerpt":{"rendered":"<p><strong>L&rsquo;huile CBD 4:1 de Pura Vida est soigneusement extraite de fleurs de CBD de la plus haute qualit\u00e9, r\u00e9colt\u00e9es \u00e0 la main. Notre processus d&rsquo;extraction exclusif nous permet de produire un produit \u00e0 vaper qui pr\u00e9serve le profil, les notes terreuses distinctives de la plante, ses ar\u00f4mes subtils et toutes ses propri\u00e9t\u00e9s b\u00e9n\u00e9fiques naturelles, sans ajout de terp\u00e8nes, d&rsquo;ar\u00f4mes ou d&rsquo;huile de support, ce qui donne un produit qui incarne pleinement les avantages sp\u00e9cifiques \u00e0 la souche, qui ne sont pas disponibles dans un produit distill\u00e9 formul\u00e9. Comprenez le processus, connaissez les ingr\u00e9dients&#8230; exigez le meilleur !  <\/strong><\/p>\n<p><strong>Les vapes Pura Vida offrent une exp\u00e9rience unique dans une cartouche \u00e0 filetage 510 qui s&rsquo;associe commod\u00e9ment \u00e0 n&rsquo;importe quelle batterie 510. (Vendue s\u00e9par\u00e9ment) <\/strong><\/p>\n","protected":false},"featured_media":103573,"comment_status":"closed","ping_status":"closed","template":"","meta":{"_acf_changed":false,"site-sidebar-layout":"default","site-content-layout":"","ast-site-content-layout":"default","site-content-style":"default","site-sidebar-style":"default","ast-global-header-display":"","ast-banner-title-visibility":"","ast-main-header-display":"","ast-hfb-above-header-display":"","ast-hfb-below-header-display":"","ast-hfb-mobile-header-display":"","site-post-title":"","ast-breadcrumbs-content":"","ast-featured-img":"","footer-sml-layout":"","ast-disable-related-posts":"","theme-transparent-header-meta":"default","adv-header-id-meta":"","stick-header-meta":"","header-above-stick-meta":"","header-main-stick-meta":"","header-below-stick-meta":"","astra-migrate-meta-layouts":"set","ast-page-background-enabled":"default","ast-page-background-meta":{"desktop":{"background-color":"var(--ast-global-color-4)","background-image":"","background-repeat":"repeat","background-position":"center center","background-size":"auto","background-attachment":"scroll","background-type":"","background-media":"","overlay-type":"","overlay-color":"","overlay-opacity":"","overlay-gradient":""},"tablet":{"background-color":"","background-image":"","background-repeat":"repeat","background-position":"center center","background-size":"auto","background-attachment":"scroll","background-type":"","background-media":"","overlay-type":"","overlay-color":"","overlay-opacity":"","overlay-gradient":""},"mobile":{"background-color":"","background-image":"","background-repeat":"repeat","background-position":"center center","background-size":"auto","background-attachment":"scroll","background-type":"","background-media":"","overlay-type":"","overlay-color":"","overlay-opacity":"","overlay-gradient":""}},"ast-content-background-meta":{"desktop":{"background-color":"var(--ast-global-color-5)","background-image":"","background-repeat":"repeat","background-position":"center center","background-size":"auto","background-attachment":"scroll","background-type":"","background-media":"","overlay-type":"","overlay-color":"","overlay-opacity":"","overlay-gradient":""},"tablet":{"background-color":"var(--ast-global-color-5)","background-image":"","background-repeat":"repeat","background-position":"center center","background-size":"auto","background-attachment":"scroll","background-type":"","background-media":"","overlay-type":"","overlay-color":"","overlay-opacity":"","overlay-gradient":""},"mobile":{"background-color":"var(--ast-global-color-5)","background-image":"","background-repeat":"repeat","background-position":"center center","background-size":"auto","background-attachment":"scroll","background-type":"","background-media":"","overlay-type":"","overlay-color":"","overlay-opacity":"","overlay-gradient":""}}},"product_brand":[],"product_cat":[2333,1160,1530,1159],"product_tag":[],"product_format_filter":[],"class_list":{"0":"post-103568","1":"product","2":"type-product","3":"status-publish","4":"has-post-thumbnail","6":"product_cat-cbd","7":"product_cat-cart-fil-510","8":"product_cat-spectre-complet1","9":"product_cat-vapoteuses","10":"pa_cbd-2071","11":"pa_flavours-terreux","12":"pa_format-0-5g-fr","13":"pa_intensity-eleve-en-cbd","14":"pa_intensity-thc-moyen","15":"pa_marques-pura-vida-fr","16":"pa_origin-colombie-britannique-fr","17":"pa_thc-2072","18":"pa_type-de-plante-cbd-fr","19":"pa_type-de-plante-thc-fr","20":"desktop-align-left","21":"tablet-align-left","22":"mobile-align-left","24":"first","25":"outofstock","26":"taxable","27":"shipping-taxable","28":"purchasable","29":"product-type-simple"},"group_of_quantity":0,"min_quantity":0,"max_quantity":"","exclude_order_quantity_value_rules":"no","exclude_category_quantity_rules":"no","combine_variations":"no","acf":[],"_links":{"self":[{"href":"https:\/\/mendomedical.ca\/fr\/wp-json\/wp\/v2\/product\/103568","targetHints":{"allow":["GET"]}}],"collection":[{"href":"https:\/\/mendomedical.ca\/fr\/wp-json\/wp\/v2\/product"}],"about":[{"href":"https:\/\/mendomedical.ca\/fr\/wp-json\/wp\/v2\/types\/product"}],"replies":[{"embeddable":true,"href":"https:\/\/mendomedical.ca\/fr\/wp-json\/wp\/v2\/comments?post=103568"}],"wp:featuredmedia":[{"embeddable":true,"href":"https:\/\/mendomedical.ca\/fr\/wp-json\/wp\/v2\/media\/103573"}],"wp:attachment":[{"href":"https:\/\/mendomedical.ca\/fr\/wp-json\/wp\/v2\/media?parent=103568"}],"wp:term":[{"taxonomy":"product_brand","embeddable":true,"href":"https:\/\/mendomedical.ca\/fr\/wp-json\/wp\/v2\/product_brand?post=103568"},{"taxonomy":"product_cat","embeddable":true,"href":"https:\/\/mendomedical.ca\/fr\/wp-json\/wp\/v2\/product_cat?post=103568"},{"taxonomy":"product_tag","embeddable":true,"href":"https:\/\/mendomedical.ca\/fr\/wp-json\/wp\/v2\/product_tag?post=103568"},{"taxonomy":"product_format_filter","embeddable":true,"href":"https:\/\/mendomedical.ca\/fr\/wp-json\/wp\/v2\/product_format_filter?post=103568"}],"curies":[{"name":"wp","href":"https:\/\/api.w.org\/{rel}","templated":true}]}}