{"id":103556,"date":"2024-08-01T02:55:05","date_gmt":"2024-08-01T06:55:05","guid":{"rendered":"https:\/\/mendomedical.ca\/?post_type=product&#038;p=103556"},"modified":"2025-12-29T11:47:56","modified_gmt":"2025-12-29T16:47:56","slug":"hybrid-honey-oil-cartridge","status":"publish","type":"product","link":"https:\/\/mendomedical.ca\/fr\/produit\/hybrid-honey-oil-cartridge\/","title":{"rendered":"Hybrid Honey Oil Cartridge"},"content":{"rendered":"","protected":false},"excerpt":{"rendered":"<p><strong>L&rsquo;huile de miel HYBRID de Pura Vida est soigneusement extraite de la fleur de Sativa de la plus haute qualit\u00e9, s\u00e9lectionn\u00e9e \u00e0 la main. Notre processus d&rsquo;extraction exclusif nous permet de produire un produit \u00e0 vaper \u00e0 partir de la plante enti\u00e8re, en pr\u00e9servant sa saveur distinctive, \u00e0 la fois douce et \u00e9pic\u00e9e, avec un subtil final d&rsquo;agrumes ; sans avoir besoin d&rsquo;ajouter des terp\u00e8nes, des ar\u00f4mes ou une huile de support, ce qui donne un produit qui incarne pleinement les avantages sp\u00e9cifiques de la souche, qui ne sont pas disponibles dans un distillat formul\u00e9. Comprenez le processus, connaissez les ingr\u00e9dients&#8230; exigez le meilleur !  <\/strong><\/p>\n<p>&nbsp;<\/p>\n<p><strong>Les vapes Pura Vida offrent une exp\u00e9rience unique dans une cartouche \u00e0 filetage 510 qui s&rsquo;associe commod\u00e9ment \u00e0 n&rsquo;importe quelle batterie 510.  <\/strong><\/p>\n","protected":false},"featured_media":103558,"comment_status":"closed","ping_status":"closed","template":"","meta":{"_acf_changed":false,"site-sidebar-layout":"default","site-content-layout":"","ast-site-content-layout":"default","site-content-style":"default","site-sidebar-style":"default","ast-global-header-display":"","ast-banner-title-visibility":"","ast-main-header-display":"","ast-hfb-above-header-display":"","ast-hfb-below-header-display":"","ast-hfb-mobile-header-display":"","site-post-title":"","ast-breadcrumbs-content":"","ast-featured-img":"","footer-sml-layout":"","ast-disable-related-posts":"","theme-transparent-header-meta":"default","adv-header-id-meta":"","stick-header-meta":"","header-above-stick-meta":"","header-main-stick-meta":"","header-below-stick-meta":"","astra-migrate-meta-layouts":"set","ast-page-background-enabled":"default","ast-page-background-meta":{"desktop":{"background-color":"var(--ast-global-color-4)","background-image":"","background-repeat":"repeat","background-position":"center center","background-size":"auto","background-attachment":"scroll","background-type":"","background-media":"","overlay-type":"","overlay-color":"","overlay-opacity":"","overlay-gradient":""},"tablet":{"background-color":"","background-image":"","background-repeat":"repeat","background-position":"center center","background-size":"auto","background-attachment":"scroll","background-type":"","background-media":"","overlay-type":"","overlay-color":"","overlay-opacity":"","overlay-gradient":""},"mobile":{"background-color":"","background-image":"","background-repeat":"repeat","background-position":"center center","background-size":"auto","background-attachment":"scroll","background-type":"","background-media":"","overlay-type":"","overlay-color":"","overlay-opacity":"","overlay-gradient":""}},"ast-content-background-meta":{"desktop":{"background-color":"var(--ast-global-color-5)","background-image":"","background-repeat":"repeat","background-position":"center center","background-size":"auto","background-attachment":"scroll","background-type":"","background-media":"","overlay-type":"","overlay-color":"","overlay-opacity":"","overlay-gradient":""},"tablet":{"background-color":"var(--ast-global-color-5)","background-image":"","background-repeat":"repeat","background-position":"center center","background-size":"auto","background-attachment":"scroll","background-type":"","background-media":"","overlay-type":"","overlay-color":"","overlay-opacity":"","overlay-gradient":""},"mobile":{"background-color":"var(--ast-global-color-5)","background-image":"","background-repeat":"repeat","background-position":"center center","background-size":"auto","background-attachment":"scroll","background-type":"","background-media":"","overlay-type":"","overlay-color":"","overlay-opacity":"","overlay-gradient":""}}},"product_brand":[],"product_cat":[1160,1530,1159],"product_tag":[],"product_format_filter":[],"class_list":{"0":"post-103556","1":"product","2":"type-product","3":"status-publish","4":"has-post-thumbnail","6":"product_cat-cart-fil-510","7":"product_cat-spectre-complet1","8":"product_cat-vapoteuses","9":"pa_flavours-agrume","10":"pa_flavours-spicy","11":"pa_flavours-doux","12":"pa_format-0-5g-fr","13":"pa_intensity-thc-eleve","14":"pa_marques-pura-vida-fr","15":"pa_origin-colombie-britannique-fr","16":"pa_thc-70-80-fr","17":"pa_type-de-plante-hybride-fr","18":"desktop-align-left","19":"tablet-align-left","20":"mobile-align-left","22":"first","23":"outofstock","24":"taxable","25":"shipping-taxable","26":"purchasable","27":"product-type-simple"},"group_of_quantity":0,"min_quantity":0,"max_quantity":"","exclude_order_quantity_value_rules":"no","exclude_category_quantity_rules":"no","combine_variations":"no","acf":[],"_links":{"self":[{"href":"https:\/\/mendomedical.ca\/fr\/wp-json\/wp\/v2\/product\/103556","targetHints":{"allow":["GET"]}}],"collection":[{"href":"https:\/\/mendomedical.ca\/fr\/wp-json\/wp\/v2\/product"}],"about":[{"href":"https:\/\/mendomedical.ca\/fr\/wp-json\/wp\/v2\/types\/product"}],"replies":[{"embeddable":true,"href":"https:\/\/mendomedical.ca\/fr\/wp-json\/wp\/v2\/comments?post=103556"}],"wp:featuredmedia":[{"embeddable":true,"href":"https:\/\/mendomedical.ca\/fr\/wp-json\/wp\/v2\/media\/103558"}],"wp:attachment":[{"href":"https:\/\/mendomedical.ca\/fr\/wp-json\/wp\/v2\/media?parent=103556"}],"wp:term":[{"taxonomy":"product_brand","embeddable":true,"href":"https:\/\/mendomedical.ca\/fr\/wp-json\/wp\/v2\/product_brand?post=103556"},{"taxonomy":"product_cat","embeddable":true,"href":"https:\/\/mendomedical.ca\/fr\/wp-json\/wp\/v2\/product_cat?post=103556"},{"taxonomy":"product_tag","embeddable":true,"href":"https:\/\/mendomedical.ca\/fr\/wp-json\/wp\/v2\/product_tag?post=103556"},{"taxonomy":"product_format_filter","embeddable":true,"href":"https:\/\/mendomedical.ca\/fr\/wp-json\/wp\/v2\/product_format_filter?post=103556"}],"curies":[{"name":"wp","href":"https:\/\/api.w.org\/{rel}","templated":true}]}}