{"id":103532,"date":"2024-08-01T02:55:05","date_gmt":"2024-08-01T06:55:05","guid":{"rendered":"https:\/\/mendomedical.ca\/?post_type=product&#038;p=103532"},"modified":"2026-01-07T17:48:25","modified_gmt":"2026-01-07T22:48:25","slug":"tropic-thunder-honey-oil-cartridge-copy","status":"publish","type":"product","link":"https:\/\/mendomedical.ca\/fr\/produit\/tropic-thunder-honey-oil-cartridge-copy\/","title":{"rendered":"Indica Moon"},"content":{"rendered":"","protected":false},"excerpt":{"rendered":"<div class=\"ExternalClass0D4610948B474D1799DC8B8AD6E5C5BB\">\n<h3>Indica Moon - Vape \u00e0 spectre complet par Purefarma<\/h3>\n<p>Faites l&rsquo;exp\u00e9rience de l&rsquo;essence authentique de la fleur Indica de qualit\u00e9 sup\u00e9rieure avec la vape \u00e0 spectre complet MOON de Purefarma. Ce produit \u00e0 vaper soigneusement con\u00e7u capture le profil complet de la plante gr\u00e2ce \u00e0 un processus d&rsquo;extraction exclusif, offrant des notes de p\u00eache et florales distinctives sans ajout de terp\u00e8nes, d&rsquo;ar\u00f4mes ou d&rsquo;huiles de support. Chaque cartouche \u00e0 filetage 510 ne contient que de l&rsquo;extrait pur et complet de fleurs Indica s\u00e9lectionn\u00e9es \u00e0 la main, offrant des avantages sp\u00e9cifiques \u00e0 la souche que les produits distill\u00e9s ne peuvent tout simplement pas \u00e9galer.  <\/p>\n<h4>Caract\u00e9ristiques principales<\/h4>\n<ul>\n<li>Extrait \u00e0 spectre complet de fleurs Indica de premi\u00e8re qualit\u00e9 s\u00e9lectionn\u00e9es \u00e0 la main<\/li>\n<li>Ar\u00f4me naturel de p\u00eache et de fleurs, sans additifs artificiels.<\/li>\n<li>Le processus d&rsquo;extraction exclusif pr\u00e9serve l&rsquo;int\u00e9gralit\u00e9 des compos\u00e9s de la plante<\/li>\n<li>Compatible avec n&rsquo;importe quelle batterie standard \u00e0 filetage 510 (vendue s\u00e9par\u00e9ment)<\/li>\n<li>Pas d&rsquo;huiles de support, de terp\u00e8nes ajout\u00e9s ou d&rsquo;ar\u00f4mes artificiels.<\/li>\n<\/ul>\n<h4>Profil d&rsquo;ar\u00f4me<\/h4>\n<p>Indica Moon offre une exp\u00e9rience gustative authentique avec des nuances florales naturelles compl\u00e9t\u00e9es par des notes subtiles de p\u00eache. Ces expressions gustatives distinctives proviennent directement de la fleur source, pr\u00e9serv\u00e9e par les m\u00e9thodes d&rsquo;extraction sp\u00e9cialis\u00e9es de Purefarma afin de maintenir le profil terp\u00e9nique original de la souche. <\/p>\n<h4>Pourquoi choisir Full Spectrum Vapes<\/h4>\n<p>Les vapes \u00e0 spectre complet offrent aux consommateurs de cannabis m\u00e9dical la gamme compl\u00e8te de cannabino\u00efdes et de terp\u00e8nes pr\u00e9sents dans la plante d&rsquo;origine, qui peuvent agir ensemble pour fournir des effets th\u00e9rapeutiques am\u00e9lior\u00e9s. Cette approche de la plante enti\u00e8re pr\u00e9serve la synergie naturelle des compos\u00e9s que de nombreux utilisateurs trouvent b\u00e9n\u00e9fiques pour leur bien-\u00eatre. <\/p>\n<h4>Exp\u00e9dition dans tout le Canada<\/h4>\n<p>Indica Moon livre rapidement \u00e0 travers le Canada avec une livraison gratuite pour les commandes de plus de 150 $. Nous garantissons un emballage discret et une livraison fiable aux patients de cannabis m\u00e9dical dans tout le pays. <\/p>\n<h4>Avantages et couverture pour les anciens combattants<\/h4>\n<p>Indica Moon est admissible \u00e0 la couverture d&rsquo;ACC (Anciens Combattants Canada) et \u00e0 la facturation directe par l&rsquo;entremise de la Croix Bleue, ce qui signifie que les anciens combattants admissibles n&rsquo;ont rien \u00e0 d\u00e9bourser. Si vous n&rsquo;avez pas encore de carte m\u00e9dicale, obtenez-la gratuitement, rapidement et facilement sur <a href=\"https:\/\/mendomedical.ca\/fr\/carte-medicale\/\">https:\/\/mendomedical.ca\/medical-card\/.<\/a> <\/p>\n<\/div>\n","protected":false},"featured_media":227383,"comment_status":"closed","ping_status":"closed","template":"","meta":{"_acf_changed":false,"site-sidebar-layout":"default","site-content-layout":"","ast-site-content-layout":"default","site-content-style":"default","site-sidebar-style":"default","ast-global-header-display":"","ast-banner-title-visibility":"","ast-main-header-display":"","ast-hfb-above-header-display":"","ast-hfb-below-header-display":"","ast-hfb-mobile-header-display":"","site-post-title":"","ast-breadcrumbs-content":"","ast-featured-img":"","footer-sml-layout":"","ast-disable-related-posts":"","theme-transparent-header-meta":"default","adv-header-id-meta":"","stick-header-meta":"","header-above-stick-meta":"","header-main-stick-meta":"","header-below-stick-meta":"","astra-migrate-meta-layouts":"set","ast-page-background-enabled":"default","ast-page-background-meta":{"desktop":{"background-color":"var(--ast-global-color-4)","background-image":"","background-repeat":"repeat","background-position":"center center","background-size":"auto","background-attachment":"scroll","background-type":"","background-media":"","overlay-type":"","overlay-color":"","overlay-opacity":"","overlay-gradient":""},"tablet":{"background-color":"","background-image":"","background-repeat":"repeat","background-position":"center center","background-size":"auto","background-attachment":"scroll","background-type":"","background-media":"","overlay-type":"","overlay-color":"","overlay-opacity":"","overlay-gradient":""},"mobile":{"background-color":"","background-image":"","background-repeat":"repeat","background-position":"center center","background-size":"auto","background-attachment":"scroll","background-type":"","background-media":"","overlay-type":"","overlay-color":"","overlay-opacity":"","overlay-gradient":""}},"ast-content-background-meta":{"desktop":{"background-color":"var(--ast-global-color-5)","background-image":"","background-repeat":"repeat","background-position":"center center","background-size":"auto","background-attachment":"scroll","background-type":"","background-media":"","overlay-type":"","overlay-color":"","overlay-opacity":"","overlay-gradient":""},"tablet":{"background-color":"var(--ast-global-color-5)","background-image":"","background-repeat":"repeat","background-position":"center center","background-size":"auto","background-attachment":"scroll","background-type":"","background-media":"","overlay-type":"","overlay-color":"","overlay-opacity":"","overlay-gradient":""},"mobile":{"background-color":"var(--ast-global-color-5)","background-image":"","background-repeat":"repeat","background-position":"center center","background-size":"auto","background-attachment":"scroll","background-type":"","background-media":"","overlay-type":"","overlay-color":"","overlay-opacity":"","overlay-gradient":""}}},"product_brand":[],"product_cat":[1530,1159],"product_tag":[],"product_format_filter":[6374],"class_list":{"0":"post-103532","1":"product","2":"type-product","3":"status-publish","4":"has-post-thumbnail","6":"product_cat-spectre-complet1","7":"product_cat-vapoteuses","8":"pa_flavours-floral-fr","9":"pa_flavours-peach-fr","10":"pa_format-0-5g-fr","11":"pa_intensity-thc-eleve","12":"pa_marques-purefarma-fr","13":"pa_origin-colombie-britannique-fr","14":"pa_thc-70-80-fr","15":"pa_type-de-plante-indica-fr","16":"product_format_filter-0-5g","17":"desktop-align-left","18":"tablet-align-left","19":"mobile-align-left","21":"first","22":"outofstock","23":"taxable","24":"shipping-taxable","25":"purchasable","26":"product-type-simple"},"group_of_quantity":0,"min_quantity":0,"max_quantity":"","exclude_order_quantity_value_rules":"no","exclude_category_quantity_rules":"no","combine_variations":"no","acf":[],"_links":{"self":[{"href":"https:\/\/mendomedical.ca\/fr\/wp-json\/wp\/v2\/product\/103532","targetHints":{"allow":["GET"]}}],"collection":[{"href":"https:\/\/mendomedical.ca\/fr\/wp-json\/wp\/v2\/product"}],"about":[{"href":"https:\/\/mendomedical.ca\/fr\/wp-json\/wp\/v2\/types\/product"}],"replies":[{"embeddable":true,"href":"https:\/\/mendomedical.ca\/fr\/wp-json\/wp\/v2\/comments?post=103532"}],"wp:featuredmedia":[{"embeddable":true,"href":"https:\/\/mendomedical.ca\/fr\/wp-json\/wp\/v2\/media\/227383"}],"wp:attachment":[{"href":"https:\/\/mendomedical.ca\/fr\/wp-json\/wp\/v2\/media?parent=103532"}],"wp:term":[{"taxonomy":"product_brand","embeddable":true,"href":"https:\/\/mendomedical.ca\/fr\/wp-json\/wp\/v2\/product_brand?post=103532"},{"taxonomy":"product_cat","embeddable":true,"href":"https:\/\/mendomedical.ca\/fr\/wp-json\/wp\/v2\/product_cat?post=103532"},{"taxonomy":"product_tag","embeddable":true,"href":"https:\/\/mendomedical.ca\/fr\/wp-json\/wp\/v2\/product_tag?post=103532"},{"taxonomy":"product_format_filter","embeddable":true,"href":"https:\/\/mendomedical.ca\/fr\/wp-json\/wp\/v2\/product_format_filter?post=103532"}],"curies":[{"name":"wp","href":"https:\/\/api.w.org\/{rel}","templated":true}]}}