{"id":103529,"date":"2023-05-18T08:07:25","date_gmt":"2023-05-18T12:07:25","guid":{"rendered":"https:\/\/mendomedical.ca\/?post_type=product&#038;p=103529"},"modified":"2025-04-11T20:45:46","modified_gmt":"2025-04-12T00:45:46","slug":"proxy-black","status":"publish","type":"product","link":"https:\/\/mendomedical.ca\/fr\/produit\/proxy-black\/","title":{"rendered":"Proxy Black(Noir)"},"content":{"rendered":"","protected":false},"excerpt":{"rendered":"<p><strong>Le Puffco Proxy est un vaporisateur portable et modulaire qui offre une grande flexibilit\u00e9 pour votre exp\u00e9rience de consommation de cannabis. La tradition du cannabis rencontre l&rsquo;innovation avec une pipe en verre \u00e9l\u00e9gante et ergonomique qui accueille la base amovible unique du Proxy, vous permettant de personnaliser votre exp\u00e9rience avec un \u00e9cosyst\u00e8me d&rsquo;accessoires Puffco compatibles et de verre d&rsquo;artiste tiers. Aliment\u00e9e par la technologie de chambre 3D de pointe de Puffco, int\u00e9gr\u00e9e \u00e0 des traceurs chauffants dans le bol en c\u00e9ramique, l&rsquo;huile se vaporise sur les parois lat\u00e9rales au lieu du fond uniquement lors de l&rsquo;inhalation pour pr\u00e9server la qualit\u00e9 de l&rsquo;huile. Le Proxy dispose de quatre r\u00e9glages pr\u00e9cis de temp\u00e9ratures chauff\u00e9es pour une exp\u00e9rience et une production de vapeur des plus savoureuses.<\/strong><\/p>\n<p>&nbsp;<\/p>\n<p><strong>Caract\u00e9ristiques du proxy Puffco :<\/strong><\/p>\n<p>Utilisation : Concentr\u00e9s<\/p>\n<p>4 r\u00e9glages de chaleur pr\u00e9programm\u00e9s<\/p>\n<p>Chambre 3D (scell\u00e9e)<\/p>\n<p>Bol en c\u00e9ramique<\/p>\n<p>Mode Turbo<\/p>\n<p>Connexion USB-C<\/p>\n<p>Temps de charge rapide de 1,5 heure<\/p>\n<p>Dur\u00e9e de vie moyenne de la batterie \u00e0 15 cycles de chaleur<\/p>\n<p>Temps de pr\u00e9chauffage de 30 secondes<\/p>\n<p>Fonction de veille automatique<\/p>\n<p>\u00c9tui de transport inclus<\/p>\n<p><strong>Dimensions:<\/strong><\/p>\n<p>Base : 42 L x 42 L x 64,75 mm H<\/p>\n<p>Verre : 42 L x 129,41 L x 57,48 mm H<\/p>\n<p><strong>Qu&rsquo;y a-t-il dans la boite :<\/strong><\/p>\n<p>1x - Tuyau en verre proxy<\/p>\n<p>1x - Socle<\/p>\n<p>1x - Chambre<\/p>\n<p>1x - Outil de chargement<\/p>\n<p>1x - Double outil<\/p>\n<p>1x - C\u00e2ble<\/p>\n<p>1x - \u00c9tui de transport<\/p>\n","protected":false},"featured_media":103592,"comment_status":"closed","ping_status":"closed","template":"","meta":{"_acf_changed":false,"site-sidebar-layout":"default","site-content-layout":"","ast-site-content-layout":"default","site-content-style":"default","site-sidebar-style":"default","ast-global-header-display":"","ast-banner-title-visibility":"","ast-main-header-display":"","ast-hfb-above-header-display":"","ast-hfb-below-header-display":"","ast-hfb-mobile-header-display":"","site-post-title":"","ast-breadcrumbs-content":"","ast-featured-img":"","footer-sml-layout":"","ast-disable-related-posts":"","theme-transparent-header-meta":"default","adv-header-id-meta":"","stick-header-meta":"","header-above-stick-meta":"","header-main-stick-meta":"","header-below-stick-meta":"","astra-migrate-meta-layouts":"set","ast-page-background-enabled":"default","ast-page-background-meta":{"desktop":{"background-color":"var(--ast-global-color-4)","background-image":"","background-repeat":"repeat","background-position":"center center","background-size":"auto","background-attachment":"scroll","background-type":"","background-media":"","overlay-type":"","overlay-color":"","overlay-opacity":"","overlay-gradient":""},"tablet":{"background-color":"","background-image":"","background-repeat":"repeat","background-position":"center center","background-size":"auto","background-attachment":"scroll","background-type":"","background-media":"","overlay-type":"","overlay-color":"","overlay-opacity":"","overlay-gradient":""},"mobile":{"background-color":"","background-image":"","background-repeat":"repeat","background-position":"center center","background-size":"auto","background-attachment":"scroll","background-type":"","background-media":"","overlay-type":"","overlay-color":"","overlay-opacity":"","overlay-gradient":""}},"ast-content-background-meta":{"desktop":{"background-color":"var(--ast-global-color-5)","background-image":"","background-repeat":"repeat","background-position":"center center","background-size":"auto","background-attachment":"scroll","background-type":"","background-media":"","overlay-type":"","overlay-color":"","overlay-opacity":"","overlay-gradient":""},"tablet":{"background-color":"var(--ast-global-color-5)","background-image":"","background-repeat":"repeat","background-position":"center center","background-size":"auto","background-attachment":"scroll","background-type":"","background-media":"","overlay-type":"","overlay-color":"","overlay-opacity":"","overlay-gradient":""},"mobile":{"background-color":"var(--ast-global-color-5)","background-image":"","background-repeat":"repeat","background-position":"center center","background-size":"auto","background-attachment":"scroll","background-type":"","background-media":"","overlay-type":"","overlay-color":"","overlay-opacity":"","overlay-gradient":""}}},"product_brand":[],"product_cat":[1107,1104],"product_tag":[3705],"product_format_filter":[],"class_list":{"0":"post-103529","1":"product","2":"type-product","3":"status-publish","4":"has-post-thumbnail","6":"product_cat-appareils-a-concentre","7":"product_cat-accessoires","8":"product_tag-puffco-fr","9":"desktop-align-left","10":"tablet-align-left","11":"mobile-align-left","13":"first","14":"outofstock","15":"taxable","16":"shipping-taxable","17":"purchasable","18":"product-type-simple"},"group_of_quantity":0,"min_quantity":0,"max_quantity":"","exclude_order_quantity_value_rules":"no","exclude_category_quantity_rules":"no","combine_variations":"no","acf":[],"_links":{"self":[{"href":"https:\/\/mendomedical.ca\/fr\/wp-json\/wp\/v2\/product\/103529","targetHints":{"allow":["GET"]}}],"collection":[{"href":"https:\/\/mendomedical.ca\/fr\/wp-json\/wp\/v2\/product"}],"about":[{"href":"https:\/\/mendomedical.ca\/fr\/wp-json\/wp\/v2\/types\/product"}],"replies":[{"embeddable":true,"href":"https:\/\/mendomedical.ca\/fr\/wp-json\/wp\/v2\/comments?post=103529"}],"wp:featuredmedia":[{"embeddable":true,"href":"https:\/\/mendomedical.ca\/fr\/wp-json\/wp\/v2\/media\/103592"}],"wp:attachment":[{"href":"https:\/\/mendomedical.ca\/fr\/wp-json\/wp\/v2\/media?parent=103529"}],"wp:term":[{"taxonomy":"product_brand","embeddable":true,"href":"https:\/\/mendomedical.ca\/fr\/wp-json\/wp\/v2\/product_brand?post=103529"},{"taxonomy":"product_cat","embeddable":true,"href":"https:\/\/mendomedical.ca\/fr\/wp-json\/wp\/v2\/product_cat?post=103529"},{"taxonomy":"product_tag","embeddable":true,"href":"https:\/\/mendomedical.ca\/fr\/wp-json\/wp\/v2\/product_tag?post=103529"},{"taxonomy":"product_format_filter","embeddable":true,"href":"https:\/\/mendomedical.ca\/fr\/wp-json\/wp\/v2\/product_format_filter?post=103529"}],"curies":[{"name":"wp","href":"https:\/\/api.w.org\/{rel}","templated":true}]}}