{"id":103447,"date":"2023-08-01T09:20:59","date_gmt":"2023-08-01T13:20:59","guid":{"rendered":"https:\/\/mendomedical.ca\/?post_type=product&#038;p=103447"},"modified":"2026-04-03T09:21:42","modified_gmt":"2026-04-03T13:21:42","slug":"cbd-only-honey-apple-infused-oil","status":"publish","type":"product","link":"https:\/\/mendomedical.ca\/fr\/produit\/cbd-only-honey-apple-infused-oil\/","title":{"rendered":"Serene\u2122 - CBD Only THC Free - Honey Apple Infused Oil (Huile infus\u00e9e au miel et \u00e0 la pomme)"},"content":{"rendered":"","protected":false},"excerpt":{"rendered":"<div class=\"ExternalClass6E5A58EFB85345B3A7901622EE8E8C35\">\n<h3>Serene\u2122 - CBD Only THC Free - Honey Apple Infused Oil (Huile infus\u00e9e au miel et \u00e0 la pomme)<\/h3>\n<p>Faites l&rsquo;exp\u00e9rience de la tranquillit\u00e9 avec l&rsquo;huile Serene\u2122 CBD de Kinloch Wellness, une formulation haut de gamme sans THC qui associe du CBD hautement puissant aux d\u00e9licieuses saveurs de miel et de pomme. Cette teinture d&rsquo;huile MCT soigneusement \u00e9labor\u00e9e est con\u00e7ue pour favoriser le calme et la relaxation, sans effets psychoactifs ni inqui\u00e9tudes concernant la fatigue. Parfaite pour se d\u00e9tendre apr\u00e8s une journ\u00e9e \u00e9prouvante, cette formule offre les bienfaits apaisants du CBD tout en masquant compl\u00e8tement tout arri\u00e8re-go\u00fbt de cannabis gr\u00e2ce \u00e0 son agr\u00e9able profil de miel et de pomme.  <\/p>\n<h4>Caract\u00e9ristiques principales<\/h4>\n<ul>\n<li>Formule d&rsquo;huile de CBD 100 % sans THC pour la tranquillit\u00e9 d&rsquo;esprit<\/li>\n<li>Infus\u00e9 avec des ar\u00f4mes naturels de miel et de pomme pour une consommation agr\u00e9able<\/li>\n<li>Base d&rsquo;huile MCT pour une meilleure absorption et biodisponibilit\u00e9<\/li>\n<li>Favorise les effets de relaxation de type Indica sans l&rsquo;effet d&rsquo;euphorie<\/li>\n<li>Pas d&rsquo;arri\u00e8re-go\u00fbt de cannabis - doux et agr\u00e9able au go\u00fbt<\/li>\n<\/ul>\n<h4>Profil d&rsquo;ar\u00f4me<\/h4>\n<p>Cette teinture pr\u00e9sente un m\u00e9lange harmonieux d&rsquo;ar\u00f4mes de pomme croquante et de miel doux, cr\u00e9ant une exp\u00e9rience gustative naturellement douce et rafra\u00eechissante. Les terp\u00e8nes naturels soigneusement s\u00e9lectionn\u00e9s agissent en synergie avec le CBD pour renforcer les effets calmants tout en offrant une saveur agr\u00e9able qui fait de l&rsquo;utilisation quotidienne un plaisir plut\u00f4t qu&rsquo;une corv\u00e9e. <\/p>\n<h4>Pourquoi choisir les huiles et teintures de CBD ?<\/h4>\n<p>Les huiles et les teintures de CBD offrent aux consommateurs de cannabis m\u00e9dical un contr\u00f4le pr\u00e9cis du dosage et une absorption rapide lorsqu&rsquo;elles sont prises par voie sublinguale. Les formulations sans THC comme Serene sont id\u00e9ales pour ceux qui recherchent les avantages th\u00e9rapeutiques potentiels du CBD sans effets psychoactifs, ce qui les rend adapt\u00e9es \u00e0 un usage diurne ou pour les personnes qui doivent \u00e9viter le THC. <\/p>\n<h4>Exp\u00e9dition dans tout le Canada<\/h4>\n<p>Serene\u2122 - CBD Only THC Free - Honey Apple Infused Oil est exp\u00e9di\u00e9 rapidement \u00e0 travers le Canada. Nous offrons la livraison gratuite pour toutes les commandes de plus de 150 $, ce qui vous assure de recevoir vos produits de bien-\u00eatre commod\u00e9ment \u00e0 votre porte. <\/p>\n<h4>Avantages et couverture pour les anciens combattants<\/h4>\n<p>Serene\u2122 - CBD Only THC Free - Honey Apple Infused Oil est admissible \u00e0 la couverture d&rsquo;ACC (Anciens Combattants Canada) et \u00e0 la facturation directe par l&rsquo;entremise de la Croix Bleue, sans aucun d\u00e9bours\u00e9. Si vous n&rsquo;avez pas encore votre ordonnance de cannabis m\u00e9dical, <a href=\"https:\/\/mendomedical.ca\/fr\/carte-medicale\/\">obtenez rapidement et facilement votre carte m\u00e9dicale gratuite<\/a> pour acc\u00e9der \u00e0 ces avantages. <\/p>\n<\/div>\n","protected":false},"featured_media":103449,"comment_status":"closed","ping_status":"closed","template":"","meta":{"_acf_changed":false,"site-sidebar-layout":"default","site-content-layout":"","ast-site-content-layout":"default","site-content-style":"default","site-sidebar-style":"default","ast-global-header-display":"","ast-banner-title-visibility":"","ast-main-header-display":"","ast-hfb-above-header-display":"","ast-hfb-below-header-display":"","ast-hfb-mobile-header-display":"","site-post-title":"","ast-breadcrumbs-content":"","ast-featured-img":"","footer-sml-layout":"","ast-disable-related-posts":"","theme-transparent-header-meta":"default","adv-header-id-meta":"","stick-header-meta":"","header-above-stick-meta":"","header-main-stick-meta":"","header-below-stick-meta":"","astra-migrate-meta-layouts":"set","ast-page-background-enabled":"default","ast-page-background-meta":{"desktop":{"background-color":"var(--ast-global-color-4)","background-image":"","background-repeat":"repeat","background-position":"center center","background-size":"auto","background-attachment":"scroll","background-type":"","background-media":"","overlay-type":"","overlay-color":"","overlay-opacity":"","overlay-gradient":""},"tablet":{"background-color":"","background-image":"","background-repeat":"repeat","background-position":"center center","background-size":"auto","background-attachment":"scroll","background-type":"","background-media":"","overlay-type":"","overlay-color":"","overlay-opacity":"","overlay-gradient":""},"mobile":{"background-color":"","background-image":"","background-repeat":"repeat","background-position":"center center","background-size":"auto","background-attachment":"scroll","background-type":"","background-media":"","overlay-type":"","overlay-color":"","overlay-opacity":"","overlay-gradient":""}},"ast-content-background-meta":{"desktop":{"background-color":"var(--ast-global-color-5)","background-image":"","background-repeat":"repeat","background-position":"center center","background-size":"auto","background-attachment":"scroll","background-type":"","background-media":"","overlay-type":"","overlay-color":"","overlay-opacity":"","overlay-gradient":""},"tablet":{"background-color":"var(--ast-global-color-5)","background-image":"","background-repeat":"repeat","background-position":"center center","background-size":"auto","background-attachment":"scroll","background-type":"","background-media":"","overlay-type":"","overlay-color":"","overlay-opacity":"","overlay-gradient":""},"mobile":{"background-color":"var(--ast-global-color-5)","background-image":"","background-repeat":"repeat","background-position":"center center","background-size":"auto","background-attachment":"scroll","background-type":"","background-media":"","overlay-type":"","overlay-color":"","overlay-opacity":"","overlay-gradient":""}}},"product_brand":[],"product_cat":[1691,1143],"product_tag":[3344],"product_format_filter":[],"class_list":{"0":"post-103447","1":"product","2":"type-product","3":"status-publish","4":"has-post-thumbnail","6":"product_cat-sans-thc","7":"product_cat-huiles-et-teintures","8":"product_tag-kinloch-wellness-fr","9":"pa_cbd-75mg-ml-fr","10":"pa_flavours-honey-fr","11":"pa_flavours-pomme","12":"pa_format-30ml-fr","13":"pa_intensity-cbd-moyen","14":"pa_marques-kinloch-wellness-fr","15":"pa_origin-alberta-fr","16":"desktop-align-left","17":"tablet-align-left","18":"mobile-align-left","20":"first","21":"instock","22":"taxable","23":"shipping-taxable","24":"purchasable","25":"product-type-simple"},"group_of_quantity":0,"min_quantity":0,"max_quantity":"","exclude_order_quantity_value_rules":"no","exclude_category_quantity_rules":"no","combine_variations":"no","acf":[],"_links":{"self":[{"href":"https:\/\/mendomedical.ca\/fr\/wp-json\/wp\/v2\/product\/103447","targetHints":{"allow":["GET"]}}],"collection":[{"href":"https:\/\/mendomedical.ca\/fr\/wp-json\/wp\/v2\/product"}],"about":[{"href":"https:\/\/mendomedical.ca\/fr\/wp-json\/wp\/v2\/types\/product"}],"replies":[{"embeddable":true,"href":"https:\/\/mendomedical.ca\/fr\/wp-json\/wp\/v2\/comments?post=103447"}],"wp:featuredmedia":[{"embeddable":true,"href":"https:\/\/mendomedical.ca\/fr\/wp-json\/wp\/v2\/media\/103449"}],"wp:attachment":[{"href":"https:\/\/mendomedical.ca\/fr\/wp-json\/wp\/v2\/media?parent=103447"}],"wp:term":[{"taxonomy":"product_brand","embeddable":true,"href":"https:\/\/mendomedical.ca\/fr\/wp-json\/wp\/v2\/product_brand?post=103447"},{"taxonomy":"product_cat","embeddable":true,"href":"https:\/\/mendomedical.ca\/fr\/wp-json\/wp\/v2\/product_cat?post=103447"},{"taxonomy":"product_tag","embeddable":true,"href":"https:\/\/mendomedical.ca\/fr\/wp-json\/wp\/v2\/product_tag?post=103447"},{"taxonomy":"product_format_filter","embeddable":true,"href":"https:\/\/mendomedical.ca\/fr\/wp-json\/wp\/v2\/product_format_filter?post=103447"}],"curies":[{"name":"wp","href":"https:\/\/api.w.org\/{rel}","templated":true}]}}